{"id":1592,"date":"2019-10-24T15:37:44","date_gmt":"2019-10-24T22:37:44","guid":{"rendered":"http:\/\/serr.disabilityrightsca.org\/?page_id=1592"},"modified":"2020-08-13T10:54:27","modified_gmt":"2020-08-13T17:54:27","slug":"1-9-tengo-derecho-a-revisar-o-a-obtener-copias-de-los-registros-escolares-de-mi-hijo","status":"publish","type":"page","link":"https:\/\/serr.disabilityrightsca.org\/sp\/serr-manual\/capitulo-1-informacion-sobre-derechos-fundamentales\/1-9-tengo-derecho-a-revisar-o-a-obtener-copias-de-los-registros-escolares-de-mi-hijo\/","title":{"rendered":"(1.9) \u00bfTengo derecho a revisar o a obtener copias de los registros escolares de mi hijo?"},"content":{"rendered":"\n<p>Los reglamentos federales exigen que los distritos escolares cumplan con la solicitud de los padres de inspeccionar y revisar los registros escolares sin demora innecesaria y en ning\u00fan caso despu\u00e9s los 45 d\u00edas a partir de la solicitud. [34 C.F.R. Sec. 300,613]. Sin embargo, <strong>la ley estatal les otorga a los padres el derecho de examinar y recibir las copias de todos los registros escolares dentro de un plazo de cinco d\u00edas h\u00e1biles a partir de la fecha de la solicitud, ya sea oral o escrita. <\/strong>El distrito escolar no puede cobrar m\u00e1s que el costo real de la reproducci\u00f3n de los registros. Si ese precio impide efectivamente que un padre obtenga las copias, estas deber\u00e1n ser entregadas sin costo alguno. [34 C.F.R. Sec. 300.617; Cal. Ed. Code Sec. 56504].<\/p>\n","protected":false},"excerpt":{"rendered":"<p>Los reglamentos federales exigen que los distritos escolares cumplan con la solicitud de los padres de inspeccionar y revisar los registros escolares sin demora innecesaria&hellip;<\/p>\n","protected":false},"author":1,"featured_media":0,"parent":321,"menu_order":9,"comment_status":"closed","ping_status":"closed","template":"","meta":{"footnotes":""},"class_list":["post-1592","page","type-page","status-publish","hentry"],"_links":{"self":[{"href":"https:\/\/serr.disabilityrightsca.org\/sp\/wp-json\/wp\/v2\/pages\/1592","targetHints":{"allow":["GET"]}}],"collection":[{"href":"https:\/\/serr.disabilityrightsca.org\/sp\/wp-json\/wp\/v2\/pages"}],"about":[{"href":"https:\/\/serr.disabilityrightsca.org\/sp\/wp-json\/wp\/v2\/types\/page"}],"author":[{"embeddable":true,"href":"https:\/\/serr.disabilityrightsca.org\/sp\/wp-json\/wp\/v2\/users\/1"}],"replies":[{"embeddable":true,"href":"https:\/\/serr.disabilityrightsca.org\/sp\/wp-json\/wp\/v2\/comments?post=1592"}],"version-history":[{"count":2,"href":"https:\/\/serr.disabilityrightsca.org\/sp\/wp-json\/wp\/v2\/pages\/1592\/revisions"}],"predecessor-version":[{"id":3544,"href":"https:\/\/serr.disabilityrightsca.org\/sp\/wp-json\/wp\/v2\/pages\/1592\/revisions\/3544"}],"up":[{"embeddable":true,"href":"https:\/\/serr.disabilityrightsca.org\/sp\/wp-json\/wp\/v2\/pages\/321"}],"wp:attachment":[{"href":"https:\/\/serr.disabilityrightsca.org\/sp\/wp-json\/wp\/v2\/media?parent=1592"}],"curies":[{"name":"wp","href":"https:\/\/api.w.org\/{rel}","templated":true}]}}