{"id":1594,"date":"2019-10-24T15:41:00","date_gmt":"2019-10-24T22:41:00","guid":{"rendered":"http:\/\/serr.disabilityrightsca.org\/?page_id=1594"},"modified":"2020-06-29T15:22:17","modified_gmt":"2020-06-29T22:22:17","slug":"1-10-si-no-estoy-de-acuerdo-con-la-evaluacion-del-distrito-escolar-le-podria-solicitar-a-este-que-pague-una-evaluacion-independiente","status":"publish","type":"page","link":"https:\/\/serr.disabilityrightsca.org\/sp\/serr-manual\/capitulo-1-informacion-sobre-derechos-fundamentales\/1-10-si-no-estoy-de-acuerdo-con-la-evaluacion-del-distrito-escolar-le-podria-solicitar-a-este-que-pague-una-evaluacion-independiente\/","title":{"rendered":"(1.10) Si no estoy de acuerdo con la evaluaci\u00f3n del distrito escolar, \u00bfle podr\u00eda solicitar a este que pague una evaluaci\u00f3n independiente?"},"content":{"rendered":"\n<p>S\u00ed. Si no est\u00e1 de acuerdo con la evaluaci\u00f3n del\ndistrito escolar, debe pedirle espec\u00edficamente a este (preferentemente por\nescrito, para documentar el plazo de la solicitud) que pague una evaluaci\u00f3n\neducativa independiente (independent educational evaluation, IEE). Es muy\nimportante que en la solicitud indique su <strong>disconformidad<\/strong> con una\nevaluaci\u00f3n en particular.<\/p>\n\n\n\n<p>Cuando el distrito escolar recibe su solicitud\npara una IEE, este tiene dos opciones: <strong>financiar la IEE o solicitar un\ndebido proceso. <\/strong>Si solicita una\nIEE, es posible que el distrito escolar le pregunte por qu\u00e9 no est\u00e1 de acuerdo\ncon su evaluaci\u00f3n.&nbsp; Sin embargo, no puede\nexigirle que d\u00e9 explicaciones.<\/p>\n\n\n\n<p>Conforme a los reglamentos federales, el\ndistrito debe responder a su solicitud de una IEE \u201csin retraso innecesario\u201d. El\ndistrito no puede \u201cdemorar injustificadamente\u201d la IEE o la solicitud de un\ndebido proceso. Si lo hace, no est\u00e1 cumpliendo con la ley. En ese caso, podr\u00eda\npresentar un reclamo de cumplimiento para pedirle al CDE que determine si el\ndistrito escolar deber\u00eda financiar una IEE en estas circunstancias. [34 C.F.R.\n300.502(b); Cal. Ed. Code Sec. 56329 (b) &amp; (c)].<\/p>\n","protected":false},"excerpt":{"rendered":"<p>S\u00ed. Si no est\u00e1 de acuerdo con la evaluaci\u00f3n del distrito escolar, debe pedirle espec\u00edficamente a este (preferentemente por escrito, para documentar el plazo de&hellip;<\/p>\n","protected":false},"author":1,"featured_media":0,"parent":321,"menu_order":10,"comment_status":"closed","ping_status":"closed","template":"","meta":{"footnotes":""},"class_list":["post-1594","page","type-page","status-publish","hentry"],"_links":{"self":[{"href":"https:\/\/serr.disabilityrightsca.org\/sp\/wp-json\/wp\/v2\/pages\/1594","targetHints":{"allow":["GET"]}}],"collection":[{"href":"https:\/\/serr.disabilityrightsca.org\/sp\/wp-json\/wp\/v2\/pages"}],"about":[{"href":"https:\/\/serr.disabilityrightsca.org\/sp\/wp-json\/wp\/v2\/types\/page"}],"author":[{"embeddable":true,"href":"https:\/\/serr.disabilityrightsca.org\/sp\/wp-json\/wp\/v2\/users\/1"}],"replies":[{"embeddable":true,"href":"https:\/\/serr.disabilityrightsca.org\/sp\/wp-json\/wp\/v2\/comments?post=1594"}],"version-history":[{"count":2,"href":"https:\/\/serr.disabilityrightsca.org\/sp\/wp-json\/wp\/v2\/pages\/1594\/revisions"}],"predecessor-version":[{"id":3545,"href":"https:\/\/serr.disabilityrightsca.org\/sp\/wp-json\/wp\/v2\/pages\/1594\/revisions\/3545"}],"up":[{"embeddable":true,"href":"https:\/\/serr.disabilityrightsca.org\/sp\/wp-json\/wp\/v2\/pages\/321"}],"wp:attachment":[{"href":"https:\/\/serr.disabilityrightsca.org\/sp\/wp-json\/wp\/v2\/media?parent=1594"}],"curies":[{"name":"wp","href":"https:\/\/api.w.org\/{rel}","templated":true}]}}