{"id":1612,"date":"2019-10-24T16:01:53","date_gmt":"2019-10-24T23:01:53","guid":{"rendered":"http:\/\/serr.disabilityrightsca.org\/?page_id=1612"},"modified":"2020-06-29T15:23:12","modified_gmt":"2020-06-29T22:23:12","slug":"1-11-puedo-brindarle-al-distrito-escolar-una-evaluacion-independiente-de-un-evaluador-calificado-que-no-sea-empleado-del-distrito-el-distrito-escolar-esta-obligado-a-considerar-la-evalu","status":"publish","type":"page","link":"https:\/\/serr.disabilityrightsca.org\/sp\/serr-manual\/capitulo-1-informacion-sobre-derechos-fundamentales\/1-11-puedo-brindarle-al-distrito-escolar-una-evaluacion-independiente-de-un-evaluador-calificado-que-no-sea-empleado-del-distrito-el-distrito-escolar-esta-obligado-a-considerar-la-evalu\/","title":{"rendered":"(1.11) \u00bfPuedo brindarle al distrito escolar una evaluaci\u00f3n independiente de un evaluador calificado que no sea empleado del distrito? \u00bfEl distrito escolar est\u00e1 obligado a considerar la evaluaci\u00f3n independiente?"},"content":{"rendered":"\n<p>S\u00ed. Siempre puede obtener una evaluaci\u00f3n educativa independiente, a su cargo, y el distrito escolar debe considerar los resultados de tal evaluaci\u00f3n en las decisiones sobre la provisi\u00f3n de una educaci\u00f3n p\u00fablica, adecuada y gratuita para su hijo. Tambi\u00e9n se pueden presentar los resultados como pruebas en una audiencia de debido proceso. [34 C.F.R. Sec. 300.502(c); Cal. Ed. Code Sec. 56329(c)].<\/p>\n","protected":false},"excerpt":{"rendered":"<p>S\u00ed. Siempre puede obtener una evaluaci\u00f3n educativa independiente, a su cargo, y el distrito escolar debe considerar los resultados de tal evaluaci\u00f3n en las decisiones&hellip;<\/p>\n","protected":false},"author":1,"featured_media":0,"parent":321,"menu_order":11,"comment_status":"closed","ping_status":"closed","template":"","meta":{"footnotes":""},"class_list":["post-1612","page","type-page","status-publish","hentry"],"_links":{"self":[{"href":"https:\/\/serr.disabilityrightsca.org\/sp\/wp-json\/wp\/v2\/pages\/1612","targetHints":{"allow":["GET"]}}],"collection":[{"href":"https:\/\/serr.disabilityrightsca.org\/sp\/wp-json\/wp\/v2\/pages"}],"about":[{"href":"https:\/\/serr.disabilityrightsca.org\/sp\/wp-json\/wp\/v2\/types\/page"}],"author":[{"embeddable":true,"href":"https:\/\/serr.disabilityrightsca.org\/sp\/wp-json\/wp\/v2\/users\/1"}],"replies":[{"embeddable":true,"href":"https:\/\/serr.disabilityrightsca.org\/sp\/wp-json\/wp\/v2\/comments?post=1612"}],"version-history":[{"count":2,"href":"https:\/\/serr.disabilityrightsca.org\/sp\/wp-json\/wp\/v2\/pages\/1612\/revisions"}],"predecessor-version":[{"id":3546,"href":"https:\/\/serr.disabilityrightsca.org\/sp\/wp-json\/wp\/v2\/pages\/1612\/revisions\/3546"}],"up":[{"embeddable":true,"href":"https:\/\/serr.disabilityrightsca.org\/sp\/wp-json\/wp\/v2\/pages\/321"}],"wp:attachment":[{"href":"https:\/\/serr.disabilityrightsca.org\/sp\/wp-json\/wp\/v2\/media?parent=1612"}],"curies":[{"name":"wp","href":"https:\/\/api.w.org\/{rel}","templated":true}]}}