{"id":1614,"date":"2019-10-24T16:02:25","date_gmt":"2019-10-24T23:02:25","guid":{"rendered":"http:\/\/serr.disabilityrightsca.org\/?page_id=1614"},"modified":"2020-06-29T15:24:27","modified_gmt":"2020-06-29T22:24:27","slug":"1-12-con-que-frecuencia-se-deben-llevar-a-cabo-las-evaluaciones-de-un-alumno-con-una-discapacidad","status":"publish","type":"page","link":"https:\/\/serr.disabilityrightsca.org\/sp\/serr-manual\/capitulo-1-informacion-sobre-derechos-fundamentales\/1-12-con-que-frecuencia-se-deben-llevar-a-cabo-las-evaluaciones-de-un-alumno-con-una-discapacidad\/","title":{"rendered":"(1.12) \u00bfCon qu\u00e9 frecuencia se deben llevar a cabo las evaluaciones de un alumno con una discapacidad?"},"content":{"rendered":"\n<p>Se debe realizar una evaluaci\u00f3n inicial antes de que se considere a un alumno para recibir servicios de educaci\u00f3n especial y servicios relacionados. Salvo que los padres y el distrito escolar lleguen a otro acuerdo, se debe volver a evaluar al alumno de educaci\u00f3n especial al menos cada tres a\u00f1os, pero no m\u00e1s de una vez al a\u00f1o.\u00a0 La nueva evaluaci\u00f3n debe realizarse cuando el distrito crea que se justifica y cuando los padres o los maestros del alumno lo soliciten. [20 U.S.C. Sec. 1414(a)(2); 34 C.F.R. Sec. 300.303].<\/p>\n","protected":false},"excerpt":{"rendered":"<p>Se debe realizar una evaluaci\u00f3n inicial antes de que se considere a un alumno para recibir servicios de educaci\u00f3n especial y servicios relacionados. Salvo que&hellip;<\/p>\n","protected":false},"author":1,"featured_media":0,"parent":321,"menu_order":12,"comment_status":"closed","ping_status":"closed","template":"","meta":{"footnotes":""},"class_list":["post-1614","page","type-page","status-publish","hentry"],"_links":{"self":[{"href":"https:\/\/serr.disabilityrightsca.org\/sp\/wp-json\/wp\/v2\/pages\/1614","targetHints":{"allow":["GET"]}}],"collection":[{"href":"https:\/\/serr.disabilityrightsca.org\/sp\/wp-json\/wp\/v2\/pages"}],"about":[{"href":"https:\/\/serr.disabilityrightsca.org\/sp\/wp-json\/wp\/v2\/types\/page"}],"author":[{"embeddable":true,"href":"https:\/\/serr.disabilityrightsca.org\/sp\/wp-json\/wp\/v2\/users\/1"}],"replies":[{"embeddable":true,"href":"https:\/\/serr.disabilityrightsca.org\/sp\/wp-json\/wp\/v2\/comments?post=1614"}],"version-history":[{"count":3,"href":"https:\/\/serr.disabilityrightsca.org\/sp\/wp-json\/wp\/v2\/pages\/1614\/revisions"}],"predecessor-version":[{"id":3547,"href":"https:\/\/serr.disabilityrightsca.org\/sp\/wp-json\/wp\/v2\/pages\/1614\/revisions\/3547"}],"up":[{"embeddable":true,"href":"https:\/\/serr.disabilityrightsca.org\/sp\/wp-json\/wp\/v2\/pages\/321"}],"wp:attachment":[{"href":"https:\/\/serr.disabilityrightsca.org\/sp\/wp-json\/wp\/v2\/media?parent=1614"}],"curies":[{"name":"wp","href":"https:\/\/api.w.org\/{rel}","templated":true}]}}