{"id":1616,"date":"2019-10-24T16:03:08","date_gmt":"2019-10-24T23:03:08","guid":{"rendered":"http:\/\/serr.disabilityrightsca.org\/?page_id=1616"},"modified":"2020-08-06T15:06:43","modified_gmt":"2020-08-06T22:06:43","slug":"1-13-como-es-el-proceso-de-evaluacion-conforme-al-articulo-504-es-igual-al-proceso-de-evaluacion-para-recibir-educacion-especial","status":"publish","type":"page","link":"https:\/\/serr.disabilityrightsca.org\/sp\/serr-manual\/capitulo-1-informacion-sobre-derechos-fundamentales\/1-13-como-es-el-proceso-de-evaluacion-conforme-al-articulo-504-es-igual-al-proceso-de-evaluacion-para-recibir-educacion-especial\/","title":{"rendered":"(1.13) \u00bfC\u00f3mo es el proceso de evaluaci\u00f3n conforme al art\u00edculo 504?  Es igual al proceso de evaluaci\u00f3n para recibir educaci\u00f3n especial?"},"content":{"rendered":"\n<p>En el art\u00edculo 504 de la Ley de Rehabilitaci\u00f3n (Rehabilitation Act) de 1973 no se describe ning\u00fan proceso de evaluaci\u00f3n espec\u00edfico. Sin embargo, los reglamentos de este art\u00edculo exigen que los distritos escolares \u201clleven a cabo una evaluaci\u00f3n de cualquier persona que, debido a , necesite o se crea que necesite servicios de educaci\u00f3n especial o servicios relacionados.\u201d El distrito escolar debe establecer las normas y los procedimientos de las evaluaciones conforme al art\u00edculo 504. [34 C.F.R. Sec. 104.35]. Consulte el cap\u00edtulo <a href=\"https:\/\/serr.disabilityrightsca.org\/sp\/serr-manual\/capitulo-16-informacion-sobre-el-articulo-504-y-discriminacion-por-discapacidad\/\">16, <em>Informaci\u00f3n sobre el art\u00edculo 504 y discriminaci\u00f3n por discapacidad.<\/em><\/a><\/p>\n","protected":false},"excerpt":{"rendered":"<p>En el art\u00edculo 504 de la Ley de Rehabilitaci\u00f3n (Rehabilitation Act) de 1973 no se describe ning\u00fan proceso de evaluaci\u00f3n espec\u00edfico. Sin embargo, los reglamentos&hellip;<\/p>\n","protected":false},"author":1,"featured_media":0,"parent":321,"menu_order":13,"comment_status":"closed","ping_status":"closed","template":"","meta":{"footnotes":""},"class_list":["post-1616","page","type-page","status-publish","hentry"],"_links":{"self":[{"href":"https:\/\/serr.disabilityrightsca.org\/sp\/wp-json\/wp\/v2\/pages\/1616","targetHints":{"allow":["GET"]}}],"collection":[{"href":"https:\/\/serr.disabilityrightsca.org\/sp\/wp-json\/wp\/v2\/pages"}],"about":[{"href":"https:\/\/serr.disabilityrightsca.org\/sp\/wp-json\/wp\/v2\/types\/page"}],"author":[{"embeddable":true,"href":"https:\/\/serr.disabilityrightsca.org\/sp\/wp-json\/wp\/v2\/users\/1"}],"replies":[{"embeddable":true,"href":"https:\/\/serr.disabilityrightsca.org\/sp\/wp-json\/wp\/v2\/comments?post=1616"}],"version-history":[{"count":4,"href":"https:\/\/serr.disabilityrightsca.org\/sp\/wp-json\/wp\/v2\/pages\/1616\/revisions"}],"predecessor-version":[{"id":4171,"href":"https:\/\/serr.disabilityrightsca.org\/sp\/wp-json\/wp\/v2\/pages\/1616\/revisions\/4171"}],"up":[{"embeddable":true,"href":"https:\/\/serr.disabilityrightsca.org\/sp\/wp-json\/wp\/v2\/pages\/321"}],"wp:attachment":[{"href":"https:\/\/serr.disabilityrightsca.org\/sp\/wp-json\/wp\/v2\/media?parent=1616"}],"curies":[{"name":"wp","href":"https:\/\/api.w.org\/{rel}","templated":true}]}}