{"id":1624,"date":"2019-10-24T16:05:11","date_gmt":"2019-10-24T23:05:11","guid":{"rendered":"http:\/\/serr.disabilityrightsca.org\/?page_id=1624"},"modified":"2020-08-06T15:09:50","modified_gmt":"2020-08-06T22:09:50","slug":"1-16-si-mi-hijo-no-cumple-con-los-criterios-de-elegibilidad-para-la-educacion-especial-existe-alguna-otra-manera-de-obtener-algunos-servicios-especiales-para-tratar-los-problemas-educativos","status":"publish","type":"page","link":"https:\/\/serr.disabilityrightsca.org\/sp\/serr-manual\/capitulo-1-informacion-sobre-derechos-fundamentales\/1-16-si-mi-hijo-no-cumple-con-los-criterios-de-elegibilidad-para-la-educacion-especial-existe-alguna-otra-manera-de-obtener-algunos-servicios-especiales-para-tratar-los-problemas-educativos\/","title":{"rendered":"(1.16) Si mi hijo no cumple con los criterios de elegibilidad para la educaci\u00f3n especial, \u00bfexiste alguna otra manera de obtener algunos servicios especiales para tratar los problemas educativos?"},"content":{"rendered":"\n<p>Un alumno con problemas de aprendizaje puede no reunir los requisitos para recibir servicios de educaci\u00f3n especial porque no encuadra dentro de una de las categor\u00edas de elegibilidad para la educaci\u00f3n especial o debido a que sus problemas de aprendizaje no son tan graves para calificar para la educaci\u00f3n especial. Sin embargo, un alumno en estos casos puede ser elegible para recibir servicios de educaci\u00f3n especial y modificaciones de los programas conforme a la ley federal antidiscriminaci\u00f3n, dise\u00f1ada para hacer adaptaciones razonables seg\u00fan su afecci\u00f3n para que sus necesidades sean satisfechas tan adecuadamente como las necesidades de los alumnos que no tienen discapacidades. La ley se conoce com\u00fanmente como el art\u00edculo 504 de la Ley de Rehabilitaci\u00f3n de 1973. [29 U.S.C. Sec. 794 (implementing regulations at 34 C.F.R. Secs. 104.1 and following)]. Consulte el cap\u00edtulo <a href=\"https:\/\/serr.disabilityrightsca.org\/sp\/serr-manual\/capitulo-16-informacion-sobre-el-articulo-504-y-discriminacion-por-discapacidad\/\">16, <em>Informaci\u00f3n sobre el art\u00edculo 504 y discriminaci\u00f3n por discapacidad.<\/em> <\/a><\/p>\n\n\n\n<p>La elegibilidad conforme al art\u00edculo 504 no se\nbasa en un an\u00e1lisis categ\u00f3rico de las discapacidades. En lugar de ello, las\nprotecciones del art\u00edculo 504 se encuentran disponibles para los alumnos que\npueden ser considerados como \u201ccon una discapacidad\u201d en el sentido funcional.\nEstos son alumnos que cumplen con alguno de los siguientes requisitos:<\/p>\n\n\n\n<p>(1) Tienen una deficiencia f\u00edsica o mental que\nrestringe notablemente una actividad imprescindible para desempe\u00f1arse en la\nvida (por ejemplo, el aprendizaje).<\/p>\n\n\n\n<p>(2) Tienen antecedentes de dicha deficiencia.<\/p>\n\n\n\n<p>(3) Se considera que presentan dicha deficiencia. [Consulte 34 C.F.R. Sec 104.3(j) para obtener una definici\u00f3n m\u00e1s detallada]. Para obtener m\u00e1s informaci\u00f3n sobre la <em>elegibilidad<\/em>, consulte los cap\u00edtulos <a href=\"https:\/\/serr.disabilityrightsca.org\/sp\/serr-manual\/capitulo-3-informacion-sobre-los-criterios-de-elegibilidad\/\">3<\/a> y <a href=\"https:\/\/serr.disabilityrightsca.org\/sp\/serr-manual\/capitulo-16-informacion-sobre-el-articulo-504-y-discriminacion-por-discapacidad\/\">16.<\/a><\/p>\n","protected":false},"excerpt":{"rendered":"<p>Un alumno con problemas de aprendizaje puede no reunir los requisitos para recibir servicios de educaci\u00f3n especial porque no encuadra dentro de una de las&hellip;<\/p>\n","protected":false},"author":1,"featured_media":0,"parent":321,"menu_order":16,"comment_status":"closed","ping_status":"closed","template":"","meta":{"footnotes":""},"class_list":["post-1624","page","type-page","status-publish","hentry"],"_links":{"self":[{"href":"https:\/\/serr.disabilityrightsca.org\/sp\/wp-json\/wp\/v2\/pages\/1624","targetHints":{"allow":["GET"]}}],"collection":[{"href":"https:\/\/serr.disabilityrightsca.org\/sp\/wp-json\/wp\/v2\/pages"}],"about":[{"href":"https:\/\/serr.disabilityrightsca.org\/sp\/wp-json\/wp\/v2\/types\/page"}],"author":[{"embeddable":true,"href":"https:\/\/serr.disabilityrightsca.org\/sp\/wp-json\/wp\/v2\/users\/1"}],"replies":[{"embeddable":true,"href":"https:\/\/serr.disabilityrightsca.org\/sp\/wp-json\/wp\/v2\/comments?post=1624"}],"version-history":[{"count":5,"href":"https:\/\/serr.disabilityrightsca.org\/sp\/wp-json\/wp\/v2\/pages\/1624\/revisions"}],"predecessor-version":[{"id":4174,"href":"https:\/\/serr.disabilityrightsca.org\/sp\/wp-json\/wp\/v2\/pages\/1624\/revisions\/4174"}],"up":[{"embeddable":true,"href":"https:\/\/serr.disabilityrightsca.org\/sp\/wp-json\/wp\/v2\/pages\/321"}],"wp:attachment":[{"href":"https:\/\/serr.disabilityrightsca.org\/sp\/wp-json\/wp\/v2\/media?parent=1624"}],"curies":[{"name":"wp","href":"https:\/\/api.w.org\/{rel}","templated":true}]}}