{"id":1631,"date":"2019-10-24T16:08:19","date_gmt":"2019-10-24T23:08:19","guid":{"rendered":"http:\/\/serr.disabilityrightsca.org\/?page_id=1631"},"modified":"2020-06-29T16:08:26","modified_gmt":"2020-06-29T23:08:26","slug":"1-19-de-que-manera-las-resoluciones-del-caso-endrew-f-afectan-el-modo-en-que-el-distrito-escolar-desarrolla-el-iep-de-mi-hijo","status":"publish","type":"page","link":"https:\/\/serr.disabilityrightsca.org\/sp\/serr-manual\/capitulo-1-informacion-sobre-derechos-fundamentales\/1-19-de-que-manera-las-resoluciones-del-caso-endrew-f-afectan-el-modo-en-que-el-distrito-escolar-desarrolla-el-iep-de-mi-hijo\/","title":{"rendered":"(1.19) \u00bfDe qu\u00e9 manera las resoluciones del caso Endrew F. afectan el modo en que el distrito escolar desarrolla el IEP de mi hijo?"},"content":{"rendered":"\n<p>Conforme al caso\n<em>Endrew F.<\/em>, el distrito escolar debe\nofrecer una FAPE que est\u00e9 dise\u00f1ada para que su hijo tenga la oportunidad de\nprogresar significativamente a nivel educativo, en funci\u00f3n de sus\ncircunstancias individuales. El distrito escolar debe proponer objetivos\nacad\u00e9micos o funcionales que sean exigentes, independientemente de la\ndiscapacidad del ni\u00f1o, e implementar servicios que le permitan alcanzarlos.<\/p>\n\n\n\n<p>Tambi\u00e9n debe\ntomar medidas afirmativas, las cuales debe documentar, a fin de garantizar que\nel IEP est\u00e9 dise\u00f1ado para permitirle al ni\u00f1o progresar significativamente\nmediante objetivos anuales. Los objetivos explicados en el IEP deben ser\nambiciosos y desafiantes para el ni\u00f1o, y deben proponerse solo despu\u00e9s de haber\nconsiderado cuidadosamente los niveles actuales de rendimiento, la discapacidad\ny el potencial de crecimiento del ni\u00f1o. [Consulte <em>Endrew F.<\/em> at 999].<\/p>\n\n\n\n<p>El IEP siempre\ndebe concentrarse en el ni\u00f1o en forma individual y en sus necesidades\nespec\u00edficas. El concepto de progreso adecuado y su descripci\u00f3n en un IEP puede\nser diferente para cada ni\u00f1o. Si los objetivos se repiten en los IEP\nconsecutivos o si no se observa un progreso significativo en cuanto a los\nobjetivos, el equipo del IEP debe dudar seriamente de si el IEP es\nfundamentalmente adecuado conforme al fallo en el caso <em>Endrew F<\/em>.<\/p>\n\n\n\n<p>Adem\u00e1s, cuando\nlos padres comunican sus inquietudes acerca de la falta de progreso de su hijo,\nel distrito escolar debe ser capaz de ofrecer una respuesta clara y l\u00f3gica para\nexplicar sus decisiones acerca del modo en que los objetivos explicados en el\nIEP podr\u00edan ayudar al ni\u00f1o a progresar adecuadamente en funci\u00f3n de sus circunstancias.\nSi el distrito no puede ofrecer una explicaci\u00f3n l\u00f3gica, el equipo del IEP debe\nvolver a examinar el IEP mediante nuevas evaluaciones y observaciones, y luego\nproponer nuevos objetivos y servicios que le brinden al ni\u00f1o la oportunidad de\nrecibir beneficios sustanciales y significativos. [<em>Endrew F.<\/em> at 999].<\/p>\n","protected":false},"excerpt":{"rendered":"<p>Conforme al caso Endrew F., el distrito escolar debe ofrecer una FAPE que est\u00e9 dise\u00f1ada para que su hijo tenga la oportunidad de progresar significativamente&hellip;<\/p>\n","protected":false},"author":1,"featured_media":0,"parent":321,"menu_order":19,"comment_status":"closed","ping_status":"closed","template":"","meta":{"footnotes":""},"class_list":["post-1631","page","type-page","status-publish","hentry"],"_links":{"self":[{"href":"https:\/\/serr.disabilityrightsca.org\/sp\/wp-json\/wp\/v2\/pages\/1631","targetHints":{"allow":["GET"]}}],"collection":[{"href":"https:\/\/serr.disabilityrightsca.org\/sp\/wp-json\/wp\/v2\/pages"}],"about":[{"href":"https:\/\/serr.disabilityrightsca.org\/sp\/wp-json\/wp\/v2\/types\/page"}],"author":[{"embeddable":true,"href":"https:\/\/serr.disabilityrightsca.org\/sp\/wp-json\/wp\/v2\/users\/1"}],"replies":[{"embeddable":true,"href":"https:\/\/serr.disabilityrightsca.org\/sp\/wp-json\/wp\/v2\/comments?post=1631"}],"version-history":[{"count":2,"href":"https:\/\/serr.disabilityrightsca.org\/sp\/wp-json\/wp\/v2\/pages\/1631\/revisions"}],"predecessor-version":[{"id":3554,"href":"https:\/\/serr.disabilityrightsca.org\/sp\/wp-json\/wp\/v2\/pages\/1631\/revisions\/3554"}],"up":[{"embeddable":true,"href":"https:\/\/serr.disabilityrightsca.org\/sp\/wp-json\/wp\/v2\/pages\/321"}],"wp:attachment":[{"href":"https:\/\/serr.disabilityrightsca.org\/sp\/wp-json\/wp\/v2\/media?parent=1631"}],"curies":[{"name":"wp","href":"https:\/\/api.w.org\/{rel}","templated":true}]}}