{"id":1636,"date":"2019-10-24T16:12:42","date_gmt":"2019-10-24T23:12:42","guid":{"rendered":"http:\/\/serr.disabilityrightsca.org\/?page_id=1636"},"modified":"2020-06-29T16:18:03","modified_gmt":"2020-06-29T23:18:03","slug":"1-21-que-es-un-programa-de-educacion-individualizada-iep-y-como-puedo-solicitar-uno-para-mi-hijo","status":"publish","type":"page","link":"https:\/\/serr.disabilityrightsca.org\/sp\/serr-manual\/capitulo-1-informacion-sobre-derechos-fundamentales\/1-21-que-es-un-programa-de-educacion-individualizada-iep-y-como-puedo-solicitar-uno-para-mi-hijo\/","title":{"rendered":"(1.21) \u00bfQu\u00e9 es un programa de educaci\u00f3n individualizada (IEP) y c\u00f3mo puedo solicitar uno para mi hijo?"},"content":{"rendered":"\n<p>Un IEP es una declaraci\u00f3n escrita que describe los niveles actuales de rendimiento del ni\u00f1o, los objetivos de aprendizaje, la colocaci\u00f3n escolar y los servicios. Para poder obtener un IEP, primero se debe evaluar al ni\u00f1o. A partir de la fecha en que el distrito recibe su consentimiento por escrito para la evaluaci\u00f3n, hay un plazo de 60 d\u00edas calendario para que esta se realice y se desarrolle el IEP en una reuni\u00f3n. Al contar los d\u00edas, no se tienen en cuenta los d\u00edas entre las sesiones escolares regulares ni las vacaciones que superen los cinco d\u00edas escolares. En caso de que se realice una derivaci\u00f3n inicial de un alumno a educaci\u00f3n especial dentro de los 30 d\u00edas anteriores a que finalice el a\u00f1o escolar regular, se debe llevar a cabo un IEP dentro de los 30 d\u00edas posteriores al comienzo del siguiente a\u00f1o escolar. [34 C.F.R. Sec. 300.320; Cal. Ed. Code Sec. 56344 (a)].<\/p>\n","protected":false},"excerpt":{"rendered":"<p>Un IEP es una declaraci\u00f3n escrita que describe los niveles actuales de rendimiento del ni\u00f1o, los objetivos de aprendizaje, la colocaci\u00f3n escolar y los servicios.&hellip;<\/p>\n","protected":false},"author":1,"featured_media":0,"parent":321,"menu_order":21,"comment_status":"closed","ping_status":"closed","template":"","meta":{"footnotes":""},"class_list":["post-1636","page","type-page","status-publish","hentry"],"_links":{"self":[{"href":"https:\/\/serr.disabilityrightsca.org\/sp\/wp-json\/wp\/v2\/pages\/1636","targetHints":{"allow":["GET"]}}],"collection":[{"href":"https:\/\/serr.disabilityrightsca.org\/sp\/wp-json\/wp\/v2\/pages"}],"about":[{"href":"https:\/\/serr.disabilityrightsca.org\/sp\/wp-json\/wp\/v2\/types\/page"}],"author":[{"embeddable":true,"href":"https:\/\/serr.disabilityrightsca.org\/sp\/wp-json\/wp\/v2\/users\/1"}],"replies":[{"embeddable":true,"href":"https:\/\/serr.disabilityrightsca.org\/sp\/wp-json\/wp\/v2\/comments?post=1636"}],"version-history":[{"count":2,"href":"https:\/\/serr.disabilityrightsca.org\/sp\/wp-json\/wp\/v2\/pages\/1636\/revisions"}],"predecessor-version":[{"id":3557,"href":"https:\/\/serr.disabilityrightsca.org\/sp\/wp-json\/wp\/v2\/pages\/1636\/revisions\/3557"}],"up":[{"embeddable":true,"href":"https:\/\/serr.disabilityrightsca.org\/sp\/wp-json\/wp\/v2\/pages\/321"}],"wp:attachment":[{"href":"https:\/\/serr.disabilityrightsca.org\/sp\/wp-json\/wp\/v2\/media?parent=1636"}],"curies":[{"name":"wp","href":"https:\/\/api.w.org\/{rel}","templated":true}]}}