{"id":1648,"date":"2019-11-07T16:10:24","date_gmt":"2019-11-08T00:10:24","guid":{"rendered":"http:\/\/serr.disabilityrightsca.org\/?page_id=1648"},"modified":"2020-06-29T16:28:08","modified_gmt":"2020-06-29T23:28:08","slug":"1-23-con-cuanta-frecuencia-se-organizan-reuniones-del-iep","status":"publish","type":"page","link":"https:\/\/serr.disabilityrightsca.org\/sp\/serr-manual\/capitulo-1-informacion-sobre-derechos-fundamentales\/1-23-con-cuanta-frecuencia-se-organizan-reuniones-del-iep\/","title":{"rendered":"(1.23) \u00bfCon cu\u00e1nta frecuencia se organizan reuniones del IEP?"},"content":{"rendered":"\n<p>Se debe llevar a cabo por lo menos una reuni\u00f3n del IEP al a\u00f1o. Adem\u00e1s, se debe realizar una reuni\u00f3n del IEP cuando un alumno recibi\u00f3 una evaluaci\u00f3n inicial, demuestra una falta de progreso contraria a lo anticipado, o bien cuando los padres o los maestros soliciten una reuni\u00f3n para desarrollar, revisar o analizar el programa de educaci\u00f3n individualizada de un alumno. Tambi\u00e9n se puede llevar a cabo una reuni\u00f3n del IEP cada vez que el alumno sea sometido a una nueva evaluaci\u00f3n formal. [Cal. Ed. Code Sec. 56343]. Debe solicitar una reuni\u00f3n del equipo del IEP despu\u00e9s de cada nueva evaluaci\u00f3n. Ni la ley federal ni la estatal restringen la cantidad de IEP que puede solicitar por a\u00f1o.<br><\/p>\n","protected":false},"excerpt":{"rendered":"<p>Se debe llevar a cabo por lo menos una reuni\u00f3n del IEP al a\u00f1o. Adem\u00e1s, se debe realizar una reuni\u00f3n del IEP cuando un alumno&hellip;<\/p>\n","protected":false},"author":1,"featured_media":0,"parent":321,"menu_order":23,"comment_status":"closed","ping_status":"closed","template":"","meta":{"footnotes":""},"class_list":["post-1648","page","type-page","status-publish","hentry"],"_links":{"self":[{"href":"https:\/\/serr.disabilityrightsca.org\/sp\/wp-json\/wp\/v2\/pages\/1648","targetHints":{"allow":["GET"]}}],"collection":[{"href":"https:\/\/serr.disabilityrightsca.org\/sp\/wp-json\/wp\/v2\/pages"}],"about":[{"href":"https:\/\/serr.disabilityrightsca.org\/sp\/wp-json\/wp\/v2\/types\/page"}],"author":[{"embeddable":true,"href":"https:\/\/serr.disabilityrightsca.org\/sp\/wp-json\/wp\/v2\/users\/1"}],"replies":[{"embeddable":true,"href":"https:\/\/serr.disabilityrightsca.org\/sp\/wp-json\/wp\/v2\/comments?post=1648"}],"version-history":[{"count":3,"href":"https:\/\/serr.disabilityrightsca.org\/sp\/wp-json\/wp\/v2\/pages\/1648\/revisions"}],"predecessor-version":[{"id":3559,"href":"https:\/\/serr.disabilityrightsca.org\/sp\/wp-json\/wp\/v2\/pages\/1648\/revisions\/3559"}],"up":[{"embeddable":true,"href":"https:\/\/serr.disabilityrightsca.org\/sp\/wp-json\/wp\/v2\/pages\/321"}],"wp:attachment":[{"href":"https:\/\/serr.disabilityrightsca.org\/sp\/wp-json\/wp\/v2\/media?parent=1648"}],"curies":[{"name":"wp","href":"https:\/\/api.w.org\/{rel}","templated":true}]}}