{"id":1650,"date":"2019-11-07T16:12:27","date_gmt":"2019-11-08T00:12:27","guid":{"rendered":"http:\/\/serr.disabilityrightsca.org\/?page_id=1650"},"modified":"2020-06-29T16:29:28","modified_gmt":"2020-06-29T23:29:28","slug":"1-24-quien-debe-asistir-a-la-reunion-del-equipo-del-iep-y-que-se-supone-que-los-miembros-deben-contribuir-a-la-reunion","status":"publish","type":"page","link":"https:\/\/serr.disabilityrightsca.org\/sp\/serr-manual\/capitulo-1-informacion-sobre-derechos-fundamentales\/1-24-quien-debe-asistir-a-la-reunion-del-equipo-del-iep-y-que-se-supone-que-los-miembros-deben-contribuir-a-la-reunion\/","title":{"rendered":"(1.24) \u00bfQui\u00e9n debe asistir a la reuni\u00f3n del equipo del IEP y qu\u00e9 se supone que los miembros deben contribuir a la reuni\u00f3n?"},"content":{"rendered":"\n<p>El equipo debe estar conformado por las siguientes personas:<\/p>\n\n\n\n<p>(1) Uno de los padres del\nni\u00f1o o ambos, un representante elegido por los padres, o ambos.<\/p>\n\n\n\n<p>(2) Al menos un maestro de educaci\u00f3n general si\nel ni\u00f1o asiste, o puede asistir, a un entorno de educaci\u00f3n general. En caso de\nque el ni\u00f1o tenga m\u00e1s de un maestro de educaci\u00f3n general, la escuela puede\nseleccionar cu\u00e1l de ellos asistir\u00e1.<\/p>\n\n\n\n<p>(3) Al menos un maestro de educaci\u00f3n especial o proveedor de\nservicios.<\/p>\n\n\n\n<p>(4) Un representante del distrito escolar que\nest\u00e9 calificado para brindar o supervisar la administraci\u00f3n de instrucci\u00f3n\nespecializada, est\u00e9 informado acerca del programa de estudios general y conozca\ncu\u00e1les son los recursos del distrito. Cualquier otro miembro del distrito que\nya forme parte del equipo del IEP puede desempe\u00f1ar esta funci\u00f3n.<\/p>\n\n\n\n<p>(5) La persona que realice las evaluaciones del\nalumno, o quien tenga conocimiento sobre los procedimientos empleados y los\nresultados, y que est\u00e9 calificada para interpretar las implicancias educativas\nen relaci\u00f3n con los resultados. Otro miembro del equipo del IEP puede\ndesempe\u00f1ar esta funci\u00f3n.<\/p>\n\n\n\n<p>(6) Otras personas con experiencia o conocimientos espec\u00edficos\nacerca del alumno, previa solicitud del distrito o de los padres. Si la persona\nadicional invitada tiene suficientes conocimientos o experiencia es algo que\ndecide la parte que la invit\u00f3 a la reuni\u00f3n.<\/p>\n\n\n\n<p>(7) El alumno, cuando fuera conveniente. <\/p>\n\n\n\n<p>[Cal. Ed. Code Sec. 56341].<\/p>\n","protected":false},"excerpt":{"rendered":"<p>El equipo debe estar conformado por las siguientes personas: (1) Uno de los padres del ni\u00f1o o ambos, un representante elegido por los padres, o&hellip;<\/p>\n","protected":false},"author":1,"featured_media":0,"parent":321,"menu_order":24,"comment_status":"closed","ping_status":"closed","template":"","meta":{"footnotes":""},"class_list":["post-1650","page","type-page","status-publish","hentry"],"_links":{"self":[{"href":"https:\/\/serr.disabilityrightsca.org\/sp\/wp-json\/wp\/v2\/pages\/1650","targetHints":{"allow":["GET"]}}],"collection":[{"href":"https:\/\/serr.disabilityrightsca.org\/sp\/wp-json\/wp\/v2\/pages"}],"about":[{"href":"https:\/\/serr.disabilityrightsca.org\/sp\/wp-json\/wp\/v2\/types\/page"}],"author":[{"embeddable":true,"href":"https:\/\/serr.disabilityrightsca.org\/sp\/wp-json\/wp\/v2\/users\/1"}],"replies":[{"embeddable":true,"href":"https:\/\/serr.disabilityrightsca.org\/sp\/wp-json\/wp\/v2\/comments?post=1650"}],"version-history":[{"count":3,"href":"https:\/\/serr.disabilityrightsca.org\/sp\/wp-json\/wp\/v2\/pages\/1650\/revisions"}],"predecessor-version":[{"id":3560,"href":"https:\/\/serr.disabilityrightsca.org\/sp\/wp-json\/wp\/v2\/pages\/1650\/revisions\/3560"}],"up":[{"embeddable":true,"href":"https:\/\/serr.disabilityrightsca.org\/sp\/wp-json\/wp\/v2\/pages\/321"}],"wp:attachment":[{"href":"https:\/\/serr.disabilityrightsca.org\/sp\/wp-json\/wp\/v2\/media?parent=1650"}],"curies":[{"name":"wp","href":"https:\/\/api.w.org\/{rel}","templated":true}]}}