{"id":1656,"date":"2019-11-07T16:15:07","date_gmt":"2019-11-08T00:15:07","guid":{"rendered":"http:\/\/serr.disabilityrightsca.org\/?page_id=1656"},"modified":"2020-06-29T16:33:55","modified_gmt":"2020-06-29T23:33:55","slug":"1-26-si-necesito-un-interprete-en-la-reunion-del-iep-se-me-debe-proporcionar-uno","status":"publish","type":"page","link":"https:\/\/serr.disabilityrightsca.org\/sp\/serr-manual\/capitulo-1-informacion-sobre-derechos-fundamentales\/1-26-si-necesito-un-interprete-en-la-reunion-del-iep-se-me-debe-proporcionar-uno\/","title":{"rendered":"(1.26) Si necesito un int\u00e9rprete en la reuni\u00f3n del IEP, \u00bfse me debe proporcionar uno?"},"content":{"rendered":"\n<p>S\u00ed. Si necesita un int\u00e9rprete en su lengua materna o un int\u00e9rprete de la lengua de se\u00f1as estadounidense (ASL) para que participe en la reuni\u00f3n del IEP, este debe estar a su disposici\u00f3n sin costo alguno.\u00a0 [34 C.F.R. Sec. 300.322(e); Cal. Ed. Code Sec. 56341.5(i)]. Tiene derecho a recibir una copia gratuita del IEP en su lengua materna. [5 C.C.R. Sec. 3040(a)]. Sin embargo, ni las leyes federales ni las estatales incluyen un plazo que determine cu\u00e1ndo el distrito escolar debe brindarle un IEP traducido. Si el distrito escolar no le brinda un IEP traducido o si demora un tiempo poco razonable en hacerlo, puede presentar un reclamo ante el CDE y alegar que se le ha negado una FAPE a su hijo porque no le han brindado un IEP traducido para que lo firme. Tambi\u00e9n podr\u00eda plantearle el problema al equipo del IEP. Solicite que el equipo establezca una fecha espec\u00edfica para entregarle el IEP traducido.<\/p>\n","protected":false},"excerpt":{"rendered":"<p>S\u00ed. Si necesita un int\u00e9rprete en su lengua materna o un int\u00e9rprete de la lengua de se\u00f1as estadounidense (ASL) para que participe en la reuni\u00f3n&hellip;<\/p>\n","protected":false},"author":1,"featured_media":0,"parent":321,"menu_order":26,"comment_status":"closed","ping_status":"closed","template":"","meta":{"footnotes":""},"class_list":["post-1656","page","type-page","status-publish","hentry"],"_links":{"self":[{"href":"https:\/\/serr.disabilityrightsca.org\/sp\/wp-json\/wp\/v2\/pages\/1656","targetHints":{"allow":["GET"]}}],"collection":[{"href":"https:\/\/serr.disabilityrightsca.org\/sp\/wp-json\/wp\/v2\/pages"}],"about":[{"href":"https:\/\/serr.disabilityrightsca.org\/sp\/wp-json\/wp\/v2\/types\/page"}],"author":[{"embeddable":true,"href":"https:\/\/serr.disabilityrightsca.org\/sp\/wp-json\/wp\/v2\/users\/1"}],"replies":[{"embeddable":true,"href":"https:\/\/serr.disabilityrightsca.org\/sp\/wp-json\/wp\/v2\/comments?post=1656"}],"version-history":[{"count":2,"href":"https:\/\/serr.disabilityrightsca.org\/sp\/wp-json\/wp\/v2\/pages\/1656\/revisions"}],"predecessor-version":[{"id":3562,"href":"https:\/\/serr.disabilityrightsca.org\/sp\/wp-json\/wp\/v2\/pages\/1656\/revisions\/3562"}],"up":[{"embeddable":true,"href":"https:\/\/serr.disabilityrightsca.org\/sp\/wp-json\/wp\/v2\/pages\/321"}],"wp:attachment":[{"href":"https:\/\/serr.disabilityrightsca.org\/sp\/wp-json\/wp\/v2\/media?parent=1656"}],"curies":[{"name":"wp","href":"https:\/\/api.w.org\/{rel}","templated":true}]}}