{"id":1658,"date":"2019-11-07T16:25:40","date_gmt":"2019-11-08T00:25:40","guid":{"rendered":"http:\/\/serr.disabilityrightsca.org\/?page_id=1658"},"modified":"2020-06-29T16:35:04","modified_gmt":"2020-06-29T23:35:04","slug":"1-27-que-es-una-notificacion-previa-por-escrito","status":"publish","type":"page","link":"https:\/\/serr.disabilityrightsca.org\/sp\/serr-manual\/capitulo-1-informacion-sobre-derechos-fundamentales\/1-27-que-es-una-notificacion-previa-por-escrito\/","title":{"rendered":"(1.27)  \u00bfQu\u00e9 es una notificaci\u00f3n previa por escrito?"},"content":{"rendered":"\n<p>El distrito tiene la obligaci\u00f3n de enviarle una notificaci\u00f3n previa por escrito \u201ccon una anticipaci\u00f3n razonable\u201d antes de proponer determinar o modificar \u2014o rehusarse a hacerlo\u2014 la identificaci\u00f3n, evaluaci\u00f3n, colocaci\u00f3n o provisi\u00f3n de una educaci\u00f3n p\u00fablica, adecuada y gratuita (FAPE). La expresi\u00f3n \u201canticipaci\u00f3n razonable\u201d no se encuentra definida por la ley. La notificaci\u00f3n debe incluir el servicio o la colocaci\u00f3n propuestos o rechazados por el distrito, las razones de la propuesta o el rechazo y una descripci\u00f3n de cada procedimiento de evaluaci\u00f3n, valoraci\u00f3n, registro o informe utilizado por el distrito escolar para tomar su decisi\u00f3n. En la notificaci\u00f3n tambi\u00e9n se le debe informar acerca de su derecho de apelar dicha decisi\u00f3n en el debido proceso. [34 C.F.R. Sec. 300.503; Cal. Ed. Code Sec. 56500.4].<\/p>\n","protected":false},"excerpt":{"rendered":"<p>El distrito tiene la obligaci\u00f3n de enviarle una notificaci\u00f3n previa por escrito \u201ccon una anticipaci\u00f3n razonable\u201d antes de proponer determinar o modificar \u2014o rehusarse a&hellip;<\/p>\n","protected":false},"author":1,"featured_media":0,"parent":321,"menu_order":27,"comment_status":"closed","ping_status":"closed","template":"","meta":{"footnotes":""},"class_list":["post-1658","page","type-page","status-publish","hentry"],"_links":{"self":[{"href":"https:\/\/serr.disabilityrightsca.org\/sp\/wp-json\/wp\/v2\/pages\/1658","targetHints":{"allow":["GET"]}}],"collection":[{"href":"https:\/\/serr.disabilityrightsca.org\/sp\/wp-json\/wp\/v2\/pages"}],"about":[{"href":"https:\/\/serr.disabilityrightsca.org\/sp\/wp-json\/wp\/v2\/types\/page"}],"author":[{"embeddable":true,"href":"https:\/\/serr.disabilityrightsca.org\/sp\/wp-json\/wp\/v2\/users\/1"}],"replies":[{"embeddable":true,"href":"https:\/\/serr.disabilityrightsca.org\/sp\/wp-json\/wp\/v2\/comments?post=1658"}],"version-history":[{"count":2,"href":"https:\/\/serr.disabilityrightsca.org\/sp\/wp-json\/wp\/v2\/pages\/1658\/revisions"}],"predecessor-version":[{"id":3563,"href":"https:\/\/serr.disabilityrightsca.org\/sp\/wp-json\/wp\/v2\/pages\/1658\/revisions\/3563"}],"up":[{"embeddable":true,"href":"https:\/\/serr.disabilityrightsca.org\/sp\/wp-json\/wp\/v2\/pages\/321"}],"wp:attachment":[{"href":"https:\/\/serr.disabilityrightsca.org\/sp\/wp-json\/wp\/v2\/media?parent=1658"}],"curies":[{"name":"wp","href":"https:\/\/api.w.org\/{rel}","templated":true}]}}