{"id":1666,"date":"2019-11-07T16:29:04","date_gmt":"2019-11-08T00:29:04","guid":{"rendered":"http:\/\/serr.disabilityrightsca.org\/?page_id=1666"},"modified":"2020-06-29T16:39:01","modified_gmt":"2020-06-29T23:39:01","slug":"1-30-de-que-manera-las-asistencias-y-los-servicios-complementarios-pueden-ayudar-a-mi-hijo-en-el-aula-comun","status":"publish","type":"page","link":"https:\/\/serr.disabilityrightsca.org\/sp\/serr-manual\/capitulo-1-informacion-sobre-derechos-fundamentales\/1-30-de-que-manera-las-asistencias-y-los-servicios-complementarios-pueden-ayudar-a-mi-hijo-en-el-aula-comun\/","title":{"rendered":"(1.30) \u00bfDe qu\u00e9 manera las asistencias y los servicios complementarios pueden ayudar a mi hijo en el aula com\u00fan?"},"content":{"rendered":"\n<p>La ley y los reglamentos federales presumen que un alumno con una discapacidad recibir\u00e1 educaci\u00f3n en las clases de educaci\u00f3n general con sus pares con \u201cdesarrollo t\u00edpico\u201d. Su distrito debe garantizar que un alumno no sea separado del entorno educativo general, salvo que la naturaleza y gravedad de la discapacidad sea tal que no se pueda lograr una educaci\u00f3n satisfactoria en las clases generales con asistencias y servicios complementarios. Las asistencias y los servicios complementarios pueden consistir en asistencias educativas, tales como las computadoras para el apoyo adicional del personal (por ejemplo, la asistencia paraprofesional uno a uno, una persona que tome notas o un evaluador). Estos servicios de apoyo se pueden proporcionar en las clases generales, en los entornos educativos generales o en otros entornos educativos. Cualquier ayuda o servicio complementario que el equipo del IEP haya acordado que se debe incluir en el IEP. [34 C.F.R. Secs. 300.42 &amp; 300.114-300.120].<\/p>\n","protected":false},"excerpt":{"rendered":"<p>La ley y los reglamentos federales presumen que un alumno con una discapacidad recibir\u00e1 educaci\u00f3n en las clases de educaci\u00f3n general con sus pares con&hellip;<\/p>\n","protected":false},"author":1,"featured_media":0,"parent":321,"menu_order":30,"comment_status":"closed","ping_status":"closed","template":"","meta":{"footnotes":""},"class_list":["post-1666","page","type-page","status-publish","hentry"],"_links":{"self":[{"href":"https:\/\/serr.disabilityrightsca.org\/sp\/wp-json\/wp\/v2\/pages\/1666","targetHints":{"allow":["GET"]}}],"collection":[{"href":"https:\/\/serr.disabilityrightsca.org\/sp\/wp-json\/wp\/v2\/pages"}],"about":[{"href":"https:\/\/serr.disabilityrightsca.org\/sp\/wp-json\/wp\/v2\/types\/page"}],"author":[{"embeddable":true,"href":"https:\/\/serr.disabilityrightsca.org\/sp\/wp-json\/wp\/v2\/users\/1"}],"replies":[{"embeddable":true,"href":"https:\/\/serr.disabilityrightsca.org\/sp\/wp-json\/wp\/v2\/comments?post=1666"}],"version-history":[{"count":2,"href":"https:\/\/serr.disabilityrightsca.org\/sp\/wp-json\/wp\/v2\/pages\/1666\/revisions"}],"predecessor-version":[{"id":3566,"href":"https:\/\/serr.disabilityrightsca.org\/sp\/wp-json\/wp\/v2\/pages\/1666\/revisions\/3566"}],"up":[{"embeddable":true,"href":"https:\/\/serr.disabilityrightsca.org\/sp\/wp-json\/wp\/v2\/pages\/321"}],"wp:attachment":[{"href":"https:\/\/serr.disabilityrightsca.org\/sp\/wp-json\/wp\/v2\/media?parent=1666"}],"curies":[{"name":"wp","href":"https:\/\/api.w.org\/{rel}","templated":true}]}}