{"id":1672,"date":"2019-11-07T16:32:59","date_gmt":"2019-11-08T00:32:59","guid":{"rendered":"http:\/\/serr.disabilityrightsca.org\/?page_id=1672"},"modified":"2020-08-06T15:28:08","modified_gmt":"2020-08-06T22:28:08","slug":"1-33-que-son-los-servicios-relacionados","status":"publish","type":"page","link":"https:\/\/serr.disabilityrightsca.org\/sp\/serr-manual\/capitulo-1-informacion-sobre-derechos-fundamentales\/1-33-que-son-los-servicios-relacionados\/","title":{"rendered":"(1.33) \u00bfQu\u00e9 son los servicios relacionados?"},"content":{"rendered":"\n<p>Los servicios relacionados son aquellos\nservicios necesarios para ayudar a un alumno a beneficiarse de su programa de\neducaci\u00f3n especial. La expresi\u00f3n \u201cbeneficiarse de la educaci\u00f3n especial\u201d\ngeneralmente se interpreta en referencia al progreso significativo hacia el\ncumplimiento de las metas y los objetivos del IEP.<\/p>\n\n\n\n<p>Conforme a los\nreglamentos federales, los servicios relacionados incluyen, entre otros\naspectos, los siguientes: <\/p>\n\n\n\n<p>Los servicios de\ntransporte, desarrollo, correctivos y otros servicios de apoyo necesarios para\nayudar a que un ni\u00f1o con una discapacidad se beneficie de la educaci\u00f3n\nespecial. Incluyen los servicios de fonoaudiolog\u00eda y audiolog\u00eda,\ninterpretaci\u00f3n, psicol\u00f3gicos, terapias f\u00edsicas y ocupacionales, recreaci\u00f3n,\nincluida la recreaci\u00f3n con fines terap\u00e9uticos, identificaci\u00f3n temprana y\nevaluaci\u00f3n de las discapacidades en ni\u00f1os, servicios de asesoramiento, incluido\nel asesoramiento para la rehabilitaci\u00f3n, servicios de orientaci\u00f3n y movilidad y\nservicios m\u00e9dicos para fines de diagn\u00f3stico o evaluaci\u00f3n. Los servicios relacionados\ntambi\u00e9n incluyen los servicios de salud y enfermer\u00eda escolar, servicios de\ntrabajo social en las escuelas y asesoramiento y capacitaci\u00f3n para padres. [34\nC.F.R. Sec. 300.34].<\/p>\n\n\n\n<p>En California, la lista de servicios relacionados (generalmente llamados \u201cservicios e instrucci\u00f3n designados\u201d) es similar a la lista federal. [Cal. Ed. Code Sec. 56363; 5 C.C.R. Secs. 3051 and following]. Consulte el <a href=\"https:\/\/serr.disabilityrightsca.org\/sp\/serr-manual\/capitulo-5-informacion-sobre-los-servicios-relacionados\/\">cap\u00edtulo 5, <em>Informaci\u00f3n sobre los servicios relacionados<\/em>.<\/a><\/p>\n","protected":false},"excerpt":{"rendered":"<p>Los servicios relacionados son aquellos servicios necesarios para ayudar a un alumno a beneficiarse de su programa de educaci\u00f3n especial. La expresi\u00f3n \u201cbeneficiarse de la&hellip;<\/p>\n","protected":false},"author":1,"featured_media":0,"parent":321,"menu_order":33,"comment_status":"closed","ping_status":"closed","template":"","meta":{"footnotes":""},"class_list":["post-1672","page","type-page","status-publish","hentry"],"_links":{"self":[{"href":"https:\/\/serr.disabilityrightsca.org\/sp\/wp-json\/wp\/v2\/pages\/1672","targetHints":{"allow":["GET"]}}],"collection":[{"href":"https:\/\/serr.disabilityrightsca.org\/sp\/wp-json\/wp\/v2\/pages"}],"about":[{"href":"https:\/\/serr.disabilityrightsca.org\/sp\/wp-json\/wp\/v2\/types\/page"}],"author":[{"embeddable":true,"href":"https:\/\/serr.disabilityrightsca.org\/sp\/wp-json\/wp\/v2\/users\/1"}],"replies":[{"embeddable":true,"href":"https:\/\/serr.disabilityrightsca.org\/sp\/wp-json\/wp\/v2\/comments?post=1672"}],"version-history":[{"count":4,"href":"https:\/\/serr.disabilityrightsca.org\/sp\/wp-json\/wp\/v2\/pages\/1672\/revisions"}],"predecessor-version":[{"id":4176,"href":"https:\/\/serr.disabilityrightsca.org\/sp\/wp-json\/wp\/v2\/pages\/1672\/revisions\/4176"}],"up":[{"embeddable":true,"href":"https:\/\/serr.disabilityrightsca.org\/sp\/wp-json\/wp\/v2\/pages\/321"}],"wp:attachment":[{"href":"https:\/\/serr.disabilityrightsca.org\/sp\/wp-json\/wp\/v2\/media?parent=1672"}],"curies":[{"name":"wp","href":"https:\/\/api.w.org\/{rel}","templated":true}]}}