{"id":1674,"date":"2019-11-07T16:34:10","date_gmt":"2019-11-08T00:34:10","guid":{"rendered":"http:\/\/serr.disabilityrightsca.org\/?page_id=1674"},"modified":"2020-06-29T16:43:19","modified_gmt":"2020-06-29T23:43:19","slug":"1-34-mi-hijo-necesita-servicios-de-salud-para-asistir-a-la-escuela-pero-el-distrito-me-dijo-que-no-debe-brindarlos-debido-a-que-son-de-caracter-medico-es-verdad","status":"publish","type":"page","link":"https:\/\/serr.disabilityrightsca.org\/sp\/serr-manual\/capitulo-1-informacion-sobre-derechos-fundamentales\/1-34-mi-hijo-necesita-servicios-de-salud-para-asistir-a-la-escuela-pero-el-distrito-me-dijo-que-no-debe-brindarlos-debido-a-que-son-de-caracter-medico-es-verdad\/","title":{"rendered":"(1.34) Mi hijo necesita servicios de salud para asistir a la escuela, pero el distrito me dijo que no debe brindarlos debido a que son de car\u00e1cter \u201cm\u00e9dico\u201d. \u00bfEs verdad?"},"content":{"rendered":"\n<p>La distinci\u00f3n entre los \u201cservicios m\u00e9dicos\u201d y\n\u201cservicios de salud\u201d en la escuela es importante. Salvo en el caso de los\nservicios m\u00e9dicos que son para \u201cprop\u00f3sitos de diagn\u00f3stico o evaluaci\u00f3n\u201d, los\ndistritos no son responsables de brindar servicios m\u00e9dicos como servicios\nrelacionados. [34 C.F.R. Sec. 300.34(a)]. La ley federal define a los\n\u201cservicios m\u00e9dicos\u201d como aquellos \u201cservicios proporcionados por un m\u00e9dico\nmatriculado\u201d. [34 C.F.R. Sec. 300.34(c)(5)]. Si un servicio puede ser prestado\npor una enfermera de la escuela u otra persona calificada, y no necesita ser\nproporcionado por un m\u00e9dico matriculado, entonces no se trata de un servicio\nm\u00e9dico. [<em>Cedar Rapids Community Sch. Dist. v. Garret F<\/em>., 526 U.S. 66\n(1999)].<\/p>\n\n\n\n<p>Los distritos deben proporcionar los servicios\nde salud que no son de car\u00e1cter m\u00e9dico, si constituyen servicios relacionados.\nUn servicio de salud es un servicio relacionado si es necesario para ayudar a\nun ni\u00f1o con una discapacidad a beneficiarse de la educaci\u00f3n especial. Si su\nhijo necesita del servicio de salud para poder asistir a la escuela, entonces\nlo necesita para beneficiarse de la educaci\u00f3n especial. [<em>Irving Independent Sch. Dist. v. Tatro<\/em>, 468 U.S. 883, 892 (U.S.\n1984)]. El derecho de su\nhijo a asistir a la escuela no puede estar condicionado legalmente a la\npresencia de usted en la instituci\u00f3n como su proveedor de servicios de salud.<br><\/p>\n","protected":false},"excerpt":{"rendered":"<p>La distinci\u00f3n entre los \u201cservicios m\u00e9dicos\u201d y \u201cservicios de salud\u201d en la escuela es importante. Salvo en el caso de los servicios m\u00e9dicos que son&hellip;<\/p>\n","protected":false},"author":1,"featured_media":0,"parent":321,"menu_order":34,"comment_status":"closed","ping_status":"closed","template":"","meta":{"footnotes":""},"class_list":["post-1674","page","type-page","status-publish","hentry"],"_links":{"self":[{"href":"https:\/\/serr.disabilityrightsca.org\/sp\/wp-json\/wp\/v2\/pages\/1674","targetHints":{"allow":["GET"]}}],"collection":[{"href":"https:\/\/serr.disabilityrightsca.org\/sp\/wp-json\/wp\/v2\/pages"}],"about":[{"href":"https:\/\/serr.disabilityrightsca.org\/sp\/wp-json\/wp\/v2\/types\/page"}],"author":[{"embeddable":true,"href":"https:\/\/serr.disabilityrightsca.org\/sp\/wp-json\/wp\/v2\/users\/1"}],"replies":[{"embeddable":true,"href":"https:\/\/serr.disabilityrightsca.org\/sp\/wp-json\/wp\/v2\/comments?post=1674"}],"version-history":[{"count":2,"href":"https:\/\/serr.disabilityrightsca.org\/sp\/wp-json\/wp\/v2\/pages\/1674\/revisions"}],"predecessor-version":[{"id":3570,"href":"https:\/\/serr.disabilityrightsca.org\/sp\/wp-json\/wp\/v2\/pages\/1674\/revisions\/3570"}],"up":[{"embeddable":true,"href":"https:\/\/serr.disabilityrightsca.org\/sp\/wp-json\/wp\/v2\/pages\/321"}],"wp:attachment":[{"href":"https:\/\/serr.disabilityrightsca.org\/sp\/wp-json\/wp\/v2\/media?parent=1674"}],"curies":[{"name":"wp","href":"https:\/\/api.w.org\/{rel}","templated":true}]}}