{"id":1678,"date":"2019-11-07T16:36:23","date_gmt":"2019-11-08T00:36:23","guid":{"rendered":"http:\/\/serr.disabilityrightsca.org\/?page_id=1678"},"modified":"2020-06-29T16:48:08","modified_gmt":"2020-06-29T23:48:08","slug":"1-36-en-que-supuestos-puede-mi-hijo-obtener-asesoramiento-psicologico-u-otros-servicios-de-salud-mental-como-servicio-relacionado","status":"publish","type":"page","link":"https:\/\/serr.disabilityrightsca.org\/sp\/serr-manual\/capitulo-1-informacion-sobre-derechos-fundamentales\/1-36-en-que-supuestos-puede-mi-hijo-obtener-asesoramiento-psicologico-u-otros-servicios-de-salud-mental-como-servicio-relacionado\/","title":{"rendered":"(1.36) \u00bfEn qu\u00e9 supuestos puede mi hijo obtener asesoramiento psicol\u00f3gico u otros servicios de salud mental como servicio relacionado?"},"content":{"rendered":"\n<p>El asesoramiento psicol\u00f3gico y otros servicios de salud mental, incluida la psicoterapia, pueden estar disponibles cuando el estado emocional de su hijo tiene un efecto negativo en su rendimiento educativo y son necesarios para que el ni\u00f1o se beneficie de la educaci\u00f3n especial. Tambi\u00e9n se pueden brindar otros servicios de salud mental, tales como \u201ccolocaciones en residencias\u201d. [34 C.F.R. Sec. 300.104].<br><\/p>\n","protected":false},"excerpt":{"rendered":"<p>El asesoramiento psicol\u00f3gico y otros servicios de salud mental, incluida la psicoterapia, pueden estar disponibles cuando el estado emocional de su hijo tiene un efecto&hellip;<\/p>\n","protected":false},"author":1,"featured_media":0,"parent":321,"menu_order":36,"comment_status":"closed","ping_status":"closed","template":"","meta":{"footnotes":""},"class_list":["post-1678","page","type-page","status-publish","hentry"],"_links":{"self":[{"href":"https:\/\/serr.disabilityrightsca.org\/sp\/wp-json\/wp\/v2\/pages\/1678","targetHints":{"allow":["GET"]}}],"collection":[{"href":"https:\/\/serr.disabilityrightsca.org\/sp\/wp-json\/wp\/v2\/pages"}],"about":[{"href":"https:\/\/serr.disabilityrightsca.org\/sp\/wp-json\/wp\/v2\/types\/page"}],"author":[{"embeddable":true,"href":"https:\/\/serr.disabilityrightsca.org\/sp\/wp-json\/wp\/v2\/users\/1"}],"replies":[{"embeddable":true,"href":"https:\/\/serr.disabilityrightsca.org\/sp\/wp-json\/wp\/v2\/comments?post=1678"}],"version-history":[{"count":2,"href":"https:\/\/serr.disabilityrightsca.org\/sp\/wp-json\/wp\/v2\/pages\/1678\/revisions"}],"predecessor-version":[{"id":3572,"href":"https:\/\/serr.disabilityrightsca.org\/sp\/wp-json\/wp\/v2\/pages\/1678\/revisions\/3572"}],"up":[{"embeddable":true,"href":"https:\/\/serr.disabilityrightsca.org\/sp\/wp-json\/wp\/v2\/pages\/321"}],"wp:attachment":[{"href":"https:\/\/serr.disabilityrightsca.org\/sp\/wp-json\/wp\/v2\/media?parent=1678"}],"curies":[{"name":"wp","href":"https:\/\/api.w.org\/{rel}","templated":true}]}}