{"id":1689,"date":"2019-11-07T16:43:28","date_gmt":"2019-11-08T00:43:28","guid":{"rendered":"http:\/\/serr.disabilityrightsca.org\/?page_id=1689"},"modified":"2020-08-16T15:38:48","modified_gmt":"2020-08-16T22:38:48","slug":"1-40-que-es-un-reclamo-de-cumplimiento","status":"publish","type":"page","link":"https:\/\/serr.disabilityrightsca.org\/sp\/serr-manual\/capitulo-1-informacion-sobre-derechos-fundamentales\/1-40-que-es-un-reclamo-de-cumplimiento\/","title":{"rendered":"(1.40) \u00bfQu\u00e9 es un reclamo de cumplimiento?"},"content":{"rendered":"\n<p>Cuando se sospecha que un distrito ha incumplido\nuna parte de la ley o el procedimiento de educaci\u00f3n especial, los padres y\ncualquier persona, distrito p\u00fablico u organizaci\u00f3n pueden presentar un reclamo\nante el Departamento de Educaci\u00f3n del Estado de California (CDE). Algunos\nejemplos de estas violaciones incluyen, entre otros, los siguientes: <\/p>\n\n\n\n<ol class=\"wp-block-list\"><li>falta de implementaci\u00f3n de un Programa de Educaci\u00f3n Individualizada (IEP); <\/li><li>falta de evaluaci\u00f3n o derivaci\u00f3n de un alumno para recibir educaci\u00f3n especial; <\/li><li>falta de cumplimiento de los plazos para realizar evaluaciones y derivaciones; <\/li><li>omisi\u00f3n de informar a los padres sobre la realizaci\u00f3n de una reuni\u00f3n del IEP; <\/li><li>falta de implementaci\u00f3n de una decisi\u00f3n de la audiencia de debido proceso o acuerdo de mediaci\u00f3n. <\/li><\/ol>\n\n\n\n<p>Un investigador del Departamento de Educaci\u00f3n\ndel Estado de California (CDE) investiga los alegatos de las partes y elabora\nuna declaraci\u00f3n por escrito sobre si el distrito se encuentra en situaci\u00f3n de\n\u201cincumplimiento\u201d de la ley o del IEP del alumno. Si se halla que el distrito se\nencuentra en situaci\u00f3n de \u201cincumplimiento\u201d, se le ordenar\u00e1 que cumpla con sus\nobligaciones. Adem\u00e1s, el CDE puede ordenar al distrito que presente un \u201cplan de\nmedidas correctivas\u201d, es decir, un documento en el que se describan las medidas\nque tom\u00f3 o tomar\u00e1 el distrito para garantizar que el problema no se repita\nnuevamente, as\u00ed como tambi\u00e9n los plazos para la adopci\u00f3n de tales medidas. El\nCDE debe modificar o aprobar el plan.<\/p>\n","protected":false},"excerpt":{"rendered":"<p>Cuando se sospecha que un distrito ha incumplido una parte de la ley o el procedimiento de educaci\u00f3n especial, los padres y cualquier persona, distrito&hellip;<\/p>\n","protected":false},"author":1,"featured_media":0,"parent":321,"menu_order":40,"comment_status":"closed","ping_status":"closed","template":"","meta":{"footnotes":""},"class_list":["post-1689","page","type-page","status-publish","hentry"],"_links":{"self":[{"href":"https:\/\/serr.disabilityrightsca.org\/sp\/wp-json\/wp\/v2\/pages\/1689","targetHints":{"allow":["GET"]}}],"collection":[{"href":"https:\/\/serr.disabilityrightsca.org\/sp\/wp-json\/wp\/v2\/pages"}],"about":[{"href":"https:\/\/serr.disabilityrightsca.org\/sp\/wp-json\/wp\/v2\/types\/page"}],"author":[{"embeddable":true,"href":"https:\/\/serr.disabilityrightsca.org\/sp\/wp-json\/wp\/v2\/users\/1"}],"replies":[{"embeddable":true,"href":"https:\/\/serr.disabilityrightsca.org\/sp\/wp-json\/wp\/v2\/comments?post=1689"}],"version-history":[{"count":4,"href":"https:\/\/serr.disabilityrightsca.org\/sp\/wp-json\/wp\/v2\/pages\/1689\/revisions"}],"predecessor-version":[{"id":4247,"href":"https:\/\/serr.disabilityrightsca.org\/sp\/wp-json\/wp\/v2\/pages\/1689\/revisions\/4247"}],"up":[{"embeddable":true,"href":"https:\/\/serr.disabilityrightsca.org\/sp\/wp-json\/wp\/v2\/pages\/321"}],"wp:attachment":[{"href":"https:\/\/serr.disabilityrightsca.org\/sp\/wp-json\/wp\/v2\/media?parent=1689"}],"curies":[{"name":"wp","href":"https:\/\/api.w.org\/{rel}","templated":true}]}}