{"id":1695,"date":"2019-11-07T16:46:15","date_gmt":"2019-11-08T00:46:15","guid":{"rendered":"http:\/\/serr.disabilityrightsca.org\/?page_id=1695"},"modified":"2022-04-18T10:08:26","modified_gmt":"2022-04-18T17:08:26","slug":"1-42-quien-puede-presentar-un-reclamo-de-cumplimiento","status":"publish","type":"page","link":"https:\/\/serr.disabilityrightsca.org\/sp\/serr-manual\/capitulo-1-informacion-sobre-derechos-fundamentales\/1-42-quien-puede-presentar-un-reclamo-de-cumplimiento\/","title":{"rendered":"(1.42) \u00bfQui\u00e9n puede presentar un reclamo de cumplimiento?"},"content":{"rendered":"\n<p>Cualquier individuo, agencia p\u00fablica u organizaci\u00f3n (como un grupo de padres) puede presentar una queja por escrito. [5 C.C.R. Sec. 3200(b); 34 C.F.R. Sec.&nbsp; 300.153 a).] La queja puede referirse a un solo estudiante, un grupo de estudiantes o una pol\u00edtica del distrito local que usted cree que viola la ley federal o estatal de educaci\u00f3n especial. Si la queja se refiere a m\u00e1s de un estudiante, CDE llama a esto una queja &#8220;varia&#8221;. Aunque el estatuto no lo dice, el Departamento puede requerir que m\u00e1s de un estudiante sea nombrado en la queja.<\/p>\n","protected":false},"excerpt":{"rendered":"<p>Cualquier individuo, agencia p\u00fablica u organizaci\u00f3n (como un grupo de padres) puede presentar una queja por escrito. [5 C.C.R. Sec. 3200(b); 34 C.F.R. Sec.&nbsp; 300.153&hellip;<\/p>\n","protected":false},"author":1,"featured_media":0,"parent":321,"menu_order":42,"comment_status":"closed","ping_status":"closed","template":"","meta":{"footnotes":""},"class_list":["post-1695","page","type-page","status-publish","hentry"],"_links":{"self":[{"href":"https:\/\/serr.disabilityrightsca.org\/sp\/wp-json\/wp\/v2\/pages\/1695","targetHints":{"allow":["GET"]}}],"collection":[{"href":"https:\/\/serr.disabilityrightsca.org\/sp\/wp-json\/wp\/v2\/pages"}],"about":[{"href":"https:\/\/serr.disabilityrightsca.org\/sp\/wp-json\/wp\/v2\/types\/page"}],"author":[{"embeddable":true,"href":"https:\/\/serr.disabilityrightsca.org\/sp\/wp-json\/wp\/v2\/users\/1"}],"replies":[{"embeddable":true,"href":"https:\/\/serr.disabilityrightsca.org\/sp\/wp-json\/wp\/v2\/comments?post=1695"}],"version-history":[{"count":3,"href":"https:\/\/serr.disabilityrightsca.org\/sp\/wp-json\/wp\/v2\/pages\/1695\/revisions"}],"predecessor-version":[{"id":4510,"href":"https:\/\/serr.disabilityrightsca.org\/sp\/wp-json\/wp\/v2\/pages\/1695\/revisions\/4510"}],"up":[{"embeddable":true,"href":"https:\/\/serr.disabilityrightsca.org\/sp\/wp-json\/wp\/v2\/pages\/321"}],"wp:attachment":[{"href":"https:\/\/serr.disabilityrightsca.org\/sp\/wp-json\/wp\/v2\/media?parent=1695"}],"curies":[{"name":"wp","href":"https:\/\/api.w.org\/{rel}","templated":true}]}}