{"id":1699,"date":"2019-11-07T16:48:12","date_gmt":"2019-11-08T00:48:12","guid":{"rendered":"http:\/\/serr.disabilityrightsca.org\/?page_id=1699"},"modified":"2022-04-18T10:09:05","modified_gmt":"2022-04-18T17:09:05","slug":"1-44-que-sucede-cuando-el-cde-determina-que-un-distrito-se-encuentra-en-incumplimiento","status":"publish","type":"page","link":"https:\/\/serr.disabilityrightsca.org\/sp\/serr-manual\/capitulo-1-informacion-sobre-derechos-fundamentales\/1-44-que-sucede-cuando-el-cde-determina-que-un-distrito-se-encuentra-en-incumplimiento\/","title":{"rendered":"(1.44) \u00bfQu\u00e9 sucede cuando el CDE determina que un distrito se encuentra en incumplimiento?"},"content":{"rendered":"\n<p>Si la investigaci\u00f3n indica que el distrito escolar no cumpli\u00f3 con la ley, CDE puede requerir &#8220;acciones correctivas&#8221; o realizar actividades de asistencia t\u00e9cnica. [34 C.F.R. Sec. 300.152(b)(2).]<\/p>\n\n\n\n<p>Si el incumplimiento no se corrige, CDE tomar\u00e1 medidas adicionales. Las acciones pueden incluir un procedimiento judicial para una orden que requiere cumplimiento, o un procedimiento para recuperar o detener el financiamiento estatal al distrito local que no cumple. [[5 C.C.R. Sec. 3205(a).]<\/p>\n\n\n\n<p>Si CDE encuentra que un distrito no ha proporcionado los servicios apropiados, debe abordar la falla a trav\u00e9s de acciones correctivas que aborden las necesidades del estudiante afectado.&nbsp; Estas acciones correctivas pueden incluir servicios compensatorios o reembolso monetario. Las regulaciones federales tambi\u00e9n requieren que CDE &#8220;aborde &#8230; prestaci\u00f3n futura adecuada de servicios para todos los ni\u00f1os con discapacidades&#8221; en su plan de acci\u00f3n correctiva. [34 C.F.R. Sec. 300.151(b) (cursiva a\u00f1adida).]<\/p>\n","protected":false},"excerpt":{"rendered":"<p>Si la investigaci\u00f3n indica que el distrito escolar no cumpli\u00f3 con la ley, CDE puede requerir &#8220;acciones correctivas&#8221; o realizar actividades de asistencia t\u00e9cnica. [34&hellip;<\/p>\n","protected":false},"author":1,"featured_media":0,"parent":321,"menu_order":44,"comment_status":"closed","ping_status":"closed","template":"","meta":{"footnotes":""},"class_list":["post-1699","page","type-page","status-publish","hentry"],"_links":{"self":[{"href":"https:\/\/serr.disabilityrightsca.org\/sp\/wp-json\/wp\/v2\/pages\/1699","targetHints":{"allow":["GET"]}}],"collection":[{"href":"https:\/\/serr.disabilityrightsca.org\/sp\/wp-json\/wp\/v2\/pages"}],"about":[{"href":"https:\/\/serr.disabilityrightsca.org\/sp\/wp-json\/wp\/v2\/types\/page"}],"author":[{"embeddable":true,"href":"https:\/\/serr.disabilityrightsca.org\/sp\/wp-json\/wp\/v2\/users\/1"}],"replies":[{"embeddable":true,"href":"https:\/\/serr.disabilityrightsca.org\/sp\/wp-json\/wp\/v2\/comments?post=1699"}],"version-history":[{"count":4,"href":"https:\/\/serr.disabilityrightsca.org\/sp\/wp-json\/wp\/v2\/pages\/1699\/revisions"}],"predecessor-version":[{"id":4511,"href":"https:\/\/serr.disabilityrightsca.org\/sp\/wp-json\/wp\/v2\/pages\/1699\/revisions\/4511"}],"up":[{"embeddable":true,"href":"https:\/\/serr.disabilityrightsca.org\/sp\/wp-json\/wp\/v2\/pages\/321"}],"wp:attachment":[{"href":"https:\/\/serr.disabilityrightsca.org\/sp\/wp-json\/wp\/v2\/media?parent=1699"}],"curies":[{"name":"wp","href":"https:\/\/api.w.org\/{rel}","templated":true}]}}