{"id":1702,"date":"2019-11-07T16:49:43","date_gmt":"2019-11-08T00:49:43","guid":{"rendered":"http:\/\/serr.disabilityrightsca.org\/?page_id=1702"},"modified":"2022-04-18T10:10:10","modified_gmt":"2022-04-18T17:10:10","slug":"1-45-puedo-presentar-un-reclamo-ante-algun-otro-organismo","status":"publish","type":"page","link":"https:\/\/serr.disabilityrightsca.org\/sp\/serr-manual\/capitulo-1-informacion-sobre-derechos-fundamentales\/1-45-puedo-presentar-un-reclamo-ante-algun-otro-organismo\/","title":{"rendered":"(1.45) \u00bfPuedo presentar un reclamo ante alg\u00fan otro organismo?"},"content":{"rendered":"\n<p>S\u00ed. Si su queja involucra un problema de discriminaci\u00f3n educativa bajo la Secci\u00f3n 504 de la Ley de Rehabilitaci\u00f3n de 1973, puede presentar una queja de discriminaci\u00f3n basada en discapacidad ante el Departamento de Educaci\u00f3n de los Estados Unidos, Oficina de Derechos Civiles (OCR). Las quejas de discriminaci\u00f3n educativa contra estudiantes con discapacidades por parte de los distritos escolares tambi\u00e9n se pueden presentar ante el CDE mediante el uso de los Procedimientos Uniformes de Quejas. [C\u00f3digo de Ed. Cal. Sec. 33315(a)(F); 5 C.C.R. Secs. 4600(d) &amp; 4630(b).] Sin embargo, los problemas de discriminaci\u00f3n educativa basada en la discapacidad suelen ser apropiados para presentar ante OCR. Vea <a href=\"https:\/\/serr.disabilityrightsca.org\/sp\/serr-manual\/capitulo-16-informacion-sobre-el-articulo-504-y-discriminacion-por-discapacidad\/\" data-type=\"page\" data-id=\"2669\">el Cap\u00edtulo 16, Informaci\u00f3n sobre la Secci\u00f3n 504 y la Discriminaci\u00f3n Basada en la Discapacidad.<\/a><\/p>\n","protected":false},"excerpt":{"rendered":"<p>S\u00ed. Si su queja involucra un problema de discriminaci\u00f3n educativa bajo la Secci\u00f3n 504 de la Ley de Rehabilitaci\u00f3n de 1973, puede presentar una queja&hellip;<\/p>\n","protected":false},"author":1,"featured_media":0,"parent":321,"menu_order":45,"comment_status":"closed","ping_status":"closed","template":"","meta":{"footnotes":""},"class_list":["post-1702","page","type-page","status-publish","hentry"],"_links":{"self":[{"href":"https:\/\/serr.disabilityrightsca.org\/sp\/wp-json\/wp\/v2\/pages\/1702","targetHints":{"allow":["GET"]}}],"collection":[{"href":"https:\/\/serr.disabilityrightsca.org\/sp\/wp-json\/wp\/v2\/pages"}],"about":[{"href":"https:\/\/serr.disabilityrightsca.org\/sp\/wp-json\/wp\/v2\/types\/page"}],"author":[{"embeddable":true,"href":"https:\/\/serr.disabilityrightsca.org\/sp\/wp-json\/wp\/v2\/users\/1"}],"replies":[{"embeddable":true,"href":"https:\/\/serr.disabilityrightsca.org\/sp\/wp-json\/wp\/v2\/comments?post=1702"}],"version-history":[{"count":6,"href":"https:\/\/serr.disabilityrightsca.org\/sp\/wp-json\/wp\/v2\/pages\/1702\/revisions"}],"predecessor-version":[{"id":4512,"href":"https:\/\/serr.disabilityrightsca.org\/sp\/wp-json\/wp\/v2\/pages\/1702\/revisions\/4512"}],"up":[{"embeddable":true,"href":"https:\/\/serr.disabilityrightsca.org\/sp\/wp-json\/wp\/v2\/pages\/321"}],"wp:attachment":[{"href":"https:\/\/serr.disabilityrightsca.org\/sp\/wp-json\/wp\/v2\/media?parent=1702"}],"curies":[{"name":"wp","href":"https:\/\/api.w.org\/{rel}","templated":true}]}}