{"id":1705,"date":"2019-11-07T16:51:11","date_gmt":"2019-11-08T00:51:11","guid":{"rendered":"http:\/\/serr.disabilityrightsca.org\/?page_id=1705"},"modified":"2020-06-29T16:57:02","modified_gmt":"2020-06-29T23:57:02","slug":"1-46-existen-otras-oportunidades-para-resolver-mi-reclamo-antes-de-que-se-realice-la-audiencia-propiamente-dicha","status":"publish","type":"page","link":"https:\/\/serr.disabilityrightsca.org\/sp\/serr-manual\/capitulo-1-informacion-sobre-derechos-fundamentales\/1-46-existen-otras-oportunidades-para-resolver-mi-reclamo-antes-de-que-se-realice-la-audiencia-propiamente-dicha\/","title":{"rendered":"(1.46) \u00bfExisten otras oportunidades para resolver mi reclamo antes de que se realice la audiencia propiamente dicha?"},"content":{"rendered":"\n<p>S\u00ed. Si presenta una solicitud de debido\nproceso, el distrito debe ofrecerle la oportunidad de participar en una \u201csesi\u00f3n\nde resoluci\u00f3n\u201d o una \u201creuni\u00f3n de resoluci\u00f3n\u201d previa a la audiencia.<\/p>\n\n\n\n<p>Sin embargo, ambas partes pueden renunciar a la\nsesi\u00f3n de resoluci\u00f3n por escrito y acordar recurrir a una mediaci\u00f3n. Si el <em>distrito<\/em>\nsolicita un debido proceso, no se requiere ninguna reuni\u00f3n de resoluci\u00f3n, pero\nla mediaci\u00f3n se encuentra disponible. [20 U.S.C. Sec. 1415(f)(1)(B); 34 C.F.R. Sec. 300.510;\nCal. Ed. Code Sec. 56501.5].<strong><br>\n<\/strong><\/p>\n","protected":false},"excerpt":{"rendered":"<p>S\u00ed. Si presenta una solicitud de debido proceso, el distrito debe ofrecerle la oportunidad de participar en una \u201csesi\u00f3n de resoluci\u00f3n\u201d o una \u201creuni\u00f3n de&hellip;<\/p>\n","protected":false},"author":1,"featured_media":0,"parent":321,"menu_order":46,"comment_status":"closed","ping_status":"closed","template":"","meta":{"footnotes":""},"class_list":["post-1705","page","type-page","status-publish","hentry"],"_links":{"self":[{"href":"https:\/\/serr.disabilityrightsca.org\/sp\/wp-json\/wp\/v2\/pages\/1705","targetHints":{"allow":["GET"]}}],"collection":[{"href":"https:\/\/serr.disabilityrightsca.org\/sp\/wp-json\/wp\/v2\/pages"}],"about":[{"href":"https:\/\/serr.disabilityrightsca.org\/sp\/wp-json\/wp\/v2\/types\/page"}],"author":[{"embeddable":true,"href":"https:\/\/serr.disabilityrightsca.org\/sp\/wp-json\/wp\/v2\/users\/1"}],"replies":[{"embeddable":true,"href":"https:\/\/serr.disabilityrightsca.org\/sp\/wp-json\/wp\/v2\/comments?post=1705"}],"version-history":[{"count":2,"href":"https:\/\/serr.disabilityrightsca.org\/sp\/wp-json\/wp\/v2\/pages\/1705\/revisions"}],"predecessor-version":[{"id":3582,"href":"https:\/\/serr.disabilityrightsca.org\/sp\/wp-json\/wp\/v2\/pages\/1705\/revisions\/3582"}],"up":[{"embeddable":true,"href":"https:\/\/serr.disabilityrightsca.org\/sp\/wp-json\/wp\/v2\/pages\/321"}],"wp:attachment":[{"href":"https:\/\/serr.disabilityrightsca.org\/sp\/wp-json\/wp\/v2\/media?parent=1705"}],"curies":[{"name":"wp","href":"https:\/\/api.w.org\/{rel}","templated":true}]}}