{"id":1723,"date":"2019-11-20T16:03:00","date_gmt":"2019-11-21T00:03:00","guid":{"rendered":"http:\/\/serr.disabilityrightsca.org\/?page_id=1723"},"modified":"2020-06-29T17:00:49","modified_gmt":"2020-06-30T00:00:49","slug":"1-47-que-es-una-conferencia-de-mediacion","status":"publish","type":"page","link":"https:\/\/serr.disabilityrightsca.org\/sp\/serr-manual\/capitulo-1-informacion-sobre-derechos-fundamentales\/1-47-que-es-una-conferencia-de-mediacion\/","title":{"rendered":"(1.47) \u00bfQu\u00e9 es una conferencia de mediaci\u00f3n?"},"content":{"rendered":"\n<p>La Oficina de Audiencias Administrativas (Office of Administrative Hearings, OAH) es el organismo estatal responsable de celebrar conferencias de mediaci\u00f3n y audiencias administrativas. Siempre que ambas partes est\u00e9n de acuerdo con la mediaci\u00f3n, la OAH le proporcionar\u00e1 un mediador para que usted y el distrito se re\u00fanan antes de la audiencia de debido proceso, para intentar resolver el problema. La conferencia de mediaci\u00f3n se celebra cuando se renuncia a la sesi\u00f3n de resoluci\u00f3n o esta concluye sin que las partes lleguen a un acuerdo y ambas aceptan someterse a una mediaci\u00f3n. El mediador no tiene autoridad para obligar a las partes a resolver el desacuerdo. Este intenta ayudarlos a usted y al distrito a llegar a un acuerdo. Adem\u00e1s, tambi\u00e9n puede hablar individualmente con las partes por separado para intentar resolver el problema. El mediador suele ser un juez de derecho administrativo que cumple el rol de facilitador y no de juez. El juez de derecho administrativo que act\u00faa como mediador no ser\u00e1 el funcionario de la audiencia asignado para tramitar su caso en el supuesto de que el conflicto se dirima en una audiencia. [Cal. Ed. Code Secs. 56500.3(c)-(e) &amp; 56501(b)(2)].<\/p>\n","protected":false},"excerpt":{"rendered":"<p>La Oficina de Audiencias Administrativas (Office of Administrative Hearings, OAH) es el organismo estatal responsable de celebrar conferencias de mediaci\u00f3n y audiencias administrativas. Siempre que&hellip;<\/p>\n","protected":false},"author":1,"featured_media":0,"parent":321,"menu_order":47,"comment_status":"closed","ping_status":"closed","template":"","meta":{"footnotes":""},"class_list":["post-1723","page","type-page","status-publish","hentry"],"_links":{"self":[{"href":"https:\/\/serr.disabilityrightsca.org\/sp\/wp-json\/wp\/v2\/pages\/1723","targetHints":{"allow":["GET"]}}],"collection":[{"href":"https:\/\/serr.disabilityrightsca.org\/sp\/wp-json\/wp\/v2\/pages"}],"about":[{"href":"https:\/\/serr.disabilityrightsca.org\/sp\/wp-json\/wp\/v2\/types\/page"}],"author":[{"embeddable":true,"href":"https:\/\/serr.disabilityrightsca.org\/sp\/wp-json\/wp\/v2\/users\/1"}],"replies":[{"embeddable":true,"href":"https:\/\/serr.disabilityrightsca.org\/sp\/wp-json\/wp\/v2\/comments?post=1723"}],"version-history":[{"count":2,"href":"https:\/\/serr.disabilityrightsca.org\/sp\/wp-json\/wp\/v2\/pages\/1723\/revisions"}],"predecessor-version":[{"id":3583,"href":"https:\/\/serr.disabilityrightsca.org\/sp\/wp-json\/wp\/v2\/pages\/1723\/revisions\/3583"}],"up":[{"embeddable":true,"href":"https:\/\/serr.disabilityrightsca.org\/sp\/wp-json\/wp\/v2\/pages\/321"}],"wp:attachment":[{"href":"https:\/\/serr.disabilityrightsca.org\/sp\/wp-json\/wp\/v2\/media?parent=1723"}],"curies":[{"name":"wp","href":"https:\/\/api.w.org\/{rel}","templated":true}]}}