{"id":1725,"date":"2019-11-20T16:04:24","date_gmt":"2019-11-21T00:04:24","guid":{"rendered":"http:\/\/serr.disabilityrightsca.org\/?page_id=1725"},"modified":"2020-06-29T17:01:45","modified_gmt":"2020-06-30T00:01:45","slug":"1-48-que-sucede-con-la-colocacion-y-los-servicios-de-mi-hijo-si-solicito-una-audiencia-de-debido-proceso","status":"publish","type":"page","link":"https:\/\/serr.disabilityrightsca.org\/sp\/serr-manual\/capitulo-1-informacion-sobre-derechos-fundamentales\/1-48-que-sucede-con-la-colocacion-y-los-servicios-de-mi-hijo-si-solicito-una-audiencia-de-debido-proceso\/","title":{"rendered":"(1.48) \u00bfQu\u00e9 sucede con la colocaci\u00f3n y los servicios de mi hijo si solicito una audiencia de debido proceso?"},"content":{"rendered":"\n<p>Excepto en ciertas circunstancias que se analizan m\u00e1s adelante, su hijo debe permanecer en su colocaci\u00f3n educativa <em>actual<\/em> y contar con la implementaci\u00f3n total del IEP ya acordado (incluidos todos los servicios relacionados) desde el momento en que solicite una audiencia hasta que se hayan completado los procedimientos de la audiencia de debido proceso. [34 C.F.R. Sec. 300.518; Cal. Ed. Code Sec. 56505(d)]. Si la decisi\u00f3n de la audiencia falla a su favor y el distrito escolar apela la decisi\u00f3n ante el tribunal, la colocaci\u00f3n y los servicios de su hijo deber\u00e1n mantenerse conforme a su descripci\u00f3n en el IEP durante la audiencia de debido proceso y mientras la apelaci\u00f3n est\u00e9 pendiente. [Joshua A. v. Rocklin Unified School District, 559 F.3d 1036, (9<sup>th<\/sup> Cir., 2009.)] Este tipo de protecci\u00f3n se denomina disposici\u00f3n de \u201cno innovar\u201d. Esta norma puede ser modificada si los padres o el distrito acceden a cambiar la colocaci\u00f3n o los servicios del ni\u00f1o, mientras el debido proceso se encuentra pendiente de resoluci\u00f3n.<\/p>\n","protected":false},"excerpt":{"rendered":"<p>Excepto en ciertas circunstancias que se analizan m\u00e1s adelante, su hijo debe permanecer en su colocaci\u00f3n educativa actual y contar con la implementaci\u00f3n total del&hellip;<\/p>\n","protected":false},"author":1,"featured_media":0,"parent":321,"menu_order":48,"comment_status":"closed","ping_status":"closed","template":"","meta":{"footnotes":""},"class_list":["post-1725","page","type-page","status-publish","hentry"],"_links":{"self":[{"href":"https:\/\/serr.disabilityrightsca.org\/sp\/wp-json\/wp\/v2\/pages\/1725","targetHints":{"allow":["GET"]}}],"collection":[{"href":"https:\/\/serr.disabilityrightsca.org\/sp\/wp-json\/wp\/v2\/pages"}],"about":[{"href":"https:\/\/serr.disabilityrightsca.org\/sp\/wp-json\/wp\/v2\/types\/page"}],"author":[{"embeddable":true,"href":"https:\/\/serr.disabilityrightsca.org\/sp\/wp-json\/wp\/v2\/users\/1"}],"replies":[{"embeddable":true,"href":"https:\/\/serr.disabilityrightsca.org\/sp\/wp-json\/wp\/v2\/comments?post=1725"}],"version-history":[{"count":2,"href":"https:\/\/serr.disabilityrightsca.org\/sp\/wp-json\/wp\/v2\/pages\/1725\/revisions"}],"predecessor-version":[{"id":3584,"href":"https:\/\/serr.disabilityrightsca.org\/sp\/wp-json\/wp\/v2\/pages\/1725\/revisions\/3584"}],"up":[{"embeddable":true,"href":"https:\/\/serr.disabilityrightsca.org\/sp\/wp-json\/wp\/v2\/pages\/321"}],"wp:attachment":[{"href":"https:\/\/serr.disabilityrightsca.org\/sp\/wp-json\/wp\/v2\/media?parent=1725"}],"curies":[{"name":"wp","href":"https:\/\/api.w.org\/{rel}","templated":true}]}}