{"id":1727,"date":"2019-11-20T16:06:16","date_gmt":"2019-11-21T00:06:16","guid":{"rendered":"http:\/\/serr.disabilityrightsca.org\/?page_id=1727"},"modified":"2020-06-29T17:02:54","modified_gmt":"2020-06-30T00:02:54","slug":"1-49-que-derechos-tengo-en-el-debido-proceso","status":"publish","type":"page","link":"https:\/\/serr.disabilityrightsca.org\/sp\/serr-manual\/capitulo-1-informacion-sobre-derechos-fundamentales\/1-49-que-derechos-tengo-en-el-debido-proceso\/","title":{"rendered":"(1.49) \u00bfQu\u00e9 derechos tengo en el debido proceso?"},"content":{"rendered":"\n<p>Dispone de varios derechos en el debido\nproceso, incluidos los siguientes:<\/p>\n\n\n\n<p>(1) Ser informado sobre los servicios legales\ndisponibles que sean gratis o de bajo costo. [Cal. Ed. Code Sec. 56502(h)].<\/p>\n\n\n\n<p>(2) Asistir a una conferencia de mediaci\u00f3n. [20\nU.S.C. Sec. 1415(e); 34 C.F.R. Sec. 300.506; Cal. Ed. Code Secs. 56501(b)(1)(2)\n&amp; 56503].<\/p>\n\n\n\n<p>(3) Disponer de la audiencia en el momento y\nlugar razonablemente convenientes para usted. [34 C.F.R. Sec. 300.515; Cal. Ed.\nCode Sec. 56505(b)].<\/p>\n\n\n\n<p>(4) Que la audiencia sea conducida por un\nfuncionario imparcial. [20 U.S.C. Sec. 1415(f)(3); 34 C.F.R. Sec. 300.511; Cal. Ed. Code Sec.\n56505(c)]. <\/p>\n\n\n\n<p>(5) Ser representado por un abogado. [20 U.S.C. Sec.\n1415(h)(1); 34 C.F.R. Sec. 300.512(a)(1)].<\/p>\n\n\n\n<p>(6) Presentar pruebas y argumentos escritos y\norales; confrontar e interrogar testigos y requerir su asistencia; y recibir un\nregistro escrito o electr\u00f3nico de la audiencia. [20 U.S.C. Sec. 1415 (h)(2); 34\nC.F.R. Sec. 300.512; Cal. Ed. Code Sec. 56505(e)].<\/p>\n\n\n\n<p>(7) Prohibir la introducci\u00f3n de cualquier\nprueba en la audiencia que no se haya ofrecido con una anticipaci\u00f3n de al menos\ncinco d\u00edas previos a la audiencia. [20 U.S.C. Sec. 1415(f)(2)(B); 34 C.F.R.\nSec. 300.512; Cal. Ed. Code Sec. 56505(e)].<\/p>\n\n\n\n<p>(8) Obtener una decisi\u00f3n razonable y por\nescrito en la que se incluyan las conclusiones de hecho. La decisi\u00f3n completa\nse debe enviar por correo a todas las partes dentro de los 45 d\u00edas luego de la\nconclusi\u00f3n del per\u00edodo de 30 d\u00edas previsto para la reuni\u00f3n de resoluci\u00f3n. [34 C.F.R. Sec.\n300.515(a); Cal. Ed. Code Secs. 56501.5, 56502(f) &amp; 56505(f)(3)].<\/p>\n\n\n\n<p>La decisi\u00f3n emitida en la audiencia de debido\nproceso es la determinaci\u00f3n administrativa final y es vinculante para ambas\npartes. [34 C.F.R. Sec. 300.514; Cal. Ed. Code Sec. 56505(h)]. Cualquiera de\nlas partes puede apelar la decisi\u00f3n emitida en la audiencia, en un tribunal\nestatal o federal, en el caso de no estar de acuerdo con la resoluci\u00f3n. La\napelaci\u00f3n debe ser presentada dentro de los 90 d\u00edas a partir de recibida la\ndecisi\u00f3n. [20\nU.S.C. Sec. 1415(i)(2); 34 C.F.R. Sec. 300.516(b); Cal. Ed. Code Sec. 56505(k)].<\/p>\n","protected":false},"excerpt":{"rendered":"<p>Dispone de varios derechos en el debido proceso, incluidos los siguientes: (1) Ser informado sobre los servicios legales disponibles que sean gratis o de bajo&hellip;<\/p>\n","protected":false},"author":1,"featured_media":0,"parent":321,"menu_order":49,"comment_status":"closed","ping_status":"closed","template":"","meta":{"footnotes":""},"class_list":["post-1727","page","type-page","status-publish","hentry"],"_links":{"self":[{"href":"https:\/\/serr.disabilityrightsca.org\/sp\/wp-json\/wp\/v2\/pages\/1727","targetHints":{"allow":["GET"]}}],"collection":[{"href":"https:\/\/serr.disabilityrightsca.org\/sp\/wp-json\/wp\/v2\/pages"}],"about":[{"href":"https:\/\/serr.disabilityrightsca.org\/sp\/wp-json\/wp\/v2\/types\/page"}],"author":[{"embeddable":true,"href":"https:\/\/serr.disabilityrightsca.org\/sp\/wp-json\/wp\/v2\/users\/1"}],"replies":[{"embeddable":true,"href":"https:\/\/serr.disabilityrightsca.org\/sp\/wp-json\/wp\/v2\/comments?post=1727"}],"version-history":[{"count":2,"href":"https:\/\/serr.disabilityrightsca.org\/sp\/wp-json\/wp\/v2\/pages\/1727\/revisions"}],"predecessor-version":[{"id":3585,"href":"https:\/\/serr.disabilityrightsca.org\/sp\/wp-json\/wp\/v2\/pages\/1727\/revisions\/3585"}],"up":[{"embeddable":true,"href":"https:\/\/serr.disabilityrightsca.org\/sp\/wp-json\/wp\/v2\/pages\/321"}],"wp:attachment":[{"href":"https:\/\/serr.disabilityrightsca.org\/sp\/wp-json\/wp\/v2\/media?parent=1727"}],"curies":[{"name":"wp","href":"https:\/\/api.w.org\/{rel}","templated":true}]}}