{"id":1731,"date":"2019-11-20T16:08:30","date_gmt":"2019-11-21T00:08:30","guid":{"rendered":"http:\/\/serr.disabilityrightsca.org\/?page_id=1731"},"modified":"2020-07-01T15:19:37","modified_gmt":"2020-07-01T22:19:37","slug":"1-51-existe-alguna-limitacion-para-reclamar-un-reembolso-o-educacion-compensatoria-en-california","status":"publish","type":"page","link":"https:\/\/serr.disabilityrightsca.org\/sp\/serr-manual\/capitulo-1-informacion-sobre-derechos-fundamentales\/1-51-existe-alguna-limitacion-para-reclamar-un-reembolso-o-educacion-compensatoria-en-california\/","title":{"rendered":"(1.51) \u00bfExiste alguna limitaci\u00f3n para reclamar un reembolso o educaci\u00f3n compensatoria en California?"},"content":{"rendered":"\n<p>S\u00ed. California estableci\u00f3 un estatuto de limitaci\u00f3n de dos a\u00f1os para los reclamos en casos de educaci\u00f3n especial. En otras palabras, solo se pueden reclamar servicios educativos compensatorios (no monetarios) o reembolsos (gastos de matr\u00edcula u otros abonados por usted) por violaciones del distrito que hayan ocurrido dentro del plazo permitido de dos a\u00f1os. [Cal. Ed. Code Sec. 56505(l)]. Adem\u00e1s, no puede simplemente acudir de manera directa a los tribunales para formular un reclamo de reembolso o servicios educativos compensatorios conforme a la ley IDEA. Debe agotar todos los recursos administrativos (como asistir a una audiencia de debido proceso) antes de acudir a un tribunal. Consulte el cap\u00edtulo 6, Informaci\u00f3n sobre <em>el debido proceso y los procedimientos de cumplimiento<\/em>.<\/p>\n","protected":false},"excerpt":{"rendered":"<p>S\u00ed. California estableci\u00f3 un estatuto de limitaci\u00f3n de dos a\u00f1os para los reclamos en casos de educaci\u00f3n especial. En otras palabras, solo se pueden reclamar&hellip;<\/p>\n","protected":false},"author":1,"featured_media":0,"parent":321,"menu_order":51,"comment_status":"closed","ping_status":"closed","template":"","meta":{"footnotes":""},"class_list":["post-1731","page","type-page","status-publish","hentry"],"_links":{"self":[{"href":"https:\/\/serr.disabilityrightsca.org\/sp\/wp-json\/wp\/v2\/pages\/1731","targetHints":{"allow":["GET"]}}],"collection":[{"href":"https:\/\/serr.disabilityrightsca.org\/sp\/wp-json\/wp\/v2\/pages"}],"about":[{"href":"https:\/\/serr.disabilityrightsca.org\/sp\/wp-json\/wp\/v2\/types\/page"}],"author":[{"embeddable":true,"href":"https:\/\/serr.disabilityrightsca.org\/sp\/wp-json\/wp\/v2\/users\/1"}],"replies":[{"embeddable":true,"href":"https:\/\/serr.disabilityrightsca.org\/sp\/wp-json\/wp\/v2\/comments?post=1731"}],"version-history":[{"count":3,"href":"https:\/\/serr.disabilityrightsca.org\/sp\/wp-json\/wp\/v2\/pages\/1731\/revisions"}],"predecessor-version":[{"id":3588,"href":"https:\/\/serr.disabilityrightsca.org\/sp\/wp-json\/wp\/v2\/pages\/1731\/revisions\/3588"}],"up":[{"embeddable":true,"href":"https:\/\/serr.disabilityrightsca.org\/sp\/wp-json\/wp\/v2\/pages\/321"}],"wp:attachment":[{"href":"https:\/\/serr.disabilityrightsca.org\/sp\/wp-json\/wp\/v2\/media?parent=1731"}],"curies":[{"name":"wp","href":"https:\/\/api.w.org\/{rel}","templated":true}]}}