{"id":1737,"date":"2019-11-20T16:11:50","date_gmt":"2019-11-21T00:11:50","guid":{"rendered":"http:\/\/serr.disabilityrightsca.org\/?page_id=1737"},"modified":"2020-07-01T15:27:50","modified_gmt":"2020-07-01T22:27:50","slug":"1-54-si-mi-hijo-no-puede-beneficiarse-del-programa-academico-general-puede-participar-en-otros-programas-escolares","status":"publish","type":"page","link":"https:\/\/serr.disabilityrightsca.org\/sp\/serr-manual\/capitulo-1-informacion-sobre-derechos-fundamentales\/1-54-si-mi-hijo-no-puede-beneficiarse-del-programa-academico-general-puede-participar-en-otros-programas-escolares\/","title":{"rendered":"(1.54) Si mi hijo no puede beneficiarse del programa acad\u00e9mico general, \u00bfpuede participar en otros programas escolares?"},"content":{"rendered":"\n<p>S\u00ed. La ley deja en claro que los alumnos con discapacidades tienen derecho a participar en actividades y servicios no acad\u00e9micos y extracurriculares en la m\u00e1xima medida posible para satisfacer sus necesidades. Adem\u00e1s, los distritos deben ofrecer estas actividades de modo que les d\u00e9 a los alumnos con discapacidades las mismas oportunidades de participar. Estos servicios y actividades incluyen comidas, recreos, servicios de asesoramiento, deportes, transporte, servicios de salud, actividades recreativas, grupos o clubes de inter\u00e9s especial y oportunidades de empleo. [34 C.F.R. Secs. 300.117 &amp; 300.107].<\/p>\n","protected":false},"excerpt":{"rendered":"<p>S\u00ed. La ley deja en claro que los alumnos con discapacidades tienen derecho a participar en actividades y servicios no acad\u00e9micos y extracurriculares en la&hellip;<\/p>\n","protected":false},"author":1,"featured_media":0,"parent":321,"menu_order":54,"comment_status":"closed","ping_status":"closed","template":"","meta":{"footnotes":""},"class_list":["post-1737","page","type-page","status-publish","hentry"],"_links":{"self":[{"href":"https:\/\/serr.disabilityrightsca.org\/sp\/wp-json\/wp\/v2\/pages\/1737","targetHints":{"allow":["GET"]}}],"collection":[{"href":"https:\/\/serr.disabilityrightsca.org\/sp\/wp-json\/wp\/v2\/pages"}],"about":[{"href":"https:\/\/serr.disabilityrightsca.org\/sp\/wp-json\/wp\/v2\/types\/page"}],"author":[{"embeddable":true,"href":"https:\/\/serr.disabilityrightsca.org\/sp\/wp-json\/wp\/v2\/users\/1"}],"replies":[{"embeddable":true,"href":"https:\/\/serr.disabilityrightsca.org\/sp\/wp-json\/wp\/v2\/comments?post=1737"}],"version-history":[{"count":2,"href":"https:\/\/serr.disabilityrightsca.org\/sp\/wp-json\/wp\/v2\/pages\/1737\/revisions"}],"predecessor-version":[{"id":3591,"href":"https:\/\/serr.disabilityrightsca.org\/sp\/wp-json\/wp\/v2\/pages\/1737\/revisions\/3591"}],"up":[{"embeddable":true,"href":"https:\/\/serr.disabilityrightsca.org\/sp\/wp-json\/wp\/v2\/pages\/321"}],"wp:attachment":[{"href":"https:\/\/serr.disabilityrightsca.org\/sp\/wp-json\/wp\/v2\/media?parent=1737"}],"curies":[{"name":"wp","href":"https:\/\/api.w.org\/{rel}","templated":true}]}}