{"id":1739,"date":"2019-11-20T16:13:08","date_gmt":"2019-11-21T00:13:08","guid":{"rendered":"http:\/\/serr.disabilityrightsca.org\/?page_id=1739"},"modified":"2020-07-01T15:28:39","modified_gmt":"2020-07-01T22:28:39","slug":"1-55-el-caracter-o-la-gravedad-de-la-discapacidad-de-mi-hijo-puede-utilizarse-para-justificar-su-segregacion-del-entorno-educativo-general","status":"publish","type":"page","link":"https:\/\/serr.disabilityrightsca.org\/sp\/serr-manual\/capitulo-1-informacion-sobre-derechos-fundamentales\/1-55-el-caracter-o-la-gravedad-de-la-discapacidad-de-mi-hijo-puede-utilizarse-para-justificar-su-segregacion-del-entorno-educativo-general\/","title":{"rendered":"(1.55) \u00bfEl car\u00e1cter o la gravedad de la discapacidad de mi hijo puede utilizarse para justificar su segregaci\u00f3n del entorno educativo general?"},"content":{"rendered":"\n<p>Todos los alumnos con discapacidades tienen derecho a recibir educaci\u00f3n en el LRE, en funci\u00f3n de sus necesidades educativas individuales, y no en funci\u00f3n del nombre que describe su afecci\u00f3n discapacitante. Que a su hijo se le diagnostique una discapacidad intelectual o un trastorno emocional no implica que la interacci\u00f3n con alumnos sin discapacidades sea inapropiada.<\/p>\n","protected":false},"excerpt":{"rendered":"<p>Todos los alumnos con discapacidades tienen derecho a recibir educaci\u00f3n en el LRE, en funci\u00f3n de sus necesidades educativas individuales, y no en funci\u00f3n del&hellip;<\/p>\n","protected":false},"author":1,"featured_media":0,"parent":321,"menu_order":55,"comment_status":"closed","ping_status":"closed","template":"","meta":{"footnotes":""},"class_list":["post-1739","page","type-page","status-publish","hentry"],"_links":{"self":[{"href":"https:\/\/serr.disabilityrightsca.org\/sp\/wp-json\/wp\/v2\/pages\/1739","targetHints":{"allow":["GET"]}}],"collection":[{"href":"https:\/\/serr.disabilityrightsca.org\/sp\/wp-json\/wp\/v2\/pages"}],"about":[{"href":"https:\/\/serr.disabilityrightsca.org\/sp\/wp-json\/wp\/v2\/types\/page"}],"author":[{"embeddable":true,"href":"https:\/\/serr.disabilityrightsca.org\/sp\/wp-json\/wp\/v2\/users\/1"}],"replies":[{"embeddable":true,"href":"https:\/\/serr.disabilityrightsca.org\/sp\/wp-json\/wp\/v2\/comments?post=1739"}],"version-history":[{"count":3,"href":"https:\/\/serr.disabilityrightsca.org\/sp\/wp-json\/wp\/v2\/pages\/1739\/revisions"}],"predecessor-version":[{"id":3592,"href":"https:\/\/serr.disabilityrightsca.org\/sp\/wp-json\/wp\/v2\/pages\/1739\/revisions\/3592"}],"up":[{"embeddable":true,"href":"https:\/\/serr.disabilityrightsca.org\/sp\/wp-json\/wp\/v2\/pages\/321"}],"wp:attachment":[{"href":"https:\/\/serr.disabilityrightsca.org\/sp\/wp-json\/wp\/v2\/media?parent=1739"}],"curies":[{"name":"wp","href":"https:\/\/api.w.org\/{rel}","templated":true}]}}