{"id":1748,"date":"2019-11-20T16:24:53","date_gmt":"2019-11-21T00:24:53","guid":{"rendered":"http:\/\/serr.disabilityrightsca.org\/?page_id=1748"},"modified":"2020-07-01T15:42:44","modified_gmt":"2020-07-01T22:42:44","slug":"1-58-que-es-una-reunion-para-la-determinacion-de-manifestacion","status":"publish","type":"page","link":"https:\/\/serr.disabilityrightsca.org\/sp\/serr-manual\/capitulo-1-informacion-sobre-derechos-fundamentales\/1-58-que-es-una-reunion-para-la-determinacion-de-manifestacion\/","title":{"rendered":"(1.58) \u00bfQu\u00e9 es una reuni\u00f3n para la \u201cdeterminaci\u00f3n de manifestaci\u00f3n\u201d?"},"content":{"rendered":"\n<p>La reuni\u00f3n del IEP para la determinaci\u00f3n de\nmanifestaci\u00f3n es una reuni\u00f3n de los miembros relevantes de dicho equipo para\ndeterminar si se aconseja que un alumno con una discapacidad sea expulsado de\nla escuela o que se modifiquen sus servicios o su colocaci\u00f3n para garantizar\nuna FAPE.&nbsp; Debe celebrarse dentro de los\n10 d\u00edas posteriores a la decisi\u00f3n de la escuela de expulsar al alumno o\nmodificar su colocaci\u00f3n. En la reuni\u00f3n, el equipo del IEP revisa la informaci\u00f3n\nrelevante del expediente del alumno, incluidos su IEP y la informaci\u00f3n de sus\nmaestros y padres. Luego decide dos cuestiones: (1) \u00bfla conducta fue producto\nde la discapacidad del alumno o estaba \u201cdirecta y sustancialmente relacionada\u201d\ncon esta?; (2) \u00bfla conducta fue el resultado directo del incumplimiento del\ndistrito de su obligaci\u00f3n de implementar el IEP? [34 C.F.R. Sec. 300.530(e)].<\/p>\n\n\n\n<p>Si el equipo del IEP responde afirmativamente a\nuna de las preguntas, el alumno no puede ser expulsado, y cualquier cambio en\nla colocaci\u00f3n requiere el consentimiento de los padres o una orden de un juez\nde derecho administrativo. Si el equipo del IEP determina que la conducta es\nuna manifestaci\u00f3n de la discapacidad del alumno, salvo que constituya una de\nlas infracciones graves que se describen a continuaci\u00f3n, el alumno debe\nregresar a su colocaci\u00f3n original (a menos que los padres y la escuela acuerden\notra medida). La escuela tambi\u00e9n debe llevar a cabo una evaluaci\u00f3n de la\nconducta del alumno o modificar su actual plan de conducta para tratar su\ncomportamiento. [20 U.S.C. Sec. 1415(k)(1)(F); 34 C.F.R. Sec. 300.530(f)]. Si\nel equipo responde negativamente a ambas preguntas, es posible recomendar la\nexpulsi\u00f3n del alumno.<\/p>\n","protected":false},"excerpt":{"rendered":"<p>La reuni\u00f3n del IEP para la determinaci\u00f3n de manifestaci\u00f3n es una reuni\u00f3n de los miembros relevantes de dicho equipo para determinar si se aconseja que&hellip;<\/p>\n","protected":false},"author":1,"featured_media":0,"parent":321,"menu_order":58,"comment_status":"closed","ping_status":"closed","template":"","meta":{"footnotes":""},"class_list":["post-1748","page","type-page","status-publish","hentry"],"_links":{"self":[{"href":"https:\/\/serr.disabilityrightsca.org\/sp\/wp-json\/wp\/v2\/pages\/1748","targetHints":{"allow":["GET"]}}],"collection":[{"href":"https:\/\/serr.disabilityrightsca.org\/sp\/wp-json\/wp\/v2\/pages"}],"about":[{"href":"https:\/\/serr.disabilityrightsca.org\/sp\/wp-json\/wp\/v2\/types\/page"}],"author":[{"embeddable":true,"href":"https:\/\/serr.disabilityrightsca.org\/sp\/wp-json\/wp\/v2\/users\/1"}],"replies":[{"embeddable":true,"href":"https:\/\/serr.disabilityrightsca.org\/sp\/wp-json\/wp\/v2\/comments?post=1748"}],"version-history":[{"count":3,"href":"https:\/\/serr.disabilityrightsca.org\/sp\/wp-json\/wp\/v2\/pages\/1748\/revisions"}],"predecessor-version":[{"id":3595,"href":"https:\/\/serr.disabilityrightsca.org\/sp\/wp-json\/wp\/v2\/pages\/1748\/revisions\/3595"}],"up":[{"embeddable":true,"href":"https:\/\/serr.disabilityrightsca.org\/sp\/wp-json\/wp\/v2\/pages\/321"}],"wp:attachment":[{"href":"https:\/\/serr.disabilityrightsca.org\/sp\/wp-json\/wp\/v2\/media?parent=1748"}],"curies":[{"name":"wp","href":"https:\/\/api.w.org\/{rel}","templated":true}]}}