{"id":1753,"date":"2019-11-20T16:29:57","date_gmt":"2019-11-21T00:29:57","guid":{"rendered":"http:\/\/serr.disabilityrightsca.org\/?page_id=1753"},"modified":"2020-07-01T16:01:45","modified_gmt":"2020-07-01T23:01:45","slug":"1-60-hay-algun-caso-en-el-que-la-escuela-pueda-modificar-la-colocacion-de-mi-hijo-de-inmediato","status":"publish","type":"page","link":"https:\/\/serr.disabilityrightsca.org\/sp\/serr-manual\/capitulo-1-informacion-sobre-derechos-fundamentales\/1-60-hay-algun-caso-en-el-que-la-escuela-pueda-modificar-la-colocacion-de-mi-hijo-de-inmediato\/","title":{"rendered":"(1.60) \u00bfHay alg\u00fan caso en el que la escuela pueda modificar la colocaci\u00f3n de mi hijo de inmediato?"},"content":{"rendered":"\n<p>S\u00ed. En determinados casos, un distrito puede\nubicar de inmediato a su hijo en una colocaci\u00f3n diferente y mantenerlo all\u00ed por\nhasta 45 d\u00edas escolares, incluso aunque se haya determinado que la conducta fue\nuna manifestaci\u00f3n de su discapacidad.<\/p>\n\n\n\n<p>Es posible que ubiquen a su hijo en un \u201centorno\neducativo alternativo provisorio\u201d si el distrito afirma que hizo alguna de las\nsiguientes cosas:<\/p>\n\n\n\n<p>(1) Port\u00f3 o tuvo en su posesi\u00f3n\nun arma en la escuela, en las instalaciones escolares o en un evento escolar.<\/p>\n\n\n\n<p>(2) Tuvo en su posesi\u00f3n o\nconsumi\u00f3 drogas ilegales deliberadamente, o las vendi\u00f3 o solicit\u00f3 su venta\nmientras se encontraba en la escuela, en las instalaciones escolares o en un\nevento escolar.<\/p>\n\n\n\n<p>(3) Caus\u00f3 heridas f\u00edsicas graves a otra persona\nmientras se encontraba en la escuela, en instalaciones escolares o en un evento\nescolar. El t\u00e9rmino \u201cheridas f\u00edsicas graves\u201d incluye riesgo sustancial de\nmuerte, dolor f\u00edsico extremo, desfiguraci\u00f3n obvia y prolongada, p\u00e9rdida o\ndeficiencia prolongada de la funci\u00f3n de una extremidad, un \u00f3rgano o las\nfacultades mentales. [20 U.S.C. Sec. 1415(k)(1)(G) and (7)(d)); 34 C.F.R. Sec.\n300.530(g)]. De cualquier modo, el distrito debe reunirse con usted dentro de\nlos 10 d\u00edas para celebrar una reuni\u00f3n para la determinaci\u00f3n de manifestaci\u00f3n.<\/p>\n","protected":false},"excerpt":{"rendered":"<p>S\u00ed. En determinados casos, un distrito puede ubicar de inmediato a su hijo en una colocaci\u00f3n diferente y mantenerlo all\u00ed por hasta 45 d\u00edas escolares,&hellip;<\/p>\n","protected":false},"author":1,"featured_media":0,"parent":321,"menu_order":60,"comment_status":"closed","ping_status":"closed","template":"","meta":{"footnotes":""},"class_list":["post-1753","page","type-page","status-publish","hentry"],"_links":{"self":[{"href":"https:\/\/serr.disabilityrightsca.org\/sp\/wp-json\/wp\/v2\/pages\/1753","targetHints":{"allow":["GET"]}}],"collection":[{"href":"https:\/\/serr.disabilityrightsca.org\/sp\/wp-json\/wp\/v2\/pages"}],"about":[{"href":"https:\/\/serr.disabilityrightsca.org\/sp\/wp-json\/wp\/v2\/types\/page"}],"author":[{"embeddable":true,"href":"https:\/\/serr.disabilityrightsca.org\/sp\/wp-json\/wp\/v2\/users\/1"}],"replies":[{"embeddable":true,"href":"https:\/\/serr.disabilityrightsca.org\/sp\/wp-json\/wp\/v2\/comments?post=1753"}],"version-history":[{"count":2,"href":"https:\/\/serr.disabilityrightsca.org\/sp\/wp-json\/wp\/v2\/pages\/1753\/revisions"}],"predecessor-version":[{"id":3597,"href":"https:\/\/serr.disabilityrightsca.org\/sp\/wp-json\/wp\/v2\/pages\/1753\/revisions\/3597"}],"up":[{"embeddable":true,"href":"https:\/\/serr.disabilityrightsca.org\/sp\/wp-json\/wp\/v2\/pages\/321"}],"wp:attachment":[{"href":"https:\/\/serr.disabilityrightsca.org\/sp\/wp-json\/wp\/v2\/media?parent=1753"}],"curies":[{"name":"wp","href":"https:\/\/api.w.org\/{rel}","templated":true}]}}