{"id":1760,"date":"2019-11-21T10:03:00","date_gmt":"2019-11-21T18:03:00","guid":{"rendered":"http:\/\/serr.disabilityrightsca.org\/?page_id=1760"},"modified":"2020-08-06T16:01:22","modified_gmt":"2020-08-06T23:01:22","slug":"1-62-existen-normas-especiales-que-rijan-las-medidas-disciplinarias-para-los-alumnos-que-tienen-una-discapacidad-conforme-al-articulo-504-de-la-ley-de-rehabilitacion-de-1973","status":"publish","type":"page","link":"https:\/\/serr.disabilityrightsca.org\/sp\/serr-manual\/capitulo-1-informacion-sobre-derechos-fundamentales\/1-62-existen-normas-especiales-que-rijan-las-medidas-disciplinarias-para-los-alumnos-que-tienen-una-discapacidad-conforme-al-articulo-504-de-la-ley-de-rehabilitacion-de-1973\/","title":{"rendered":"(1.62) \u00bfExisten normas especiales que rijan las medidas disciplinarias para los alumnos que tienen una discapacidad conforme al art\u00edculo 504 de la Ley de Rehabilitaci\u00f3n de 1973?"},"content":{"rendered":"\n<p>El art\u00edculo 504 exige que las escuelas eval\u00faen a los alumnos que se cree que tienen una discapacidad antes de determinar su colocaci\u00f3n inicial y antes de que se realice alg\u00fan cambio posterior significativo en su colocaci\u00f3n. [34 C.F.R. Sec. 104.35(a)]. Seg\u00fan la OCR, la exclusi\u00f3n de un alumno por m\u00e1s de 10 d\u00edas consecutivos, su exclusi\u00f3n por un per\u00edodo indefinido y su exclusi\u00f3n permanente (expulsi\u00f3n) pueden constituir un cambio significativo en la colocaci\u00f3n conforme al art\u00edculo 504. Toda serie de suspensiones, que dure 10 d\u00edas o menos, pero que cree un \u201cpatr\u00f3n de exclusiones\u201d, tambi\u00e9n puede constituir un cambio significativo en la colocaci\u00f3n. [Office of Civil Rights, Letter re: Akron City School Dist., 19 IDELR 542 (Nov.18, 1992) (<em>cited in Parents of Student W. v. Puyallup Sch. Dist<\/em>., No. 3, 31 F.3d 1489, 1495 (9th Cir. 1994) (citing OCR Letter)].<\/p>\n","protected":false},"excerpt":{"rendered":"<p>El art\u00edculo 504 exige que las escuelas eval\u00faen a los alumnos que se cree que tienen una discapacidad antes de determinar su colocaci\u00f3n inicial y&hellip;<\/p>\n","protected":false},"author":1,"featured_media":0,"parent":321,"menu_order":62,"comment_status":"closed","ping_status":"closed","template":"","meta":{"footnotes":""},"class_list":["post-1760","page","type-page","status-publish","hentry"],"_links":{"self":[{"href":"https:\/\/serr.disabilityrightsca.org\/sp\/wp-json\/wp\/v2\/pages\/1760","targetHints":{"allow":["GET"]}}],"collection":[{"href":"https:\/\/serr.disabilityrightsca.org\/sp\/wp-json\/wp\/v2\/pages"}],"about":[{"href":"https:\/\/serr.disabilityrightsca.org\/sp\/wp-json\/wp\/v2\/types\/page"}],"author":[{"embeddable":true,"href":"https:\/\/serr.disabilityrightsca.org\/sp\/wp-json\/wp\/v2\/users\/1"}],"replies":[{"embeddable":true,"href":"https:\/\/serr.disabilityrightsca.org\/sp\/wp-json\/wp\/v2\/comments?post=1760"}],"version-history":[{"count":4,"href":"https:\/\/serr.disabilityrightsca.org\/sp\/wp-json\/wp\/v2\/pages\/1760\/revisions"}],"predecessor-version":[{"id":4181,"href":"https:\/\/serr.disabilityrightsca.org\/sp\/wp-json\/wp\/v2\/pages\/1760\/revisions\/4181"}],"up":[{"embeddable":true,"href":"https:\/\/serr.disabilityrightsca.org\/sp\/wp-json\/wp\/v2\/pages\/321"}],"wp:attachment":[{"href":"https:\/\/serr.disabilityrightsca.org\/sp\/wp-json\/wp\/v2\/media?parent=1760"}],"curies":[{"name":"wp","href":"https:\/\/api.w.org\/{rel}","templated":true}]}}