{"id":1766,"date":"2019-11-21T15:35:38","date_gmt":"2019-11-21T23:35:38","guid":{"rendered":"http:\/\/serr.disabilityrightsca.org\/?page_id=1766"},"modified":"2020-07-01T16:07:28","modified_gmt":"2020-07-01T23:07:28","slug":"1-65-el-ab-3632-es-la-unica-via-para-que-un-alumno-de-educacion-especial-de-california-pueda-recibir-terapia-fisica-u-ocupacional","status":"publish","type":"page","link":"https:\/\/serr.disabilityrightsca.org\/sp\/serr-manual\/capitulo-1-informacion-sobre-derechos-fundamentales\/1-65-el-ab-3632-es-la-unica-via-para-que-un-alumno-de-educacion-especial-de-california-pueda-recibir-terapia-fisica-u-ocupacional\/","title":{"rendered":"(1.65) \u00bfEl AB 3632 es la \u00fanica v\u00eda para que un alumno de educaci\u00f3n especial de California pueda recibir terapia f\u00edsica u ocupacional?"},"content":{"rendered":"\n<p>No. Los distritos escolares son responsables de brindar estos servicios relacionados cuando los dem\u00e1s organismos no los brindan y son necesarios para que un alumno se beneficie de la educaci\u00f3n especial. Los distritos no pueden negarse a incluir servicios en un IEP solo por no haber podido identificar una fuente de financiamiento. [Cal. Gov. Code Sec. 7572(d)]. El AB 3632 aclara espec\u00edficamente que los servicios que, seg\u00fan CCS, no son necesarios por motivos m\u00e9dicos quedan a cargo de la escuela local en caso de ser necesarios para que el ni\u00f1o pueda beneficiarse de la educaci\u00f3n especial. [Cal. Gov. Code Sec. 7575(a)(2)]. La terapia f\u00edsica y la terapia ocupacional est\u00e1n y siempre han estado incluidas entre los servicios relacionados de educaci\u00f3n especial contemplados por las leyes federales [34 C.F.R. Secs. 300.34(c)(6)(9) &amp; (10)] y estatales [Cal. Ed. Code Secs. 56363(b)(6) &amp; (10)] cuando son necesarios por motivos educativos. Es decir, si son necesarios para que un ni\u00f1o se beneficie de la educaci\u00f3n especial, los distritos escolares deben brindar estos servicios, incluso cuando, debido a sus propias normas o requisitos de elegibilidad, los organismos de CCS no los brindan. [34 C.F.R. Sec. 300.34(a); Cal. Ed. Code Sec. 56031].<\/p>\n","protected":false},"excerpt":{"rendered":"<p>No. Los distritos escolares son responsables de brindar estos servicios relacionados cuando los dem\u00e1s organismos no los brindan y son necesarios para que un alumno&hellip;<\/p>\n","protected":false},"author":1,"featured_media":0,"parent":321,"menu_order":65,"comment_status":"closed","ping_status":"closed","template":"","meta":{"footnotes":""},"class_list":["post-1766","page","type-page","status-publish","hentry"],"_links":{"self":[{"href":"https:\/\/serr.disabilityrightsca.org\/sp\/wp-json\/wp\/v2\/pages\/1766","targetHints":{"allow":["GET"]}}],"collection":[{"href":"https:\/\/serr.disabilityrightsca.org\/sp\/wp-json\/wp\/v2\/pages"}],"about":[{"href":"https:\/\/serr.disabilityrightsca.org\/sp\/wp-json\/wp\/v2\/types\/page"}],"author":[{"embeddable":true,"href":"https:\/\/serr.disabilityrightsca.org\/sp\/wp-json\/wp\/v2\/users\/1"}],"replies":[{"embeddable":true,"href":"https:\/\/serr.disabilityrightsca.org\/sp\/wp-json\/wp\/v2\/comments?post=1766"}],"version-history":[{"count":2,"href":"https:\/\/serr.disabilityrightsca.org\/sp\/wp-json\/wp\/v2\/pages\/1766\/revisions"}],"predecessor-version":[{"id":3602,"href":"https:\/\/serr.disabilityrightsca.org\/sp\/wp-json\/wp\/v2\/pages\/1766\/revisions\/3602"}],"up":[{"embeddable":true,"href":"https:\/\/serr.disabilityrightsca.org\/sp\/wp-json\/wp\/v2\/pages\/321"}],"wp:attachment":[{"href":"https:\/\/serr.disabilityrightsca.org\/sp\/wp-json\/wp\/v2\/media?parent=1766"}],"curies":[{"name":"wp","href":"https:\/\/api.w.org\/{rel}","templated":true}]}}