{"id":1768,"date":"2019-11-21T15:36:20","date_gmt":"2019-11-21T23:36:20","guid":{"rendered":"http:\/\/serr.disabilityrightsca.org\/?page_id=1768"},"modified":"2020-07-01T16:09:24","modified_gmt":"2020-07-01T23:09:24","slug":"1-66-que-alumnos-reciben-sus-servicios-de-terapia-fisica-u-ocupacional-por-parte-de-ccs","status":"publish","type":"page","link":"https:\/\/serr.disabilityrightsca.org\/sp\/serr-manual\/capitulo-1-informacion-sobre-derechos-fundamentales\/1-66-que-alumnos-reciben-sus-servicios-de-terapia-fisica-u-ocupacional-por-parte-de-ccs\/","title":{"rendered":"(1.66) \u00bfQu\u00e9 alumnos reciben sus servicios de terapia f\u00edsica u ocupacional por parte de CCS?"},"content":{"rendered":"\n<p>Si un equipo del IEP sospecha que un alumno puede llegar a necesitar terapia f\u00edsica u ocupacional por motivos tanto m\u00e9dicos como educativos, el equipo lo derivar\u00e1 a CCS para la evaluaci\u00f3n correspondiente. [Cal. Gov. Code Secs. 7572(a) &amp; 7575(a)(1)]. Solo los alumnos derivados a CCS que se determine que necesitan una de estas terapias por motivos m\u00e9dicos recibir\u00e1n los servicios por parte de CCS. Si el equipo del IEP no cree que exista una necesidad m\u00e9dica que justifique la terapia, o si tras la evaluaci\u00f3n CCS no cree que el alumno necesite terapia por motivos m\u00e9dicos, este recibir\u00e1 los servicios de terapia por parte del distrito tras una evaluaci\u00f3n llevada a cabo por el personal escolar, en caso de ser necesarios desde un punto de vista educativo. [Cal. Gov. Code Sec. 7575(a)(2)].<\/p>\n","protected":false},"excerpt":{"rendered":"<p>Si un equipo del IEP sospecha que un alumno puede llegar a necesitar terapia f\u00edsica u ocupacional por motivos tanto m\u00e9dicos como educativos, el equipo&hellip;<\/p>\n","protected":false},"author":1,"featured_media":0,"parent":321,"menu_order":66,"comment_status":"closed","ping_status":"closed","template":"","meta":{"footnotes":""},"class_list":["post-1768","page","type-page","status-publish","hentry"],"_links":{"self":[{"href":"https:\/\/serr.disabilityrightsca.org\/sp\/wp-json\/wp\/v2\/pages\/1768","targetHints":{"allow":["GET"]}}],"collection":[{"href":"https:\/\/serr.disabilityrightsca.org\/sp\/wp-json\/wp\/v2\/pages"}],"about":[{"href":"https:\/\/serr.disabilityrightsca.org\/sp\/wp-json\/wp\/v2\/types\/page"}],"author":[{"embeddable":true,"href":"https:\/\/serr.disabilityrightsca.org\/sp\/wp-json\/wp\/v2\/users\/1"}],"replies":[{"embeddable":true,"href":"https:\/\/serr.disabilityrightsca.org\/sp\/wp-json\/wp\/v2\/comments?post=1768"}],"version-history":[{"count":2,"href":"https:\/\/serr.disabilityrightsca.org\/sp\/wp-json\/wp\/v2\/pages\/1768\/revisions"}],"predecessor-version":[{"id":3603,"href":"https:\/\/serr.disabilityrightsca.org\/sp\/wp-json\/wp\/v2\/pages\/1768\/revisions\/3603"}],"up":[{"embeddable":true,"href":"https:\/\/serr.disabilityrightsca.org\/sp\/wp-json\/wp\/v2\/pages\/321"}],"wp:attachment":[{"href":"https:\/\/serr.disabilityrightsca.org\/sp\/wp-json\/wp\/v2\/media?parent=1768"}],"curies":[{"name":"wp","href":"https:\/\/api.w.org\/{rel}","templated":true}]}}