{"id":1770,"date":"2019-11-21T15:37:22","date_gmt":"2019-11-21T23:37:22","guid":{"rendered":"http:\/\/serr.disabilityrightsca.org\/?page_id=1770"},"modified":"2020-07-01T16:11:27","modified_gmt":"2020-07-01T23:11:27","slug":"1-67-quien-toma-las-decisiones-en-nombre-de-un-alumno-de-educacion-especial-cuyos-padres-ya-no-tienen-derecho-sobre-este-o-no-estan-involucrados-en-su-vida","status":"publish","type":"page","link":"https:\/\/serr.disabilityrightsca.org\/sp\/serr-manual\/capitulo-1-informacion-sobre-derechos-fundamentales\/1-67-quien-toma-las-decisiones-en-nombre-de-un-alumno-de-educacion-especial-cuyos-padres-ya-no-tienen-derecho-sobre-este-o-no-estan-involucrados-en-su-vida\/","title":{"rendered":"(1.67) \u00bfQui\u00e9n toma las decisiones en nombre de un alumno de educaci\u00f3n especial cuyos padres ya no tienen derecho sobre este o no est\u00e1n involucrados en su vida?"},"content":{"rendered":"\n<p>Cuando no hay ninguna persona que pueda\nactuar como padre para un alumno con discapacidades, el distrito escolar o el\ntribunal de menores debe designar a un adulto responsable para que tome las\ndecisiones educativas. Conforme al AB 3632, el adulto responsable se denomina\n\u201cpadre sustituto\u201d.<\/p>\n\n\n\n<p>El distrito debe hacer todo lo posible para\ndesignar a un sustituto dentro de los 30 d\u00edas tras determinar que se necesita\nuno. Adem\u00e1s, el adulto responsable designado no puede tener ning\u00fan conflicto de\nintereses con el alumno. Un conflicto implica todo inter\u00e9s que pueda limitar o\nafectar la capacidad para defender todos los servicios necesarios para\ngarantizar que el alumno reciba una FAPE. [Cal. Gov. Code Secs. 7579.5(a) &amp;\n(i)].<\/p>\n\n\n\n<p>Si el alumno est\u00e1 sujeto a la autoridad del\ntribunal de menores, el juez debe designar a alguien para que tome las\ndecisiones educativas en nombre del dependiente o ni\u00f1o que est\u00e1 bajo tutela\njudicial. El tribunal puede conferirles la autoridad para la toma de decisiones\na los padres si contin\u00faan involucrados en su vida. Sin embargo, tiene poder\npara limitar la autoridad de los padres en cuanto a las decisiones educativas\nmediante una orden judicial, pero solo en la medida en que sea necesario para\nproteger al alumno.<\/p>\n","protected":false},"excerpt":{"rendered":"<p>Cuando no hay ninguna persona que pueda actuar como padre para un alumno con discapacidades, el distrito escolar o el tribunal de menores debe designar&hellip;<\/p>\n","protected":false},"author":1,"featured_media":0,"parent":321,"menu_order":67,"comment_status":"closed","ping_status":"closed","template":"","meta":{"footnotes":""},"class_list":["post-1770","page","type-page","status-publish","hentry"],"_links":{"self":[{"href":"https:\/\/serr.disabilityrightsca.org\/sp\/wp-json\/wp\/v2\/pages\/1770","targetHints":{"allow":["GET"]}}],"collection":[{"href":"https:\/\/serr.disabilityrightsca.org\/sp\/wp-json\/wp\/v2\/pages"}],"about":[{"href":"https:\/\/serr.disabilityrightsca.org\/sp\/wp-json\/wp\/v2\/types\/page"}],"author":[{"embeddable":true,"href":"https:\/\/serr.disabilityrightsca.org\/sp\/wp-json\/wp\/v2\/users\/1"}],"replies":[{"embeddable":true,"href":"https:\/\/serr.disabilityrightsca.org\/sp\/wp-json\/wp\/v2\/comments?post=1770"}],"version-history":[{"count":2,"href":"https:\/\/serr.disabilityrightsca.org\/sp\/wp-json\/wp\/v2\/pages\/1770\/revisions"}],"predecessor-version":[{"id":3604,"href":"https:\/\/serr.disabilityrightsca.org\/sp\/wp-json\/wp\/v2\/pages\/1770\/revisions\/3604"}],"up":[{"embeddable":true,"href":"https:\/\/serr.disabilityrightsca.org\/sp\/wp-json\/wp\/v2\/pages\/321"}],"wp:attachment":[{"href":"https:\/\/serr.disabilityrightsca.org\/sp\/wp-json\/wp\/v2\/media?parent=1770"}],"curies":[{"name":"wp","href":"https:\/\/api.w.org\/{rel}","templated":true}]}}