{"id":1781,"date":"2019-11-21T15:46:48","date_gmt":"2019-11-21T23:46:48","guid":{"rendered":"http:\/\/serr.disabilityrightsca.org\/?page_id=1781"},"modified":"2020-08-06T16:04:59","modified_gmt":"2020-08-06T23:04:59","slug":"1-72-puede-un-alumno-seguir-recibiendo-servicios-de-transicion-luego-de-recibir-un-certificado-de-finalizacion","status":"publish","type":"page","link":"https:\/\/serr.disabilityrightsca.org\/sp\/serr-manual\/capitulo-1-informacion-sobre-derechos-fundamentales\/1-72-puede-un-alumno-seguir-recibiendo-servicios-de-transicion-luego-de-recibir-un-certificado-de-finalizacion\/","title":{"rendered":"(1.72) \u00bfPuede un alumno seguir recibiendo servicios de transici\u00f3n luego de recibir un certificado de finalizaci\u00f3n?"},"content":{"rendered":"\n<p>S\u00ed. Un alumno que no ha reunido los requisitos para la graduaci\u00f3n puede recibir un \u201ccertificado de logros (\u201ccertificado de finalizaci\u00f3n\u201d) al final del \u00faltimo a\u00f1o escolar t\u00edpico o en cualquier momento antes de la salida del distrito escolar. El distrito debe continuar brind\u00e1ndole servicios de transici\u00f3n a este alumno hasta que cumpla 22 a\u00f1os. Consulte el <a href=\"https:\/\/serr.disabilityrightsca.org\/sp\/serr-manual\/capitulo-11-informacion-sobre-las-evaluaciones-estatales-y-los-requisitos-para-la-graduacion\/\">cap\u00edtulo 11, <em>Informaci\u00f3n sobre las evaluaciones y los requisitos para la graduaci\u00f3n.<\/em><\/a><\/p>\n\n\n\n<p>Debe\nasegurarse de que el IEP de su hijo incluya un plan de transici\u00f3n a partir de\nlos 16 a\u00f1os de edad o antes, que se enfoque en los servicios de transici\u00f3n.\n[Cal. Ed. Code Sec. 56345(a)(8)]. Tambi\u00e9n debe analizar con el equipo del IEP\nde qu\u00e9 manera los objetivos del IEP de su hijo orientados a la transici\u00f3n se\ncumplir\u00e1n antes de que terminen todos los servicios proporcionados por el\ndistrito escolar.<\/p>\n","protected":false},"excerpt":{"rendered":"<p>S\u00ed. Un alumno que no ha reunido los requisitos para la graduaci\u00f3n puede recibir un \u201ccertificado de logros (\u201ccertificado de finalizaci\u00f3n\u201d) al final del \u00faltimo&hellip;<\/p>\n","protected":false},"author":1,"featured_media":0,"parent":321,"menu_order":72,"comment_status":"closed","ping_status":"closed","template":"","meta":{"footnotes":""},"class_list":["post-1781","page","type-page","status-publish","hentry"],"_links":{"self":[{"href":"https:\/\/serr.disabilityrightsca.org\/sp\/wp-json\/wp\/v2\/pages\/1781","targetHints":{"allow":["GET"]}}],"collection":[{"href":"https:\/\/serr.disabilityrightsca.org\/sp\/wp-json\/wp\/v2\/pages"}],"about":[{"href":"https:\/\/serr.disabilityrightsca.org\/sp\/wp-json\/wp\/v2\/types\/page"}],"author":[{"embeddable":true,"href":"https:\/\/serr.disabilityrightsca.org\/sp\/wp-json\/wp\/v2\/users\/1"}],"replies":[{"embeddable":true,"href":"https:\/\/serr.disabilityrightsca.org\/sp\/wp-json\/wp\/v2\/comments?post=1781"}],"version-history":[{"count":3,"href":"https:\/\/serr.disabilityrightsca.org\/sp\/wp-json\/wp\/v2\/pages\/1781\/revisions"}],"predecessor-version":[{"id":4184,"href":"https:\/\/serr.disabilityrightsca.org\/sp\/wp-json\/wp\/v2\/pages\/1781\/revisions\/4184"}],"up":[{"embeddable":true,"href":"https:\/\/serr.disabilityrightsca.org\/sp\/wp-json\/wp\/v2\/pages\/321"}],"wp:attachment":[{"href":"https:\/\/serr.disabilityrightsca.org\/sp\/wp-json\/wp\/v2\/media?parent=1781"}],"curies":[{"name":"wp","href":"https:\/\/api.w.org\/{rel}","templated":true}]}}