{"id":1783,"date":"2019-11-21T15:47:12","date_gmt":"2019-11-21T23:47:12","guid":{"rendered":"http:\/\/serr.disabilityrightsca.org\/?page_id=1783"},"modified":"2020-08-06T16:05:31","modified_gmt":"2020-08-06T23:05:31","slug":"1-73-cual-es-la-relacion-entre-los-servicios-de-transicion-y-la-educacion-profesional","status":"publish","type":"page","link":"https:\/\/serr.disabilityrightsca.org\/sp\/serr-manual\/capitulo-1-informacion-sobre-derechos-fundamentales\/1-73-cual-es-la-relacion-entre-los-servicios-de-transicion-y-la-educacion-profesional\/","title":{"rendered":"(1.73) \u00bfCu\u00e1l es la relaci\u00f3n entre los servicios de transici\u00f3n y la educaci\u00f3n profesional?"},"content":{"rendered":"\n<p>La educaci\u00f3n profesional se define, en t\u00e9rminos\namplios, en la definici\u00f3n general de educaci\u00f3n especial como aquellos\n\u201cprogramas educativos organizados que se encuentran directamente relacionados\ncon la preparaci\u00f3n de las personas para los empleos remunerados y no\nremunerados o con la preparaci\u00f3n adicional para una profesi\u00f3n que no requiere\nde un diploma de bachillerato o avanzado\u201d. [34 C.F.R. Sec. 300.39(b)(5)].\nAdem\u00e1s, la capacitaci\u00f3n profesional est\u00e1 incluida en la definici\u00f3n de servicios\nde transici\u00f3n. [34 C.F.R. Sec. 300.43]. Debido a que la educaci\u00f3n y la\ncapacitaci\u00f3n profesional pueden ser una parte crucial de los servicios de\ntransici\u00f3n de un alumno, tambi\u00e9n deben constituir una parte importante del\nproceso de planificaci\u00f3n del ITP.<\/p>\n\n\n\n<p>La educaci\u00f3n profesional dise\u00f1ada\nespec\u00edficamente y el desarrollo profesional para las personas con\ndiscapacidades pueden incluir lo siguiente: <\/p>\n\n\n\n<p>(1) Provisi\u00f3n de programas preprofesionales,\ndeterminaci\u00f3n de programas de capacitaci\u00f3n laboral, asistencia en las\ncolocaciones laborales, instrucci\u00f3n de capacitadores para el empleo y\nempleadores en cuanto a las necesidades \u00fanicas de las personas, coordinaci\u00f3n de\nservicios con el Departamento de Rehabilitaci\u00f3n (Department of Rehabilitation,\nDOR) y otros organismos. <\/p>\n\n\n\n<p>(2) Coordinaci\u00f3n y modificaci\u00f3n del programa de\neducaci\u00f3n profesional general. <\/p>\n\n\n\n<p>(3) Asistencia a las personas en el desarrollo\nde sus aptitudes, confianza y competencias profesionales para localizar,\nobtener y conservar un empleo en la comunidad o en un entorno protegido, y para\npermitirles convertirse en miembros participativos de la comunidad. <\/p>\n\n\n\n<p>(4) Mantenimiento de un contacto programado regularmente con todos los puestos de trabajo y entrenadores en el sitio de trabajo. [5 C.C.R. Sec. 3051.14].<\/p>\n","protected":false},"excerpt":{"rendered":"<p>La educaci\u00f3n profesional se define, en t\u00e9rminos amplios, en la definici\u00f3n general de educaci\u00f3n especial como aquellos \u201cprogramas educativos organizados que se encuentran directamente relacionados&hellip;<\/p>\n","protected":false},"author":1,"featured_media":0,"parent":321,"menu_order":73,"comment_status":"closed","ping_status":"closed","template":"","meta":{"footnotes":""},"class_list":["post-1783","page","type-page","status-publish","hentry"],"_links":{"self":[{"href":"https:\/\/serr.disabilityrightsca.org\/sp\/wp-json\/wp\/v2\/pages\/1783","targetHints":{"allow":["GET"]}}],"collection":[{"href":"https:\/\/serr.disabilityrightsca.org\/sp\/wp-json\/wp\/v2\/pages"}],"about":[{"href":"https:\/\/serr.disabilityrightsca.org\/sp\/wp-json\/wp\/v2\/types\/page"}],"author":[{"embeddable":true,"href":"https:\/\/serr.disabilityrightsca.org\/sp\/wp-json\/wp\/v2\/users\/1"}],"replies":[{"embeddable":true,"href":"https:\/\/serr.disabilityrightsca.org\/sp\/wp-json\/wp\/v2\/comments?post=1783"}],"version-history":[{"count":4,"href":"https:\/\/serr.disabilityrightsca.org\/sp\/wp-json\/wp\/v2\/pages\/1783\/revisions"}],"predecessor-version":[{"id":4185,"href":"https:\/\/serr.disabilityrightsca.org\/sp\/wp-json\/wp\/v2\/pages\/1783\/revisions\/4185"}],"up":[{"embeddable":true,"href":"https:\/\/serr.disabilityrightsca.org\/sp\/wp-json\/wp\/v2\/pages\/321"}],"wp:attachment":[{"href":"https:\/\/serr.disabilityrightsca.org\/sp\/wp-json\/wp\/v2\/media?parent=1783"}],"curies":[{"name":"wp","href":"https:\/\/api.w.org\/{rel}","templated":true}]}}