{"id":1786,"date":"2019-11-21T15:49:07","date_gmt":"2019-11-21T23:49:07","guid":{"rendered":"http:\/\/serr.disabilityrightsca.org\/?page_id=1786"},"modified":"2020-07-01T16:17:57","modified_gmt":"2020-07-01T23:17:57","slug":"1-74-que-es-el-empleo-con-apoyo","status":"publish","type":"page","link":"https:\/\/serr.disabilityrightsca.org\/sp\/serr-manual\/capitulo-1-informacion-sobre-derechos-fundamentales\/1-74-que-es-el-empleo-con-apoyo\/","title":{"rendered":"(1.74) \u00bfQu\u00e9 es el empleo con apoyo?"},"content":{"rendered":"\n<p>El \u201cempleo con apoyo\u201d es una opci\u00f3n de\ncolocaci\u00f3n profesional que se ha utilizado principalmente para las personas con\ndiscapacidades del desarrollo. Conforme la ley estatal (la \u201cLey Lanterman\u201d\n[Lanterman Act]), esto alude a un trabajo remunerado en un entorno integrado en\nla comunidad, en el que interact\u00faan las personas con discapacidades y sin\nellas. El empleado puede ser contratado por el empleador en la comunidad\ndirectamente o mediante un contrato (con el centro regional o el Departamento\nde Rehabilitaci\u00f3n) a trav\u00e9s de una agencia de empleo con apoyo. Por lo general,\nlos servicios de apoyo continuos son proporcionados al empleado de manera que\npueda conservar el empleo. [California Welfare and Institutions Code (Cal. Welf. &amp; Inst. Code)\nSecs. 4851(n)-(p)]. Esta opci\u00f3n\nde colocaci\u00f3n profesional tambi\u00e9n deber\u00eda estar disponible para las personas\ncon otras discapacidades.<\/p>\n\n\n\n<h3 class=\"wp-block-heading\">&nbsp;<\/h3>\n","protected":false},"excerpt":{"rendered":"<p>El \u201cempleo con apoyo\u201d es una opci\u00f3n de colocaci\u00f3n profesional que se ha utilizado principalmente para las personas con discapacidades del desarrollo. Conforme la ley&hellip;<\/p>\n","protected":false},"author":1,"featured_media":0,"parent":321,"menu_order":74,"comment_status":"closed","ping_status":"closed","template":"","meta":{"footnotes":""},"class_list":["post-1786","page","type-page","status-publish","hentry"],"_links":{"self":[{"href":"https:\/\/serr.disabilityrightsca.org\/sp\/wp-json\/wp\/v2\/pages\/1786","targetHints":{"allow":["GET"]}}],"collection":[{"href":"https:\/\/serr.disabilityrightsca.org\/sp\/wp-json\/wp\/v2\/pages"}],"about":[{"href":"https:\/\/serr.disabilityrightsca.org\/sp\/wp-json\/wp\/v2\/types\/page"}],"author":[{"embeddable":true,"href":"https:\/\/serr.disabilityrightsca.org\/sp\/wp-json\/wp\/v2\/users\/1"}],"replies":[{"embeddable":true,"href":"https:\/\/serr.disabilityrightsca.org\/sp\/wp-json\/wp\/v2\/comments?post=1786"}],"version-history":[{"count":2,"href":"https:\/\/serr.disabilityrightsca.org\/sp\/wp-json\/wp\/v2\/pages\/1786\/revisions"}],"predecessor-version":[{"id":3611,"href":"https:\/\/serr.disabilityrightsca.org\/sp\/wp-json\/wp\/v2\/pages\/1786\/revisions\/3611"}],"up":[{"embeddable":true,"href":"https:\/\/serr.disabilityrightsca.org\/sp\/wp-json\/wp\/v2\/pages\/321"}],"wp:attachment":[{"href":"https:\/\/serr.disabilityrightsca.org\/sp\/wp-json\/wp\/v2\/media?parent=1786"}],"curies":[{"name":"wp","href":"https:\/\/api.w.org\/{rel}","templated":true}]}}