{"id":1788,"date":"2019-11-21T15:49:57","date_gmt":"2019-11-21T23:49:57","guid":{"rendered":"http:\/\/serr.disabilityrightsca.org\/?page_id=1788"},"modified":"2020-08-06T16:09:32","modified_gmt":"2020-08-06T23:09:32","slug":"1-75-el-departamento-de-rehabilitacion-de-california-tiene-la-responsabilidad-de-asistir-a-mi-hijo-en-la-transicion-de-la-educacion-especial-a-la-vida-adulta-postescolar","status":"publish","type":"page","link":"https:\/\/serr.disabilityrightsca.org\/sp\/serr-manual\/capitulo-1-informacion-sobre-derechos-fundamentales\/1-75-el-departamento-de-rehabilitacion-de-california-tiene-la-responsabilidad-de-asistir-a-mi-hijo-en-la-transicion-de-la-educacion-especial-a-la-vida-adulta-postescolar\/","title":{"rendered":"(1.75) \u00bfEl Departamento de Rehabilitaci\u00f3n de California tiene la responsabilidad de asistir a mi hijo en la transici\u00f3n de la educaci\u00f3n especial a la vida adulta postescolar?"},"content":{"rendered":"\n<p>S\u00ed. El organismo de rehabilitaci\u00f3n profesional de cada estado debe contar con pol\u00edticas y procedimientos vigentes para la coordinaci\u00f3n entre el organismo y los funcionarios responsables de la educaci\u00f3n especial. El Departamento de Rehabilitaci\u00f3n de California debe proporcionar asistencia t\u00e9cnica a los distritos en la planificaci\u00f3n de la transici\u00f3n y los servicios en \u00e1reas como la rehabilitaci\u00f3n profesional y el desarrollo del IEP. [29 U.S.C. Sec. 721(a)(11)(D)]. Consulte el <a href=\"https:\/\/serr.disabilityrightsca.org\/sp\/serr-manual\/capitulo-10-informacion-sobre-los-servicios-de-transicion-incluida-la-educacion-vocacional\/\">cap\u00edtulo 10, <em>Informaci\u00f3n sobre los servicios de transici\u00f3n, incluida la educaci\u00f3n profesional<\/em>.<\/a><\/p>\n","protected":false},"excerpt":{"rendered":"<p>S\u00ed. El organismo de rehabilitaci\u00f3n profesional de cada estado debe contar con pol\u00edticas y procedimientos vigentes para la coordinaci\u00f3n entre el organismo y los funcionarios&hellip;<\/p>\n","protected":false},"author":1,"featured_media":0,"parent":321,"menu_order":75,"comment_status":"closed","ping_status":"closed","template":"","meta":{"footnotes":""},"class_list":["post-1788","page","type-page","status-publish","hentry"],"_links":{"self":[{"href":"https:\/\/serr.disabilityrightsca.org\/sp\/wp-json\/wp\/v2\/pages\/1788","targetHints":{"allow":["GET"]}}],"collection":[{"href":"https:\/\/serr.disabilityrightsca.org\/sp\/wp-json\/wp\/v2\/pages"}],"about":[{"href":"https:\/\/serr.disabilityrightsca.org\/sp\/wp-json\/wp\/v2\/types\/page"}],"author":[{"embeddable":true,"href":"https:\/\/serr.disabilityrightsca.org\/sp\/wp-json\/wp\/v2\/users\/1"}],"replies":[{"embeddable":true,"href":"https:\/\/serr.disabilityrightsca.org\/sp\/wp-json\/wp\/v2\/comments?post=1788"}],"version-history":[{"count":4,"href":"https:\/\/serr.disabilityrightsca.org\/sp\/wp-json\/wp\/v2\/pages\/1788\/revisions"}],"predecessor-version":[{"id":4186,"href":"https:\/\/serr.disabilityrightsca.org\/sp\/wp-json\/wp\/v2\/pages\/1788\/revisions\/4186"}],"up":[{"embeddable":true,"href":"https:\/\/serr.disabilityrightsca.org\/sp\/wp-json\/wp\/v2\/pages\/321"}],"wp:attachment":[{"href":"https:\/\/serr.disabilityrightsca.org\/sp\/wp-json\/wp\/v2\/media?parent=1788"}],"curies":[{"name":"wp","href":"https:\/\/api.w.org\/{rel}","templated":true}]}}