{"id":1790,"date":"2019-11-21T15:51:08","date_gmt":"2019-11-21T23:51:08","guid":{"rendered":"http:\/\/serr.disabilityrightsca.org\/?page_id=1790"},"modified":"2020-08-06T16:10:37","modified_gmt":"2020-08-06T23:10:37","slug":"1-76-que-es-el-sistema-de-evaluacion-del-rendimiento-y-progreso-estudiantil-de-california-california-assessment-of-student-performance-and-progress-caaspp","status":"publish","type":"page","link":"https:\/\/serr.disabilityrightsca.org\/sp\/serr-manual\/capitulo-1-informacion-sobre-derechos-fundamentales\/1-76-que-es-el-sistema-de-evaluacion-del-rendimiento-y-progreso-estudiantil-de-california-california-assessment-of-student-performance-and-progress-caaspp\/","title":{"rendered":"(1.76) \u00bfQu\u00e9 es el sistema de Evaluaci\u00f3n del Rendimiento y Progreso Estudiantil de California (California Assessment of Student Performance and Progress, CAASPP)?"},"content":{"rendered":"\n<p>La CAASPP es el sistema de evaluaci\u00f3n del\nrendimiento escolar de California para lengua y literatura\ninglesa\/alfabetizaci\u00f3n (ELA) y matem\u00e1tica, para los alumnos de tercer a octavo\ngrado y de und\u00e9cimo grado.&nbsp; Incluye la\nEvaluaci\u00f3n de Ciencias de California (California Science Test, CAST) para los\nalumnos de quinto y octavo grado y otra para los grados d\u00e9cimo, und\u00e9cimo o\nduod\u00e9cimo en los que el alumno recibe ense\u00f1anza en ciencias. [Title 5\nCalifornia Code of Regulations (C.C.R) Sec. 851.5]. El sistema CAASPP reemplaz\u00f3\nel programa Pruebas e Informes Estandarizados (Standardized Testing and\nReporting, STAR) y se implement\u00f3 en el a\u00f1o escolar 2014-15. [California\nEducation Code (Cal. Ed. Code) Sec. 60640].<\/p>\n\n\n\n<p>Las partes de ELA y matem\u00e1tica de la evaluaci\u00f3n\ntienen como base los Est\u00e1ndares Estatales B\u00e1sicos Comunes (Common Core State\nStandards, CCSS), que son una serie de est\u00e1ndares de rendimiento educativo que\nCalifornia y otros estados han adoptado desde 2010. Los CCSS describen qu\u00e9\ndeben saber y poder hacer los alumnos en cada asignatura, en cada uno de estos\nniveles de grados. La CAST eval\u00faa lo que los alumnos saben y pueden hacer\nutilizando los Est\u00e1ndares de Ciencias de \u00daltima Generaci\u00f3n (Next Generation\nScience Standards) de California, que se centran en la comprensi\u00f3n de los\nconceptos cient\u00edficos de las ciencias biol\u00f3gicas, las ciencias de la tierra y\nel espacio, y las ciencias f\u00edsicas.<\/p>\n\n\n\n<p>Los alumnos con un IEP de tercer a octavo gravo y de und\u00e9cimo grado que no pueden realizar las pruebas de la evaluaci\u00f3n CAASPP incluso con las adaptaciones adecuadas, y cuyos padres no los eximen del programa, pueden realizar una prueba alternativa que se conoce como Evaluaci\u00f3n Alternativa de California (California Alternate Assessment, CAA).\u00a0 Consulte el <a href=\"https:\/\/serr.disabilityrightsca.org\/sp\/serr-manual\/capitulo-11-informacion-sobre-las-evaluaciones-estatales-y-los-requisitos-para-la-graduacion\/\">cap\u00edtulo 11, <em>Informaci\u00f3n sobre las evaluaciones del distrito y los requisitos para la graduaci\u00f3n.<\/em><\/a><\/p>\n","protected":false},"excerpt":{"rendered":"<p>La CAASPP es el sistema de evaluaci\u00f3n del rendimiento escolar de California para lengua y literatura inglesa\/alfabetizaci\u00f3n (ELA) y matem\u00e1tica, para los alumnos de tercer&hellip;<\/p>\n","protected":false},"author":1,"featured_media":0,"parent":321,"menu_order":76,"comment_status":"closed","ping_status":"closed","template":"","meta":{"footnotes":""},"class_list":["post-1790","page","type-page","status-publish","hentry"],"_links":{"self":[{"href":"https:\/\/serr.disabilityrightsca.org\/sp\/wp-json\/wp\/v2\/pages\/1790","targetHints":{"allow":["GET"]}}],"collection":[{"href":"https:\/\/serr.disabilityrightsca.org\/sp\/wp-json\/wp\/v2\/pages"}],"about":[{"href":"https:\/\/serr.disabilityrightsca.org\/sp\/wp-json\/wp\/v2\/types\/page"}],"author":[{"embeddable":true,"href":"https:\/\/serr.disabilityrightsca.org\/sp\/wp-json\/wp\/v2\/users\/1"}],"replies":[{"embeddable":true,"href":"https:\/\/serr.disabilityrightsca.org\/sp\/wp-json\/wp\/v2\/comments?post=1790"}],"version-history":[{"count":4,"href":"https:\/\/serr.disabilityrightsca.org\/sp\/wp-json\/wp\/v2\/pages\/1790\/revisions"}],"predecessor-version":[{"id":4187,"href":"https:\/\/serr.disabilityrightsca.org\/sp\/wp-json\/wp\/v2\/pages\/1790\/revisions\/4187"}],"up":[{"embeddable":true,"href":"https:\/\/serr.disabilityrightsca.org\/sp\/wp-json\/wp\/v2\/pages\/321"}],"wp:attachment":[{"href":"https:\/\/serr.disabilityrightsca.org\/sp\/wp-json\/wp\/v2\/media?parent=1790"}],"curies":[{"name":"wp","href":"https:\/\/api.w.org\/{rel}","templated":true}]}}