{"id":1792,"date":"2019-11-21T15:52:45","date_gmt":"2019-11-21T23:52:45","guid":{"rendered":"http:\/\/serr.disabilityrightsca.org\/?page_id=1792"},"modified":"2020-07-01T16:26:18","modified_gmt":"2020-07-01T23:26:18","slug":"1-77-cuales-son-los-requisitos-para-recibir-un-diploma-de-la-escuela-secundaria-en-california","status":"publish","type":"page","link":"https:\/\/serr.disabilityrightsca.org\/sp\/serr-manual\/capitulo-1-informacion-sobre-derechos-fundamentales\/1-77-cuales-son-los-requisitos-para-recibir-un-diploma-de-la-escuela-secundaria-en-california\/","title":{"rendered":"(1.77) \u00bfCu\u00e1les son los requisitos para recibir un diploma de la escuela secundaria en California?"},"content":{"rendered":"\n<p>Todos los alumnos t\u00edpicos de una escuela\nsecundaria p\u00fablica deben completar lo que se denomina \u201cel programa de estudios\nobligatorio\u201d. Dicho programa es una lista de 13 cursos que el estado indica\ncomo obligatorios para recibir el diploma. Estos son los siguientes:<\/p>\n\n\n\n<p>(1) tres cursos de lengua inglesa;<\/p>\n\n\n\n<p>(2) dos cursos de matem\u00e1tica (incluida\n\u00e1lgebra&nbsp;I);<\/p>\n\n\n\n<p>(3) tres cursos de ciencias sociales (historia\ny geograf\u00eda de los Estados Unidos; historia, cultura y geograf\u00eda del mundo; y\nun semestre de gobierno de los Estados Unidos y otro de econom\u00eda);<\/p>\n\n\n\n<p>(4) dos cursos de ciencias (biol\u00f3gicas y\nf\u00edsicas);<\/p>\n\n\n\n<p>(5) dos cursos de educaci\u00f3n f\u00edsica;<\/p>\n\n\n\n<p>(6) un curso de lengua extranjera o artes\nvisuales y esc\u00e9nicas o educaci\u00f3n t\u00e9cnica.<\/p>\n\n\n\n<p>[Cal. Ed. Code Sec. 51224.5 y 51225.3].<\/p>\n\n\n\n<p>Los distritos escolares deben garantizar que\nlos alumnos realicen el programa de estudios obligatorio antes de entregar los\ndiplomas, pero los distritos escolares locales pueden agregar m\u00e1s requisitos.\n[Cal. Ed. Code Sec. 51225.3(a)(1)&amp;(2)]. Debe comunicarse con su distrito\nescolar para averiguar si all\u00ed se aplica alg\u00fan curso o requisito adicional,\ncomo un proyecto para alumnos del \u00faltimo a\u00f1o.<\/p>\n","protected":false},"excerpt":{"rendered":"<p>Todos los alumnos t\u00edpicos de una escuela secundaria p\u00fablica deben completar lo que se denomina \u201cel programa de estudios obligatorio\u201d. Dicho programa es una lista&hellip;<\/p>\n","protected":false},"author":1,"featured_media":0,"parent":321,"menu_order":77,"comment_status":"closed","ping_status":"closed","template":"","meta":{"footnotes":""},"class_list":["post-1792","page","type-page","status-publish","hentry"],"_links":{"self":[{"href":"https:\/\/serr.disabilityrightsca.org\/sp\/wp-json\/wp\/v2\/pages\/1792","targetHints":{"allow":["GET"]}}],"collection":[{"href":"https:\/\/serr.disabilityrightsca.org\/sp\/wp-json\/wp\/v2\/pages"}],"about":[{"href":"https:\/\/serr.disabilityrightsca.org\/sp\/wp-json\/wp\/v2\/types\/page"}],"author":[{"embeddable":true,"href":"https:\/\/serr.disabilityrightsca.org\/sp\/wp-json\/wp\/v2\/users\/1"}],"replies":[{"embeddable":true,"href":"https:\/\/serr.disabilityrightsca.org\/sp\/wp-json\/wp\/v2\/comments?post=1792"}],"version-history":[{"count":2,"href":"https:\/\/serr.disabilityrightsca.org\/sp\/wp-json\/wp\/v2\/pages\/1792\/revisions"}],"predecessor-version":[{"id":3614,"href":"https:\/\/serr.disabilityrightsca.org\/sp\/wp-json\/wp\/v2\/pages\/1792\/revisions\/3614"}],"up":[{"embeddable":true,"href":"https:\/\/serr.disabilityrightsca.org\/sp\/wp-json\/wp\/v2\/pages\/321"}],"wp:attachment":[{"href":"https:\/\/serr.disabilityrightsca.org\/sp\/wp-json\/wp\/v2\/media?parent=1792"}],"curies":[{"name":"wp","href":"https:\/\/api.w.org\/{rel}","templated":true}]}}