{"id":1796,"date":"2019-11-21T15:54:24","date_gmt":"2019-11-21T23:54:24","guid":{"rendered":"http:\/\/serr.disabilityrightsca.org\/?page_id=1796"},"modified":"2020-07-01T16:29:44","modified_gmt":"2020-07-01T23:29:44","slug":"1-79-si-mi-hijo-cumple-con-los-requisitos-para-la-graduacion-y-recibe-un-diploma-pierde-la-elegibilidad-para-recibir-educacion-especial","status":"publish","type":"page","link":"https:\/\/serr.disabilityrightsca.org\/sp\/serr-manual\/capitulo-1-informacion-sobre-derechos-fundamentales\/1-79-si-mi-hijo-cumple-con-los-requisitos-para-la-graduacion-y-recibe-un-diploma-pierde-la-elegibilidad-para-recibir-educacion-especial\/","title":{"rendered":"(1.79) Si mi hijo cumple con los requisitos para la graduaci\u00f3n y recibe un diploma, \u00bfpierde la elegibilidad para recibir educaci\u00f3n especial?"},"content":{"rendered":"\n<p>S\u00ed. La graduaci\u00f3n con un diploma normal de la escuela secundaria har\u00e1 que su hijo ya no re\u00fana los requisitos para los servicios de educaci\u00f3n especial. La graduaci\u00f3n con un diploma normal es un cambio de colocaci\u00f3n para los alumnos de educaci\u00f3n especial. [34 C.F.R. Sec. 300.102(a)(3)(i); Cal. Ed. Code Secs. 56026.1(a), 56500.5]. El distrito debe enviarle una notificaci\u00f3n por escrito con anticipaci\u00f3n (un tiempo razonable antes del cambio en la colocaci\u00f3n), la cual debe incluir lo siguiente: una descripci\u00f3n de la intenci\u00f3n del distrito; una explicaci\u00f3n de los motivos de esta medida; una descripci\u00f3n de todas alternativas que el distrito haya considerado y por qu\u00e9 se descartaron; una descripci\u00f3n de los informes, las pruebas y los procedimientos sobre los que se basa la medida; las fuentes que los padres pueden contactar para que los ayuden a comprender las disposiciones sobre la educaci\u00f3n especial; y una notificaci\u00f3n de las garant\u00edas procesales. [34 C.F.R. Secs. 300.102(a)(3)(iii) &amp; 300.503; Cal. Ed. Code Sec. 56500.4].<\/p>\n","protected":false},"excerpt":{"rendered":"<p>S\u00ed. La graduaci\u00f3n con un diploma normal de la escuela secundaria har\u00e1 que su hijo ya no re\u00fana los requisitos para los servicios de educaci\u00f3n&hellip;<\/p>\n","protected":false},"author":1,"featured_media":0,"parent":321,"menu_order":79,"comment_status":"closed","ping_status":"closed","template":"","meta":{"footnotes":""},"class_list":["post-1796","page","type-page","status-publish","hentry"],"_links":{"self":[{"href":"https:\/\/serr.disabilityrightsca.org\/sp\/wp-json\/wp\/v2\/pages\/1796","targetHints":{"allow":["GET"]}}],"collection":[{"href":"https:\/\/serr.disabilityrightsca.org\/sp\/wp-json\/wp\/v2\/pages"}],"about":[{"href":"https:\/\/serr.disabilityrightsca.org\/sp\/wp-json\/wp\/v2\/types\/page"}],"author":[{"embeddable":true,"href":"https:\/\/serr.disabilityrightsca.org\/sp\/wp-json\/wp\/v2\/users\/1"}],"replies":[{"embeddable":true,"href":"https:\/\/serr.disabilityrightsca.org\/sp\/wp-json\/wp\/v2\/comments?post=1796"}],"version-history":[{"count":2,"href":"https:\/\/serr.disabilityrightsca.org\/sp\/wp-json\/wp\/v2\/pages\/1796\/revisions"}],"predecessor-version":[{"id":3616,"href":"https:\/\/serr.disabilityrightsca.org\/sp\/wp-json\/wp\/v2\/pages\/1796\/revisions\/3616"}],"up":[{"embeddable":true,"href":"https:\/\/serr.disabilityrightsca.org\/sp\/wp-json\/wp\/v2\/pages\/321"}],"wp:attachment":[{"href":"https:\/\/serr.disabilityrightsca.org\/sp\/wp-json\/wp\/v2\/media?parent=1796"}],"curies":[{"name":"wp","href":"https:\/\/api.w.org\/{rel}","templated":true}]}}