{"id":1800,"date":"2019-11-21T15:56:24","date_gmt":"2019-11-21T23:56:24","guid":{"rendered":"http:\/\/serr.disabilityrightsca.org\/?page_id=1800"},"modified":"2020-08-06T16:26:40","modified_gmt":"2020-08-06T23:26:40","slug":"1-81-si-mi-hijo-no-recibe-un-diploma-normal-pero-recibira-un-certificado-de-logros-o-de-finalizacion-continua-siendo-elegible-para-recibir-educacion-especial","status":"publish","type":"page","link":"https:\/\/serr.disabilityrightsca.org\/sp\/serr-manual\/capitulo-1-informacion-sobre-derechos-fundamentales\/1-81-si-mi-hijo-no-recibe-un-diploma-normal-pero-recibira-un-certificado-de-logros-o-de-finalizacion-continua-siendo-elegible-para-recibir-educacion-especial\/","title":{"rendered":"(1.81) Si mi hijo no recibe un diploma normal, pero recibir\u00e1 un certificado de logros o de finalizaci\u00f3n, \u00bfcontin\u00faa siendo elegible para recibir educaci\u00f3n especial?"},"content":{"rendered":"\n<p>Su hijo es elegible para recibir servicios de educaci\u00f3n especial hasta que cumpla 22 a\u00f1os, a menos que cumpla con los requisitos para la graduaci\u00f3n antes de ese momento. [34 C.F.R. Sec. 300.102(a)(3)(ii); Cal. Ed. Code Secs. 56026(c)(4) &amp; 56026.1]. Sin embargo, si su hijo no se grad\u00faa, igualmente puede recibir un \u201ccertificado de logros\u201d (\u201ccertificado de finalizaci\u00f3n\u201d) al final del \u00faltimo a\u00f1o escolar t\u00edpico o en cualquier momento antes de la salida del distrito escolar a los 22 a\u00f1os. El certificado puede otorgar cierto reconocimiento a los alumnos que cumplen con los objetivos del IEP o que terminan el programa de estudios obligatorio alternativo, pero que no recibir\u00e1n un diploma normal. El certificado tambi\u00e9n se cre\u00f3 para superar las objeciones de los funcionarios del distrito que creen que los alumnos de educaci\u00f3n especial no deben participar de las ceremonias de graduaci\u00f3n con sus compa\u00f1eros de la misma edad cuando no se les entrega un diploma. Dado que el certificado no le pone fin a la elegibilidad, el alumno que lo recibe puede continuar estudiando para recibir el diploma normal. [Cal. Ed. Code Secs. 56390 &amp; 56392].\u00a0 Consulte la pregunta <a href=\"https:\/\/serr.disabilityrightsca.org\/sp\/serr-manual\/capitulo-1-informacion-sobre-derechos-fundamentales\/\">1 <\/a>en el cap\u00edtulo <a href=\"https:\/\/serr.disabilityrightsca.org\/sp\/serr-manual\/capitulo-3-informacion-sobre-los-criterios-de-elegibilidad\/\">3<\/a> para obtener m\u00e1s informaci\u00f3n. <\/p>\n","protected":false},"excerpt":{"rendered":"<p>Su hijo es elegible para recibir servicios de educaci\u00f3n especial hasta que cumpla 22 a\u00f1os, a menos que cumpla con los requisitos para la graduaci\u00f3n&hellip;<\/p>\n","protected":false},"author":1,"featured_media":0,"parent":321,"menu_order":81,"comment_status":"closed","ping_status":"closed","template":"","meta":{"footnotes":""},"class_list":["post-1800","page","type-page","status-publish","hentry"],"_links":{"self":[{"href":"https:\/\/serr.disabilityrightsca.org\/sp\/wp-json\/wp\/v2\/pages\/1800","targetHints":{"allow":["GET"]}}],"collection":[{"href":"https:\/\/serr.disabilityrightsca.org\/sp\/wp-json\/wp\/v2\/pages"}],"about":[{"href":"https:\/\/serr.disabilityrightsca.org\/sp\/wp-json\/wp\/v2\/types\/page"}],"author":[{"embeddable":true,"href":"https:\/\/serr.disabilityrightsca.org\/sp\/wp-json\/wp\/v2\/users\/1"}],"replies":[{"embeddable":true,"href":"https:\/\/serr.disabilityrightsca.org\/sp\/wp-json\/wp\/v2\/comments?post=1800"}],"version-history":[{"count":3,"href":"https:\/\/serr.disabilityrightsca.org\/sp\/wp-json\/wp\/v2\/pages\/1800\/revisions"}],"predecessor-version":[{"id":4191,"href":"https:\/\/serr.disabilityrightsca.org\/sp\/wp-json\/wp\/v2\/pages\/1800\/revisions\/4191"}],"up":[{"embeddable":true,"href":"https:\/\/serr.disabilityrightsca.org\/sp\/wp-json\/wp\/v2\/pages\/321"}],"wp:attachment":[{"href":"https:\/\/serr.disabilityrightsca.org\/sp\/wp-json\/wp\/v2\/media?parent=1800"}],"curies":[{"name":"wp","href":"https:\/\/api.w.org\/{rel}","templated":true}]}}