{"id":1804,"date":"2019-11-21T15:58:13","date_gmt":"2019-11-21T23:58:13","guid":{"rendered":"http:\/\/serr.disabilityrightsca.org\/?page_id=1804"},"modified":"2020-07-01T16:35:38","modified_gmt":"2020-07-01T23:35:38","slug":"1-83-se-brindan-servicios-para-bebes-y-ninos-pequenos-con-discapacidades-conforme-a-las-leyes-federales-de-educacion-especial","status":"publish","type":"page","link":"https:\/\/serr.disabilityrightsca.org\/sp\/serr-manual\/capitulo-1-informacion-sobre-derechos-fundamentales\/1-83-se-brindan-servicios-para-bebes-y-ninos-pequenos-con-discapacidades-conforme-a-las-leyes-federales-de-educacion-especial\/","title":{"rendered":"(1.83) \u00bfSe brindan servicios para beb\u00e9s y ni\u00f1os peque\u00f1os con discapacidades conforme a las leyes federales de educaci\u00f3n especial?"},"content":{"rendered":"\n<p>S\u00ed. La Parte C de la ley IDEA rige el programa federal de \u201cintervenci\u00f3n temprana\u201d para beb\u00e9s y ni\u00f1os peque\u00f1os desde su nacimiento hasta los dos a\u00f1os de edad. El t\u00e9rmino \u201cbeb\u00e9s y ni\u00f1os peque\u00f1os con discapacidades\u201d se refiere a ni\u00f1os menores de tres a\u00f1os que necesitan servicios de intervenci\u00f3n temprana, ya que presentan un retraso en las \u00e1reas del desarrollo cognitivo, desarrollo f\u00edsico, desarrollo de las habilidades del habla y el lenguaje, desarrollo social o emocional, o en las habilidades de autoayuda. Adem\u00e1s, el t\u00e9rmino tambi\u00e9n incluye a los beb\u00e9s y ni\u00f1os peque\u00f1os con una afecci\u00f3n f\u00edsica o mental diagnosticada que normalmente deriva en un retraso en el desarrollo. El estado tambi\u00e9n puede determinar que el t\u00e9rmino incluya a ni\u00f1os menores de tres a\u00f1os que est\u00e9n en riesgo de exhibir retrasos significativos en el desarrollo. Cada estado determina los criterios para estas definiciones. California ha adoptado el criterio que incluye el riesgo. [34 C.F.R. Sec. 303.13; Cal. Gov. Code Sec. 95014(a)]<\/p>\n","protected":false},"excerpt":{"rendered":"<p>S\u00ed. La Parte C de la ley IDEA rige el programa federal de \u201cintervenci\u00f3n temprana\u201d para beb\u00e9s y ni\u00f1os peque\u00f1os desde su nacimiento hasta los&hellip;<\/p>\n","protected":false},"author":1,"featured_media":0,"parent":321,"menu_order":83,"comment_status":"closed","ping_status":"closed","template":"","meta":{"footnotes":""},"class_list":["post-1804","page","type-page","status-publish","hentry"],"_links":{"self":[{"href":"https:\/\/serr.disabilityrightsca.org\/sp\/wp-json\/wp\/v2\/pages\/1804","targetHints":{"allow":["GET"]}}],"collection":[{"href":"https:\/\/serr.disabilityrightsca.org\/sp\/wp-json\/wp\/v2\/pages"}],"about":[{"href":"https:\/\/serr.disabilityrightsca.org\/sp\/wp-json\/wp\/v2\/types\/page"}],"author":[{"embeddable":true,"href":"https:\/\/serr.disabilityrightsca.org\/sp\/wp-json\/wp\/v2\/users\/1"}],"replies":[{"embeddable":true,"href":"https:\/\/serr.disabilityrightsca.org\/sp\/wp-json\/wp\/v2\/comments?post=1804"}],"version-history":[{"count":2,"href":"https:\/\/serr.disabilityrightsca.org\/sp\/wp-json\/wp\/v2\/pages\/1804\/revisions"}],"predecessor-version":[{"id":3620,"href":"https:\/\/serr.disabilityrightsca.org\/sp\/wp-json\/wp\/v2\/pages\/1804\/revisions\/3620"}],"up":[{"embeddable":true,"href":"https:\/\/serr.disabilityrightsca.org\/sp\/wp-json\/wp\/v2\/pages\/321"}],"wp:attachment":[{"href":"https:\/\/serr.disabilityrightsca.org\/sp\/wp-json\/wp\/v2\/media?parent=1804"}],"curies":[{"name":"wp","href":"https:\/\/api.w.org\/{rel}","templated":true}]}}