{"id":1806,"date":"2019-11-21T15:59:08","date_gmt":"2019-11-21T23:59:08","guid":{"rendered":"http:\/\/serr.disabilityrightsca.org\/?page_id=1806"},"modified":"2020-07-01T16:37:09","modified_gmt":"2020-07-01T23:37:09","slug":"1-84-california-tiene-una-legislacion-propia-que-afecte-a-los-bebes-y-ninos-pequenos","status":"publish","type":"page","link":"https:\/\/serr.disabilityrightsca.org\/sp\/serr-manual\/capitulo-1-informacion-sobre-derechos-fundamentales\/1-84-california-tiene-una-legislacion-propia-que-afecte-a-los-bebes-y-ninos-pequenos\/","title":{"rendered":"(1.84) \u00bfCalifornia tiene una legislaci\u00f3n propia que afecte a los beb\u00e9s y ni\u00f1os peque\u00f1os?"},"content":{"rendered":"\n<p>S\u00ed. La Ley de Servicios de Intervenci\u00f3n Temprana (Early Intervention Services Act) de California se dise\u00f1\u00f3 para \u201cproporcionar un sistema estatal de programas coordinados, integrales, centrados en la familia, multidisciplinarios e interinstitucionales con el fin de brindar servicios y apoyos adecuados de intervenci\u00f3n temprana para todos los beb\u00e9s y ni\u00f1os peque\u00f1os que resulten elegibles y para sus familias\u201d. [Cal. Gov. Code Sec. 95002].<\/p>\n","protected":false},"excerpt":{"rendered":"<p>S\u00ed. La Ley de Servicios de Intervenci\u00f3n Temprana (Early Intervention Services Act) de California se dise\u00f1\u00f3 para \u201cproporcionar un sistema estatal de programas coordinados, integrales,&hellip;<\/p>\n","protected":false},"author":1,"featured_media":0,"parent":321,"menu_order":84,"comment_status":"closed","ping_status":"closed","template":"","meta":{"footnotes":""},"class_list":["post-1806","page","type-page","status-publish","hentry"],"_links":{"self":[{"href":"https:\/\/serr.disabilityrightsca.org\/sp\/wp-json\/wp\/v2\/pages\/1806","targetHints":{"allow":["GET"]}}],"collection":[{"href":"https:\/\/serr.disabilityrightsca.org\/sp\/wp-json\/wp\/v2\/pages"}],"about":[{"href":"https:\/\/serr.disabilityrightsca.org\/sp\/wp-json\/wp\/v2\/types\/page"}],"author":[{"embeddable":true,"href":"https:\/\/serr.disabilityrightsca.org\/sp\/wp-json\/wp\/v2\/users\/1"}],"replies":[{"embeddable":true,"href":"https:\/\/serr.disabilityrightsca.org\/sp\/wp-json\/wp\/v2\/comments?post=1806"}],"version-history":[{"count":2,"href":"https:\/\/serr.disabilityrightsca.org\/sp\/wp-json\/wp\/v2\/pages\/1806\/revisions"}],"predecessor-version":[{"id":3621,"href":"https:\/\/serr.disabilityrightsca.org\/sp\/wp-json\/wp\/v2\/pages\/1806\/revisions\/3621"}],"up":[{"embeddable":true,"href":"https:\/\/serr.disabilityrightsca.org\/sp\/wp-json\/wp\/v2\/pages\/321"}],"wp:attachment":[{"href":"https:\/\/serr.disabilityrightsca.org\/sp\/wp-json\/wp\/v2\/media?parent=1806"}],"curies":[{"name":"wp","href":"https:\/\/api.w.org\/{rel}","templated":true}]}}