{"id":1808,"date":"2019-11-21T16:00:06","date_gmt":"2019-11-22T00:00:06","guid":{"rendered":"http:\/\/serr.disabilityrightsca.org\/?page_id=1808"},"modified":"2020-07-01T16:41:06","modified_gmt":"2020-07-01T23:41:06","slug":"1-85-cuales-son-los-organismos-responsables-de-garantizar-que-los-bebes-y-ninos-pequenos-accedan-a-los-servicios","status":"publish","type":"page","link":"https:\/\/serr.disabilityrightsca.org\/sp\/serr-manual\/capitulo-1-informacion-sobre-derechos-fundamentales\/1-85-cuales-son-los-organismos-responsables-de-garantizar-que-los-bebes-y-ninos-pequenos-accedan-a-los-servicios\/","title":{"rendered":"(1.85) \u00bfCu\u00e1les son los organismos responsables de garantizar que los beb\u00e9s y ni\u00f1os peque\u00f1os accedan a los servicios?"},"content":{"rendered":"\n<p>El CDE es responsable de administrar los\nservicios y brindar programas educativos para beb\u00e9s que cumplen con los\nsiguientes criterios:<\/p>\n\n\n\n<p>(1) tener exclusivamente discapacidades \u201cde\nbaja incidencia\u201d: afecciones presentes en menos del 1&nbsp;% de la poblaci\u00f3n\nescolar, que son exclusivamente deficiencias visuales y auditivas o problemas\nortop\u00e9dicos graves, o toda combinaci\u00f3n de estos;<\/p>\n\n\n\n<p>(2) necesitar educaci\u00f3n y servicios especiales\ne intensivos.<\/p>\n\n\n\n<p>El centro regional local es responsable de\nprestar servicios de intervenci\u00f3n temprana a todos los dem\u00e1s beb\u00e9s elegibles,\nincluidos los ni\u00f1os con retrasos en el desarrollo o con riesgo de retraso. [Cal. Ed. Code Secs.\n56026 &amp; 56026.5; Cal. Gov. Code Sec. 95008; Cal. Welf. &amp; Inst. Code Sec. 4435; 5 C.C.R. Sec.\n3031].<\/p>\n\n\n\n<p>Las responsabilidades sobre los servicios deben\nestar bien especificadas en el Plan de Servicio Familiar Individualizado\n(Individualized Family Service Plan, IFSP) del ni\u00f1o. [Cal. Gov. Code Sec.\n95014(d)].<\/p>\n","protected":false},"excerpt":{"rendered":"<p>El CDE es responsable de administrar los servicios y brindar programas educativos para beb\u00e9s que cumplen con los siguientes criterios: (1) tener exclusivamente discapacidades \u201cde&hellip;<\/p>\n","protected":false},"author":1,"featured_media":0,"parent":321,"menu_order":85,"comment_status":"closed","ping_status":"closed","template":"","meta":{"footnotes":""},"class_list":["post-1808","page","type-page","status-publish","hentry"],"_links":{"self":[{"href":"https:\/\/serr.disabilityrightsca.org\/sp\/wp-json\/wp\/v2\/pages\/1808","targetHints":{"allow":["GET"]}}],"collection":[{"href":"https:\/\/serr.disabilityrightsca.org\/sp\/wp-json\/wp\/v2\/pages"}],"about":[{"href":"https:\/\/serr.disabilityrightsca.org\/sp\/wp-json\/wp\/v2\/types\/page"}],"author":[{"embeddable":true,"href":"https:\/\/serr.disabilityrightsca.org\/sp\/wp-json\/wp\/v2\/users\/1"}],"replies":[{"embeddable":true,"href":"https:\/\/serr.disabilityrightsca.org\/sp\/wp-json\/wp\/v2\/comments?post=1808"}],"version-history":[{"count":2,"href":"https:\/\/serr.disabilityrightsca.org\/sp\/wp-json\/wp\/v2\/pages\/1808\/revisions"}],"predecessor-version":[{"id":3622,"href":"https:\/\/serr.disabilityrightsca.org\/sp\/wp-json\/wp\/v2\/pages\/1808\/revisions\/3622"}],"up":[{"embeddable":true,"href":"https:\/\/serr.disabilityrightsca.org\/sp\/wp-json\/wp\/v2\/pages\/321"}],"wp:attachment":[{"href":"https:\/\/serr.disabilityrightsca.org\/sp\/wp-json\/wp\/v2\/media?parent=1808"}],"curies":[{"name":"wp","href":"https:\/\/api.w.org\/{rel}","templated":true}]}}