{"id":1814,"date":"2019-11-21T16:03:07","date_gmt":"2019-11-22T00:03:07","guid":{"rendered":"http:\/\/serr.disabilityrightsca.org\/?page_id=1814"},"modified":"2020-08-06T16:29:42","modified_gmt":"2020-08-06T23:29:42","slug":"1-88-los-distritos-escolares-son-responsables-de-brindar-servicios-de-educacion-especial-a-los-ninos-de-tres-a-cinco-anos","status":"publish","type":"page","link":"https:\/\/serr.disabilityrightsca.org\/sp\/serr-manual\/capitulo-1-informacion-sobre-derechos-fundamentales\/1-88-los-distritos-escolares-son-responsables-de-brindar-servicios-de-educacion-especial-a-los-ninos-de-tres-a-cinco-anos\/","title":{"rendered":"(1.88) \u00bfLos distritos escolares son responsables de brindar servicios de educaci\u00f3n especial a los ni\u00f1os de tres a cinco a\u00f1os?"},"content":{"rendered":"\n<p>S\u00ed. De conformidad con la ley de California,\ntodos los distritos tienen la obligaci\u00f3n de proporcionar servicios de educaci\u00f3n\nespecial y servicios relacionados para todos los ni\u00f1os elegibles entre <\/p>\n\n\n\n<p>&nbsp;los tres\ny cinco a\u00f1os de edad, inclusive. [Cal. Ed. Code Secs. 56001(b) &amp; 56440(c)].<\/p>\n\n\n\n<p>Si un ni\u00f1o ya recibe los servicios de \u201cintervenci\u00f3n temprana\u201d o del \u201cPrograma de inicio temprano\u201d del distrito, este debe garantizar que experimente una transici\u00f3n eficaz y sin inconvenientes a los programas de preescolar. [20 U.S.C. Sec. 1437(a)(9); Cal. Ed. Code Sec. 56426.9(a)]. Tambi\u00e9n debe asegurarse de que el IEP se haya desarrollado e implementado para la fecha en la que el ni\u00f1o cumpla los tres a\u00f1os de edad. [34 C.F.R. Sec. 300.124(b); Cal. Ed. Code Sec. 56426.9(b)]. Si un ni\u00f1o cumple tres a\u00f1os durante los meses del verano, el equipo del IEP debe determinar la fecha de inicio de la prestaci\u00f3n de los servicios del IEP. [Cal. Ed. Code Sec. 56426.9(d)]. El distrito debe participar en conferencias de planificaci\u00f3n de la transici\u00f3n organizadas por el centro regional. [20 U.S.C. Sec. 1437(a)(9); Cal. Ed. Code Sec. 56426.9(c)]. Consulte el <a href=\"https:\/\/serr.disabilityrightsca.org\/sp\/serr-manual\/capitulo-12-informacion-sobre-los-servicios-de-intervencion-temprana\/\">cap\u00edtulo 12, <em>Informaci\u00f3n sobre los servicios intervenci\u00f3n temprana.<\/em><\/a><\/p>\n","protected":false},"excerpt":{"rendered":"<p>S\u00ed. De conformidad con la ley de California, todos los distritos tienen la obligaci\u00f3n de proporcionar servicios de educaci\u00f3n especial y servicios relacionados para todos&hellip;<\/p>\n","protected":false},"author":1,"featured_media":0,"parent":321,"menu_order":88,"comment_status":"closed","ping_status":"closed","template":"","meta":{"footnotes":""},"class_list":["post-1814","page","type-page","status-publish","hentry"],"_links":{"self":[{"href":"https:\/\/serr.disabilityrightsca.org\/sp\/wp-json\/wp\/v2\/pages\/1814","targetHints":{"allow":["GET"]}}],"collection":[{"href":"https:\/\/serr.disabilityrightsca.org\/sp\/wp-json\/wp\/v2\/pages"}],"about":[{"href":"https:\/\/serr.disabilityrightsca.org\/sp\/wp-json\/wp\/v2\/types\/page"}],"author":[{"embeddable":true,"href":"https:\/\/serr.disabilityrightsca.org\/sp\/wp-json\/wp\/v2\/users\/1"}],"replies":[{"embeddable":true,"href":"https:\/\/serr.disabilityrightsca.org\/sp\/wp-json\/wp\/v2\/comments?post=1814"}],"version-history":[{"count":4,"href":"https:\/\/serr.disabilityrightsca.org\/sp\/wp-json\/wp\/v2\/pages\/1814\/revisions"}],"predecessor-version":[{"id":4192,"href":"https:\/\/serr.disabilityrightsca.org\/sp\/wp-json\/wp\/v2\/pages\/1814\/revisions\/4192"}],"up":[{"embeddable":true,"href":"https:\/\/serr.disabilityrightsca.org\/sp\/wp-json\/wp\/v2\/pages\/321"}],"wp:attachment":[{"href":"https:\/\/serr.disabilityrightsca.org\/sp\/wp-json\/wp\/v2\/media?parent=1814"}],"curies":[{"name":"wp","href":"https:\/\/api.w.org\/{rel}","templated":true}]}}