{"id":1820,"date":"2019-11-21T16:07:16","date_gmt":"2019-11-22T00:07:16","guid":{"rendered":"http:\/\/serr.disabilityrightsca.org\/?page_id=1820"},"modified":"2020-08-06T16:35:17","modified_gmt":"2020-08-06T23:35:17","slug":"1-91-quienes-cumplen-con-los-requisitos-para-recibir-educacion-especial-conforme-a-la-categoria-de-otros-problemas-de-salud","status":"publish","type":"page","link":"https:\/\/serr.disabilityrightsca.org\/sp\/serr-manual\/capitulo-1-informacion-sobre-derechos-fundamentales\/1-91-quienes-cumplen-con-los-requisitos-para-recibir-educacion-especial-conforme-a-la-categoria-de-otros-problemas-de-salud\/","title":{"rendered":"(1.91) \u00bfQui\u00e9nes cumplen con los requisitos para recibir educaci\u00f3n especial conforme a la categor\u00eda de \u201cotros problemas de salud\u201d?"},"content":{"rendered":"\n<p>Los alumnos que cumplen con los requisitos para recibir educaci\u00f3n especial conforme a esta categor\u00eda presentan limitaciones en cuesti\u00f3n de fuerza, vitalidad o atenci\u00f3n (incluido un estado de alerta agudizado ante los est\u00edmulos ambientales que tiene como consecuencia la falta de atenci\u00f3n en el entorno educativo), que se deben a problemas de salud cr\u00f3nicos o agudos \u2014incluidos, entre otros, los siguientes: problemas card\u00edacos; c\u00e1ncer; leucemia; fiebre reum\u00e1tica; enfermedad renal cr\u00f3nica; fibrosis qu\u00edstica; asma; epilepsia; intoxicaci\u00f3n con plomo; diabetes; tuberculosis y otras enfermedades contagiosas; trastornos hematol\u00f3gicos, como anemia de c\u00e9lulas falciformes y hemofilia; nefritis; trastorno de d\u00e9ficit de atenci\u00f3n o trastorno de d\u00e9ficit de atenci\u00f3n con hiperactividad; o s\u00edndrome de Tourette\u2014 y que <em>afectan de manera negativa<\/em> el rendimiento educativo del alumno. [34 C.F.R. Sec. 300.8(c)(9); 5 C.C.R. Sec. 3030(f)]. La medici\u00f3n del \u201cefecto negativo\u201d en el rendimiento educativo puede basarse en las calificaciones del alumno, pero tambi\u00e9n puede considerar otras maneras en las que su problema afecta sus actividades escolares. Consulte el <a href=\"https:\/\/serr.disabilityrightsca.org\/sp\/serr-manual\/capitulo-14-informacion-sobre-los-derechos-de-los-alumnos-con-enfermedades-graves\/\">cap\u00edtulo 14, <em>Informaci\u00f3n sobre los derechos de los alumnos con enfermedades graves<\/em>.<\/a><\/p>\n","protected":false},"excerpt":{"rendered":"<p>Los alumnos que cumplen con los requisitos para recibir educaci\u00f3n especial conforme a esta categor\u00eda presentan limitaciones en cuesti\u00f3n de fuerza, vitalidad o atenci\u00f3n (incluido&hellip;<\/p>\n","protected":false},"author":1,"featured_media":0,"parent":321,"menu_order":91,"comment_status":"closed","ping_status":"closed","template":"","meta":{"footnotes":""},"class_list":["post-1820","page","type-page","status-publish","hentry"],"_links":{"self":[{"href":"https:\/\/serr.disabilityrightsca.org\/sp\/wp-json\/wp\/v2\/pages\/1820","targetHints":{"allow":["GET"]}}],"collection":[{"href":"https:\/\/serr.disabilityrightsca.org\/sp\/wp-json\/wp\/v2\/pages"}],"about":[{"href":"https:\/\/serr.disabilityrightsca.org\/sp\/wp-json\/wp\/v2\/types\/page"}],"author":[{"embeddable":true,"href":"https:\/\/serr.disabilityrightsca.org\/sp\/wp-json\/wp\/v2\/users\/1"}],"replies":[{"embeddable":true,"href":"https:\/\/serr.disabilityrightsca.org\/sp\/wp-json\/wp\/v2\/comments?post=1820"}],"version-history":[{"count":4,"href":"https:\/\/serr.disabilityrightsca.org\/sp\/wp-json\/wp\/v2\/pages\/1820\/revisions"}],"predecessor-version":[{"id":4194,"href":"https:\/\/serr.disabilityrightsca.org\/sp\/wp-json\/wp\/v2\/pages\/1820\/revisions\/4194"}],"up":[{"embeddable":true,"href":"https:\/\/serr.disabilityrightsca.org\/sp\/wp-json\/wp\/v2\/pages\/321"}],"wp:attachment":[{"href":"https:\/\/serr.disabilityrightsca.org\/sp\/wp-json\/wp\/v2\/media?parent=1820"}],"curies":[{"name":"wp","href":"https:\/\/api.w.org\/{rel}","templated":true}]}}