{"id":1828,"date":"2019-11-21T16:11:12","date_gmt":"2019-11-22T00:11:12","guid":{"rendered":"http:\/\/serr.disabilityrightsca.org\/?page_id=1828"},"modified":"2020-08-06T16:37:22","modified_gmt":"2020-08-06T23:37:22","slug":"1-95-mi-hijo-es-un-alumno-de-educacion-especial-pero-debe-recibir-educacion-en-hogar-durante-un-tiempo-debido-a-cuestiones-de-salud-relacionadas-con-su-discapacidad-el-distrito-manifiesta-que-pres","status":"publish","type":"page","link":"https:\/\/serr.disabilityrightsca.org\/sp\/serr-manual\/capitulo-1-informacion-sobre-derechos-fundamentales\/1-95-mi-hijo-es-un-alumno-de-educacion-especial-pero-debe-recibir-educacion-en-hogar-durante-un-tiempo-debido-a-cuestiones-de-salud-relacionadas-con-su-discapacidad-el-distrito-manifiesta-que-pres\/","title":{"rendered":"(1.95) Mi hijo es un alumno de educaci\u00f3n especial, pero debe recibir educaci\u00f3n en hogar durante un tiempo debido a cuestiones de salud relacionadas con su discapacidad. El distrito manifiesta que prestar\u00e1 \u201cinstrucci\u00f3n en el hogar\u201d durante una hora por d\u00eda, sin incluir los servicios relacionados. \u00bfPuede hacer esto el distrito?"},"content":{"rendered":"\n<p>La instrucci\u00f3n en el hogar (a veces, denominada\n\u201cdomiciliaria\/hospitalaria\u201d) es una opci\u00f3n de colocaci\u00f3n educativa que est\u00e1\ndisponible para los alumnos con discapacidades que no pueden recibir educaci\u00f3n\nen una escuela p\u00fablica. Por lo general, los alumnos en esta colocaci\u00f3n tienen\ngraves necesidades de salud o problemas de conducta.<\/p>\n\n\n\n<p>Todos los alumnos de educaci\u00f3n especial tienen derecho a participar en un programa individualizado de instrucci\u00f3n especializada y a recibir los servicios relacionados dise\u00f1ados para satisfacer sus necesidades \u00fanicas y que tienen como resultado un beneficio educativo. [<em>Board of Education v. Rowley<\/em>, 102 S. Ct. 3034 (U.S. 1982)]. La fijaci\u00f3n arbitraria de l\u00edmites de una o dos horas por d\u00eda de instrucci\u00f3n en el hogar, sin una evaluaci\u00f3n individualizada previa de la colocaci\u00f3n y los servicios relacionados, no satisface las necesidades \u00fanicas de su hijo. Por ende, todo programa de instrucci\u00f3n en el hogar, incluida la necesidad de los servicios relacionados, debe desarrollarse en una reuni\u00f3n del equipo del IEP y debe basarse en las necesidades individuales de su hijo. Consulte el <a href=\"https:\/\/serr.disabilityrightsca.org\/sp\/serr-manual\/capitulo-4-informacion-sobre-el-proceso-del-iep\/\">cap\u00edtulo 4, <em>Informaci\u00f3n sobre el proceso del IEP<\/em>.<\/a><\/p>\n","protected":false},"excerpt":{"rendered":"<p>La instrucci\u00f3n en el hogar (a veces, denominada \u201cdomiciliaria\/hospitalaria\u201d) es una opci\u00f3n de colocaci\u00f3n educativa que est\u00e1 disponible para los alumnos con discapacidades que no&hellip;<\/p>\n","protected":false},"author":1,"featured_media":0,"parent":321,"menu_order":95,"comment_status":"closed","ping_status":"closed","template":"","meta":{"footnotes":""},"class_list":["post-1828","page","type-page","status-publish","hentry"],"_links":{"self":[{"href":"https:\/\/serr.disabilityrightsca.org\/sp\/wp-json\/wp\/v2\/pages\/1828","targetHints":{"allow":["GET"]}}],"collection":[{"href":"https:\/\/serr.disabilityrightsca.org\/sp\/wp-json\/wp\/v2\/pages"}],"about":[{"href":"https:\/\/serr.disabilityrightsca.org\/sp\/wp-json\/wp\/v2\/types\/page"}],"author":[{"embeddable":true,"href":"https:\/\/serr.disabilityrightsca.org\/sp\/wp-json\/wp\/v2\/users\/1"}],"replies":[{"embeddable":true,"href":"https:\/\/serr.disabilityrightsca.org\/sp\/wp-json\/wp\/v2\/comments?post=1828"}],"version-history":[{"count":4,"href":"https:\/\/serr.disabilityrightsca.org\/sp\/wp-json\/wp\/v2\/pages\/1828\/revisions"}],"predecessor-version":[{"id":4196,"href":"https:\/\/serr.disabilityrightsca.org\/sp\/wp-json\/wp\/v2\/pages\/1828\/revisions\/4196"}],"up":[{"embeddable":true,"href":"https:\/\/serr.disabilityrightsca.org\/sp\/wp-json\/wp\/v2\/pages\/321"}],"wp:attachment":[{"href":"https:\/\/serr.disabilityrightsca.org\/sp\/wp-json\/wp\/v2\/media?parent=1828"}],"curies":[{"name":"wp","href":"https:\/\/api.w.org\/{rel}","templated":true}]}}