{"id":1830,"date":"2019-11-21T16:11:59","date_gmt":"2019-11-22T00:11:59","guid":{"rendered":"http:\/\/serr.disabilityrightsca.org\/?page_id=1830"},"modified":"2024-07-25T15:40:59","modified_gmt":"2024-07-25T22:40:59","slug":"1-96-debere-comprar-equipos-necesarios-como-una-computadora-u-otro-dispositivo-tecnologico-si-mi-hijo-recibe-instruccion-en-el-hogar","status":"publish","type":"page","link":"https:\/\/serr.disabilityrightsca.org\/sp\/serr-manual\/capitulo-1-informacion-sobre-derechos-fundamentales\/1-96-debere-comprar-equipos-necesarios-como-una-computadora-u-otro-dispositivo-tecnologico-si-mi-hijo-recibe-instruccion-en-el-hogar\/","title":{"rendered":"(1.96) \u00bfDeber\u00e9 comprar equipos necesarios, como una computadora u otro dispositivo tecnol\u00f3gico, si mi hijo recibe instrucci\u00f3n en el hogar?"},"content":{"rendered":"\n<p>No. Como parte de su FAPE, deben brindarse todos los equipos o dispositivos tecnol\u00f3gicos necesarios para permitirle a su hijo beneficiarse de la instrucci\u00f3n en el hogar, para acceder al programa de estudios general o progresar en este, o para garantizar el progreso en cuanto a sus objetivos del IEP o del plan 504. [20 U.S.C. Sec. 1401(9); 34 C.F.R. Secs. 104,33(c)(1) &amp; 300.105]. Si un alumno con una discapacidad temporal (que no tiene un plan 504 y no es un alumno de educaci\u00f3n especial) necesita utilizar un dispositivo, debe exigir que el distrito se lo brinde para facilitar la instrucci\u00f3n en el hogar que necesita. [Cal. Ed. Code Sec. 48206.3].<\/p>\n","protected":false},"excerpt":{"rendered":"<p>No. Como parte de su FAPE, deben brindarse todos los equipos o dispositivos tecnol\u00f3gicos necesarios para permitirle a su hijo beneficiarse de la instrucci\u00f3n en&hellip;<\/p>\n","protected":false},"author":1,"featured_media":0,"parent":321,"menu_order":96,"comment_status":"closed","ping_status":"closed","template":"","meta":{"footnotes":""},"class_list":["post-1830","page","type-page","status-publish","hentry"],"_links":{"self":[{"href":"https:\/\/serr.disabilityrightsca.org\/sp\/wp-json\/wp\/v2\/pages\/1830","targetHints":{"allow":["GET"]}}],"collection":[{"href":"https:\/\/serr.disabilityrightsca.org\/sp\/wp-json\/wp\/v2\/pages"}],"about":[{"href":"https:\/\/serr.disabilityrightsca.org\/sp\/wp-json\/wp\/v2\/types\/page"}],"author":[{"embeddable":true,"href":"https:\/\/serr.disabilityrightsca.org\/sp\/wp-json\/wp\/v2\/users\/1"}],"replies":[{"embeddable":true,"href":"https:\/\/serr.disabilityrightsca.org\/sp\/wp-json\/wp\/v2\/comments?post=1830"}],"version-history":[{"count":2,"href":"https:\/\/serr.disabilityrightsca.org\/sp\/wp-json\/wp\/v2\/pages\/1830\/revisions"}],"predecessor-version":[{"id":3633,"href":"https:\/\/serr.disabilityrightsca.org\/sp\/wp-json\/wp\/v2\/pages\/1830\/revisions\/3633"}],"up":[{"embeddable":true,"href":"https:\/\/serr.disabilityrightsca.org\/sp\/wp-json\/wp\/v2\/pages\/321"}],"wp:attachment":[{"href":"https:\/\/serr.disabilityrightsca.org\/sp\/wp-json\/wp\/v2\/media?parent=1830"}],"curies":[{"name":"wp","href":"https:\/\/api.w.org\/{rel}","templated":true}]}}