{"id":1834,"date":"2019-11-21T16:16:22","date_gmt":"2019-11-22T00:16:22","guid":{"rendered":"http:\/\/serr.disabilityrightsca.org\/?page_id=1834"},"modified":"2020-08-06T16:38:36","modified_gmt":"2020-08-06T23:38:36","slug":"1-98-mi-hijo-necesita-tomar-sus-medicamentos-mientras-se-encuentra-en-la-escuela-que-asistencia-debe-brindar-la-escuela-para-garantizar-que-lo-haga-mi-hijo-puede-administrarse-sus-prop","status":"publish","type":"page","link":"https:\/\/serr.disabilityrightsca.org\/sp\/serr-manual\/capitulo-1-informacion-sobre-derechos-fundamentales\/1-98-mi-hijo-necesita-tomar-sus-medicamentos-mientras-se-encuentra-en-la-escuela-que-asistencia-debe-brindar-la-escuela-para-garantizar-que-lo-haga-mi-hijo-puede-administrarse-sus-prop\/","title":{"rendered":"(1.98) Mi hijo necesita tomar sus medicamentos mientras se encuentra en la escuela. \u00bfQu\u00e9 asistencia debe brindar la escuela para garantizar que lo haga? \u00bfMi hijo puede administrarse sus propios medicamentos?"},"content":{"rendered":"\n<p>Las leyes estatales estipulan que los distritos\nescolares pueden pedirles a los enfermeros escolares o a otras personas que\nayuden a los alumnos a tomar sus medicamentos, siempre que el proveedor de\nservicios de salud autorizado del alumno especifique el m\u00e9todo, la dosis y el\nhorario de administraci\u00f3n del medicamento (y otra de informaci\u00f3n relevante\nexigida por la escuela) y que los padres soliciten la asistencia por escrito.\nEl proveedor de servicios de salud autorizado es una persona matriculada en\nCalifornia con autorizaci\u00f3n para recetar medicamentos. [5 C.C.R. Secs. 600\n&amp; 601(a); Cal. Ed. Code Sec. 49423].<\/p>\n\n\n\n<p>Su hijo puede llevar y administrarse <em>epinefrina\nautoinyectable o medicamentos de inhalaci\u00f3n para el asma recetados<\/em> siempre\nque el distrito reciba su autorizaci\u00f3n y la del proveedor de servicios de salud\nde su hijo por escrito. La declaraci\u00f3n del m\u00e9dico o cirujano de su hijo debe\nincluir el nombre del medicamento, el m\u00e9todo de administraci\u00f3n, la dosis y el\nhorario en el que debe administrarse. Usted deber\u00e1 prestar su consentimiento\npor escrito para que su hijo pueda administrarse los medicamentos y para que el\npersonal escolar pueda comunicarse directamente con los proveedores de\nservicios de salud de su hijo. [Cal Ed. Code Secs.\n49423(a) and (b)(2)]. Adem\u00e1s, los distritos <em>pueden<\/em> brindarles\nautoinyectores de epinefrina a miembros del personal que est\u00e1n capacitados para\nbrindar asistencia m\u00e9dica de emergencia a las personas que sufren una reacci\u00f3n\nanafil\u00e1ctica. [Cal. Ed. Code Sec. 49414(a)].<\/p>\n\n\n\n<p>Asimismo, si su hijo tiene diabetes y es capaz de <em>autoevaluar y controlar sus niveles de glucosa en sangre<\/em>, podr\u00e1 hacerlo y ocuparse de su <em>cuidado personal <\/em>en la escuela, siempre que usted lo solicite por escrito. Esto puede darse en el aula o en cualquier otra \u00e1rea de la escuela, durante cualquier actividad escolar y (tras su solicitud espec\u00edfica) en un lugar privado. Para ello, tambi\u00e9n deber\u00e1 presentar la autorizaci\u00f3n de su proveedor de servicios de salud. [Cal. Ed. Code Sec. 49414.5(c)]. Consulte el <a href=\"https:\/\/serr.disabilityrightsca.org\/sp\/serr-manual\/capitulo-14-informacion-sobre-los-derechos-de-los-alumnos-con-enfermedades-graves\/\">cap\u00edtulo 14, <em>Informaci\u00f3n sobre los derechos de los alumnos con enfermedades graves.<\/em><br><\/a><\/p>\n","protected":false},"excerpt":{"rendered":"<p>Las leyes estatales estipulan que los distritos escolares pueden pedirles a los enfermeros escolares o a otras personas que ayuden a los alumnos a tomar&hellip;<\/p>\n","protected":false},"author":1,"featured_media":0,"parent":321,"menu_order":98,"comment_status":"closed","ping_status":"closed","template":"","meta":{"footnotes":""},"class_list":["post-1834","page","type-page","status-publish","hentry"],"_links":{"self":[{"href":"https:\/\/serr.disabilityrightsca.org\/sp\/wp-json\/wp\/v2\/pages\/1834","targetHints":{"allow":["GET"]}}],"collection":[{"href":"https:\/\/serr.disabilityrightsca.org\/sp\/wp-json\/wp\/v2\/pages"}],"about":[{"href":"https:\/\/serr.disabilityrightsca.org\/sp\/wp-json\/wp\/v2\/types\/page"}],"author":[{"embeddable":true,"href":"https:\/\/serr.disabilityrightsca.org\/sp\/wp-json\/wp\/v2\/users\/1"}],"replies":[{"embeddable":true,"href":"https:\/\/serr.disabilityrightsca.org\/sp\/wp-json\/wp\/v2\/comments?post=1834"}],"version-history":[{"count":4,"href":"https:\/\/serr.disabilityrightsca.org\/sp\/wp-json\/wp\/v2\/pages\/1834\/revisions"}],"predecessor-version":[{"id":4197,"href":"https:\/\/serr.disabilityrightsca.org\/sp\/wp-json\/wp\/v2\/pages\/1834\/revisions\/4197"}],"up":[{"embeddable":true,"href":"https:\/\/serr.disabilityrightsca.org\/sp\/wp-json\/wp\/v2\/pages\/321"}],"wp:attachment":[{"href":"https:\/\/serr.disabilityrightsca.org\/sp\/wp-json\/wp\/v2\/media?parent=1834"}],"curies":[{"name":"wp","href":"https:\/\/api.w.org\/{rel}","templated":true}]}}