{"id":1837,"date":"2019-11-21T16:17:07","date_gmt":"2019-11-22T00:17:07","guid":{"rendered":"http:\/\/serr.disabilityrightsca.org\/?page_id=1837"},"modified":"2024-07-25T15:38:39","modified_gmt":"2024-07-25T22:38:39","slug":"1-99-que-sucede-con-el-programa-de-educacion-especial-de-mi-hijo-si-nos-mudamos-a-otro-distrito-escolar","status":"publish","type":"page","link":"https:\/\/serr.disabilityrightsca.org\/sp\/serr-manual\/capitulo-1-informacion-sobre-derechos-fundamentales\/1-99-que-sucede-con-el-programa-de-educacion-especial-de-mi-hijo-si-nos-mudamos-a-otro-distrito-escolar\/","title":{"rendered":"(1.99) \u00bfQu\u00e9 sucede con el programa de educaci\u00f3n especial de mi hijo si nos mudamos a otro distrito escolar?"},"content":{"rendered":"\n<p>Cuando un alumno se transfiere durante el a\u00f1o\nescolar a un nuevo distrito que no forma parte de la misma \u00c1rea del Plan Local\nde Educaci\u00f3n Especial (Special Education Local Plan Area, SELPA), el nuevo\ndistrito debe brindarle una FAPE al alumno, incluida la prestaci\u00f3n de servicios\nequiparables con los del IEP del distrito anterior durante los primeros 30 d\u00edas\nde asistencia en el nuevo distrito. (Una SELPA es una unidad administrativa de\nCalifornia que est\u00e1 compuesta por un \u00fanico distrito escolar grande, o por un\nconjunto de distritos m\u00e1s peque\u00f1os, que posee los recursos de educaci\u00f3n\nespecial necesarios). Durante los primeros 30 d\u00edas, el nuevo distrito debe\nadoptar el IEP <strong>del distrito escolar\nanterior<\/strong> o desarrollar e implementar un nuevo IEP que cumpla con las leyes\nfederales y estatales de educaci\u00f3n especial. [Cal. Ed. Code Sec. 56325(a)(1)].<\/p>\n\n\n\n<p>Si un alumno se muda a un nuevo distrito\nescolar <strong>que se encuentra dentro de la\nmisma SELPA<\/strong>, el nuevo distrito debe continuar brind\u00e1ndole sin demora\nservicios equiparables con aquellos incluidos en su IEP anterior, salvo que los\npadres y el distrito desarrollen e implementen un nuevo IEP. [Cal. Ed. Code\nSec. 56325(a)(2)].<\/p>\n\n\n\n<p>Si un alumno <strong>se transfiere a California con un IEP de otro estado<\/strong>, su nuevo\ndistrito debe brindarle una FAPE, incluida la prestaci\u00f3n de servicios\nequiparables con los de su IEP anterior, tras consultarlo con los padres, hasta\nque pueda llevar a cabo nuevas evaluaciones y desarrollar un nuevo IEP. [Cal.\nEd. Code Sec. 56325(a)(3)]. El nuevo distrito del alumno debe tomar las medidas\nnecesarias para obtener sus registros escolares sin demora. [20 U.S.C. Sec.\n1414(d)(2)(C)(ii); 34 C.F.R. Secs. 300.323(e) &amp; (f); Cal. Ed. Code Sec. 56325(b)(1)].<\/p>\n","protected":false},"excerpt":{"rendered":"<p>Cuando un alumno se transfiere durante el a\u00f1o escolar a un nuevo distrito que no forma parte de la misma \u00c1rea del Plan Local de&hellip;<\/p>\n","protected":false},"author":1,"featured_media":0,"parent":321,"menu_order":99,"comment_status":"closed","ping_status":"closed","template":"","meta":{"footnotes":""},"class_list":["post-1837","page","type-page","status-publish","hentry"],"_links":{"self":[{"href":"https:\/\/serr.disabilityrightsca.org\/sp\/wp-json\/wp\/v2\/pages\/1837","targetHints":{"allow":["GET"]}}],"collection":[{"href":"https:\/\/serr.disabilityrightsca.org\/sp\/wp-json\/wp\/v2\/pages"}],"about":[{"href":"https:\/\/serr.disabilityrightsca.org\/sp\/wp-json\/wp\/v2\/types\/page"}],"author":[{"embeddable":true,"href":"https:\/\/serr.disabilityrightsca.org\/sp\/wp-json\/wp\/v2\/users\/1"}],"replies":[{"embeddable":true,"href":"https:\/\/serr.disabilityrightsca.org\/sp\/wp-json\/wp\/v2\/comments?post=1837"}],"version-history":[{"count":2,"href":"https:\/\/serr.disabilityrightsca.org\/sp\/wp-json\/wp\/v2\/pages\/1837\/revisions"}],"predecessor-version":[{"id":3636,"href":"https:\/\/serr.disabilityrightsca.org\/sp\/wp-json\/wp\/v2\/pages\/1837\/revisions\/3636"}],"up":[{"embeddable":true,"href":"https:\/\/serr.disabilityrightsca.org\/sp\/wp-json\/wp\/v2\/pages\/321"}],"wp:attachment":[{"href":"https:\/\/serr.disabilityrightsca.org\/sp\/wp-json\/wp\/v2\/media?parent=1837"}],"curies":[{"name":"wp","href":"https:\/\/api.w.org\/{rel}","templated":true}]}}